{"id":13872,"date":"2026-02-09T14:16:40","date_gmt":"2026-02-09T14:16:40","guid":{"rendered":"https:\/\/www.dromont.com\/lignes-automatiques-e-commerce\/"},"modified":"2026-02-19T09:36:33","modified_gmt":"2026-02-19T09:36:33","slug":"lignes-automatiques-e-commerce","status":"publish","type":"page","link":"https:\/\/www.dromont.com\/fr\/solutions\/lignes-automatiques-e-commerce\/","title":{"rendered":"Lignes automatiques e-commerce"},"content":{"rendered":"<section class=\"l-section wpb_row us_custom_542b8ca0 height_medium\"><div class=\"l-section-overlay\" style=\"background:rgba(26,26,26,0.6)\"><\/div><div class=\"l-section-h i-cf\"><div class=\"g-cols vc_row via_grid cols_3-1 laptops-cols_inherit tablets-cols_inherit mobiles-cols_1 valign_middle type_default stacking_default\"><div class=\"wpb_column vc_column_container us_custom_7e20fa79 us_animate_this\"><div class=\"vc_column-inner\"><div class=\"wpb_text_column us_custom_de150e26 has_text_color\"><div class=\"wpb_wrapper\"><h1>Lignes automatiques e-commerce<\/h1>\n<\/div><\/div><div class=\"w-separator size_small\"><\/div><div class=\"wpb_text_column us_custom_836f727b has_text_color\"><div class=\"wpb_wrapper\"><h2>Fabrication de peinture juste-\u00e0-temps en bidon<span> <\/span>et<span> <\/span>en \u00e9chantillon<span> <\/span><\/h2>\n<\/div><\/div><\/div><\/div><div class=\"wpb_column vc_column_container\"><div class=\"vc_column-inner\"><\/div><\/div><\/div><\/div><\/section><section class=\"l-section wpb_row height_medium\"><div class=\"l-section-h i-cf\"><div class=\"g-cols vc_row via_grid cols_2 laptops-cols_inherit tablets-cols_inherit mobiles-cols_1 valign_middle type_default stacking_default\"><div class=\"wpb_column vc_column_container us_custom_7e20fa79 us_animate_this\"><div class=\"vc_column-inner\"><div class=\"wpb_text_column us_custom_432d3f53\"><div class=\"wpb_wrapper\"><p><span>La division e-commerce de Dromont associe les technologies Retail et InPlant pour r\u00e9pondre \u00e0 une v\u00e9ritable opportunit\u00e9 du XXIe si\u00e8cle : <\/span><strong>la croissance des commandes en ligne et le besoin d\u2019ex\u00e9cution et de r\u00e9approvisionnement \u00e0 grande \u00e9chelle<\/strong><span> sans augmenter les stocks ni les capacit\u00e9s d\u2019entreposage.<\/span><br \/>\n<span>Une solution Dromont sans \u00e9quivalent, d\u00e9j\u00e0 choisie par certains des distributeurs et fabricants de peinture les plus performants au monde.<\/span><\/p>\n<p>Nos solutions int\u00e9gr\u00e9es e-commerce pour la coloration, le m\u00e9lange et l\u2019emballage automatis\u00e9s de contenants de peinture pr\u00e9remplis peuvent traiter des commandes de toute taille pour les clients DIY et PRO, pour toutes les couleurs et dans des contenants de toutes tailles, des seaux de 5 gallons aux pots d\u2019\u00e9chantillons de 8 oz. <\/p>\n<p>Les processus enti\u00e8rement automatis\u00e9s de Dromont offrent un moyen extr\u00eamement efficace de r\u00e9pondre \u00e0 la diversit\u00e9 et \u00e0 la croissance des commandes en ligne ou e-commerce, et peuvent \u00eatre con\u00e7us avec des niveaux d\u2019automatisation personnalis\u00e9s afin de satisfaire les exigences de productivit\u00e9. Avec cette tendance croissante des commandes en ligne, tant pour les clients DIY que pour les entrepreneurs professionnels, les fournisseurs de peinture ont besoin de solutions automatis\u00e9es offrant flexibilit\u00e9 et rapidit\u00e9 pour couvrir l\u2019\u00e9ventail des tailles de commande, des couleurs et des contenants.<\/p>\n<\/div><\/div><\/div><\/div><div class=\"wpb_column vc_column_container us_custom_60e9caca us_animate_this\"><div class=\"vc_column-inner\"><div class=\"w-image prodotto-interno-generico align_none\"><div class=\"w-image-h\"><img decoding=\"async\" width=\"1024\" height=\"709\" src=\"https:\/\/www.dromont.com\/wp-content\/uploads\/2026\/02\/Pagina-20-1024x709.jpg\" class=\"attachment-large size-large\" alt=\"\" loading=\"lazy\" srcset=\"https:\/\/www.dromont.com\/wp-content\/uploads\/2026\/02\/Pagina-20-1024x709.jpg 1024w, https:\/\/www.dromont.com\/wp-content\/uploads\/2026\/02\/Pagina-20-300x208.jpg 300w\" sizes=\"auto, (max-width: 1024px) 100vw, 1024px\" \/><\/div><\/div><\/div><\/div><\/div><\/div><\/section><section class=\"l-section wpb_row height_medium color_alternate\"><div class=\"l-section-h i-cf\"><div class=\"g-cols vc_row via_grid cols_2 laptops-cols_inherit tablets-cols_inherit mobiles-cols_1 valign_middle type_default stacking_default\"><div class=\"wpb_column vc_column_container us_custom_7e20fa79 us_animate_this\"><div class=\"vc_column-inner\"><div class=\"w-image prodotto-interno-generico align_none\"><div class=\"w-image-h\"><img decoding=\"async\" width=\"860\" height=\"772\" src=\"https:\/\/www.dromont.com\/wp-content\/uploads\/2026\/02\/Screenshot-2026-02-12-alle-14.13.03-e1771493750217.png\" class=\"attachment-large size-large\" alt=\"\" loading=\"lazy\" \/><\/div><\/div><\/div><\/div><div class=\"wpb_column vc_column_container us_custom_60e9caca us_animate_this\"><div class=\"vc_column-inner\"><div class=\"wpb_text_column iconabox-titolo\"><div class=\"wpb_wrapper\"><h2>Lignes d\u2019\u00e9chantillons<\/h2>\n<\/div><\/div><div class=\"w-separator size_small\"><\/div><div class=\"wpb_text_column us_custom_432d3f53\"><div class=\"wpb_wrapper\"><p><strong>Lignes d\u2019\u00e9chantillons automatis\u00e9es \u00e0 la demande \u00e0 grande vitesse<\/strong><br \/>\nLa ligne e-Sample est une ligne d\u2019\u00e9chantillons enti\u00e8rement automatis\u00e9e, con\u00e7ue pour les professionnels, les march\u00e9s en ligne et les laboratoires, offrant toutes les couleurs dans un pot d\u2019\u00e9chantillon en quelques secondes. La ligne repose sur une nouvelle approche de remplissage et de coloration en ligne, permettant de distribuer alternativement les bases et les colorants, \u00e9liminant l\u2019effet d\u00e9sagr\u00e9able de retrouver des colorants pi\u00e9g\u00e9s dans les coins du couvercle apr\u00e8s le m\u00e9lange.<\/p>\n<\/div><\/div><div class=\"w-separator size_small\"><\/div><div class=\"w-btn-wrapper align_left\"><a class=\"w-btn us-btn-style_1\" href=\"https:\/\/dromont-dev.com\/wp-content\/uploads\/2026\/02\/BROCHURE-e-Sample-Lines.pdf\"><span class=\"w-btn-label\">T\u00e9l\u00e9charger la brochure<\/span><\/a><\/div><\/div><\/div><\/div><\/div><\/section><section class=\"l-section wpb_row height_medium\"><div class=\"l-section-h i-cf\"><div class=\"g-cols vc_row via_grid cols_2 laptops-cols_inherit tablets-cols_inherit mobiles-cols_1 valign_middle type_default stacking_default\"><div class=\"wpb_column vc_column_container us_custom_60e9caca us_animate_this\"><div class=\"vc_column-inner\"><div class=\"wpb_text_column iconabox-titolo\"><div class=\"wpb_wrapper\"><h2>Lignes en bidon<\/h2>\n<\/div><\/div><div class=\"w-separator size_small\"><\/div><div class=\"wpb_text_column us_custom_432d3f53\"><div class=\"wpb_wrapper\"><p><strong>Lignes automatis\u00e9es \u00e0 grande vitesse pour bo\u00eetes et seaux<\/strong><br \/>\nLa division e-commerce de Dromont associe les technologies Retail et InPlant pour r\u00e9pondre \u00e0 une v\u00e9ritable opportunit\u00e9 du XXIe si\u00e8cle : la croissance des commandes en ligne et le besoin d\u2019ex\u00e9cution et de r\u00e9approvisionnement \u00e0 grande \u00e9chelle sans augmenter les stocks ni les capacit\u00e9s d\u2019entreposage.<br \/>\nUne solution Dromont sans \u00e9quivalent, d\u00e9j\u00e0 choisie par certains des distributeurs et fabricants de peinture les plus performants au monde<\/p>\n<\/div><\/div><div class=\"w-separator size_small\"><\/div><div class=\"w-btn-wrapper align_left\"><a class=\"w-btn us-btn-style_1\" href=\"https:\/\/dromont-dev.com\/wp-content\/uploads\/2026\/02\/BROCHURE-In-Can-Lines-1.pdf\"><span class=\"w-btn-label\">T\u00e9l\u00e9charger la brochure<\/span><\/a><\/div><\/div><\/div><div class=\"wpb_column vc_column_container us_custom_7e20fa79 us_animate_this\"><div class=\"vc_column-inner\"><div class=\"w-image prodotto-interno-generico align_none\"><div class=\"w-image-h\"><img decoding=\"async\" width=\"1024\" height=\"523\" src=\"https:\/\/www.dromont.com\/wp-content\/uploads\/2026\/02\/Pagina-56-1024x523.jpg\" class=\"attachment-large size-large\" alt=\"\" loading=\"lazy\" srcset=\"https:\/\/www.dromont.com\/wp-content\/uploads\/2026\/02\/Pagina-56-1024x523.jpg 1024w, https:\/\/www.dromont.com\/wp-content\/uploads\/2026\/02\/Pagina-56-300x153.jpg 300w\" sizes=\"auto, (max-width: 1024px) 100vw, 1024px\" \/><\/div><\/div><\/div><\/div><\/div><\/div><\/section><section class=\"l-section wpb_row us_custom_a66ab5eb has_text_color height_medium\"><div class=\"l-section-overlay\" style=\"background:rgba(0,0,0,0.65)\"><\/div><div class=\"l-section-h i-cf\"><div class=\"g-cols vc_row via_grid cols_1 laptops-cols_inherit tablets-cols_inherit mobiles-cols_1 valign_top type_default stacking_default\"><div class=\"wpb_column vc_column_container\"><div class=\"vc_column-inner\"><div class=\"wpb_text_column\"><div class=\"wpb_wrapper\"><h3>Principaux avantages<\/h3>\n<\/div><\/div><div class=\"w-separator size_small\"><\/div><div class=\"wpb_text_column\"><div class=\"wpb_wrapper\"><ul>\n<li>R\u00e9ponse rapide \u00e0 toute commande en ligne, 24 h\/24 et 7 j\/7, pour les clients DIY et PRO<\/li>\n<li>Rentabilisation des petites commandes et des commandes fractionn\u00e9es<\/li>\n<li>Le processus de fabrication \u00e0 la commande \u00e9limine l\u2019immobilisation de capital li\u00e9e aux stocks de produits finis, garantissant une r\u00e9duction du fonds de roulement<\/li>\n<li>Configurations sur mesure et personnalisation accrue<\/li>\n<li>Id\u00e9al pour g\u00e9rer la complexit\u00e9 de toute quantit\u00e9, couleur, brillance ou taille de contenant<\/li>\n<li>Les processus automatis\u00e9s r\u00e9duisent la main-d\u2019\u0153uvre et augmentent le d\u00e9bit \u00e0 faible co\u00fbt<\/li>\n<li>Seaux et pots d\u2019\u00e9chantillons pr\u00e9par\u00e9s pour l\u2019exp\u00e9dition en moins d\u20191 minute<\/li>\n<li>R\u00e9duction des co\u00fbts de main-d\u2019\u0153uvre directe et indirecte tout en maintenant la vitesse, la pr\u00e9cision et la tra\u00e7abilit\u00e9<\/li>\n<\/ul>\n<\/div><\/div><\/div><\/div><\/div><\/div><\/section><section class=\"l-section wpb_row us_custom_548a4992 has_text_color height_medium width_full\"><div class=\"l-section-h i-cf\"><div class=\"g-cols vc_row via_grid cols_1-4-1 laptops-cols_inherit tablets-cols_inherit mobiles-cols_1 valign_top type_default stacking_default\"><div class=\"wpb_column vc_column_container\"><div class=\"vc_column-inner\"><\/div><\/div><div class=\"wpb_column vc_column_container\"><div class=\"vc_column-inner\"><div class=\"wpb_text_column\"><div class=\"wpb_wrapper\"><h4 style=\"text-align: center;\">Logiciels et automatisation d&rsquo;usine<br \/>\nArchitecture de pointe pour g\u00e9rer l&rsquo;ensemble de l&rsquo;usine<\/h4>\n<\/div><\/div><div class=\"w-separator size_medium\"><\/div><div class=\"wpb_text_column\"><div class=\"wpb_wrapper\"><p>Ce d\u00e9partement est en mesure de personnaliser le logiciel d&rsquo;interface selon les besoins exacts du client, de tester le logiciel avant l&rsquo;installation et de le programmer pour qu&rsquo;il communique avec les syst\u00e8mes du client. En utilisant la plateforme de base tr\u00e8s stable du logiciel Dromont, les ing\u00e9nieurs de Dromont sont ensuite en mesure de cr\u00e9er de nombreuses options diff\u00e9rentes qui permettront au client de g\u00e9rer l&rsquo;ensemble de l&rsquo;usine. <\/p>\n<p style=\"text-align: center;\">Logiciels et automatisation d&rsquo;usine offre \u00e0 l&rsquo;utilisateur une exp\u00e9rience enti\u00e8rement nouvelle, en fusionnant IHM, SCADA et MES en une solution unique. L&rsquo;architecture innovante permet une organisation centr\u00e9e sur le serveur remarquable, capable de coordonner et de connecter plusieurs clients, m\u00eame sur le web et avec des appareils mobiles. <\/p>\n<\/div><\/div><div class=\"w-separator size_medium\"><\/div><div class=\"w-btn-wrapper align_center\"><a class=\"w-btn us-btn-style_3\" href=\"https:\/\/dromont-dev.com\/fr\/?page_id=13915\"><span class=\"w-btn-label\">En savoir plus<\/span><\/a><\/div><\/div><\/div><div class=\"wpb_column vc_column_container\"><div class=\"vc_column-inner\"><\/div><\/div><\/div><\/div><\/section>\n\n","protected":false},"excerpt":{"rendered":"Lignes automatiques e-commerce Fabrication de peinture juste-\u00e0-temps en bidon et en \u00e9chantillon La division e-commerce de Dromont associe les technologies Retail et InPlant pour r\u00e9pondre \u00e0 une v\u00e9ritable opportunit\u00e9 du XXIe si\u00e8cle : la croissance des commandes en ligne et le besoin d\u2019ex\u00e9cution et de r\u00e9approvisionnement \u00e0 grande \u00e9chelle sans augmenter les stocks ni les...","protected":false},"author":1,"featured_media":13878,"parent":14007,"menu_order":0,"comment_status":"closed","ping_status":"closed","template":"","meta":{"_acf_changed":false,"footnotes":""},"class_list":["post-13872","page","type-page","status-publish","has-post-thumbnail","hentry"],"acf":[],"_links":{"self":[{"href":"https:\/\/www.dromont.com\/fr\/wp-json\/wp\/v2\/pages\/13872","targetHints":{"allow":["GET"]}}],"collection":[{"href":"https:\/\/www.dromont.com\/fr\/wp-json\/wp\/v2\/pages"}],"about":[{"href":"https:\/\/www.dromont.com\/fr\/wp-json\/wp\/v2\/types\/page"}],"author":[{"embeddable":true,"href":"https:\/\/www.dromont.com\/fr\/wp-json\/wp\/v2\/users\/1"}],"replies":[{"embeddable":true,"href":"https:\/\/www.dromont.com\/fr\/wp-json\/wp\/v2\/comments?post=13872"}],"version-history":[{"count":5,"href":"https:\/\/www.dromont.com\/fr\/wp-json\/wp\/v2\/pages\/13872\/revisions"}],"predecessor-version":[{"id":14239,"href":"https:\/\/www.dromont.com\/fr\/wp-json\/wp\/v2\/pages\/13872\/revisions\/14239"}],"up":[{"embeddable":true,"href":"https:\/\/www.dromont.com\/fr\/wp-json\/wp\/v2\/pages\/14007"}],"wp:featuredmedia":[{"embeddable":true,"href":"https:\/\/www.dromont.com\/fr\/wp-json\/wp\/v2\/media\/13878"}],"wp:attachment":[{"href":"https:\/\/www.dromont.com\/fr\/wp-json\/wp\/v2\/media?parent=13872"}],"curies":[{"name":"wp","href":"https:\/\/api.w.org\/{rel}","templated":true}]}}