{"id":13884,"date":"2026-02-09T14:15:58","date_gmt":"2026-02-09T14:15:58","guid":{"rendered":"https:\/\/www.dromont.com\/dosage-de-poudres\/"},"modified":"2026-02-17T10:21:39","modified_gmt":"2026-02-17T10:21:39","slug":"dosage-de-poudres","status":"publish","type":"page","link":"https:\/\/www.dromont.com\/fr\/solutions\/systemes-de-dosage-en-usine\/dosage-de-poudres\/","title":{"rendered":"Dosage de poudres"},"content":{"rendered":"<section class=\"l-section wpb_row us_custom_18583322 height_medium\"><div class=\"l-section-overlay\" style=\"background:rgba(26,26,26,0.6)\"><\/div><div class=\"l-section-h i-cf\"><div class=\"g-cols vc_row via_grid cols_3-1 laptops-cols_inherit tablets-cols_inherit mobiles-cols_1 valign_middle type_default stacking_default\"><div class=\"wpb_column vc_column_container us_custom_7e20fa79 us_animate_this\"><div class=\"vc_column-inner\"><div class=\"wpb_text_column us_custom_de150e26 has_text_color\"><div class=\"wpb_wrapper\"><h1>Dosage de poudres<\/h1>\n<\/div><\/div><div class=\"w-separator size_small\"><\/div><div class=\"wpb_text_column us_custom_836f727b has_text_color\"><div class=\"wpb_wrapper\"><p><span>Dosage de poudres ou de p\u00e2te d&rsquo;aluminium en f\u00fbts et en bidons<\/span><\/p>\n<\/div><\/div><\/div><\/div><div class=\"wpb_column vc_column_container\"><div class=\"vc_column-inner\"><\/div><\/div><\/div><\/div><\/section><section class=\"l-section wpb_row height_huge\"><div class=\"l-section-h i-cf\"><div class=\"g-cols vc_row via_grid cols_2 laptops-cols_inherit tablets-cols_inherit mobiles-cols_1 valign_middle type_default stacking_default\"><div class=\"wpb_column vc_column_container us_custom_47474b22 us_animate_this\"><div class=\"vc_column-inner\"><div class=\"wpb_text_column us_custom_432d3f53 iconabox-titolo lista-custom\"><div class=\"wpb_wrapper\"><h2>Selecta Powders<\/h2>\n<p><span>Jusqu&rsquo;\u00e0 100 vannes<\/span><\/p>\n<div class=\"wpb_text_column us_custom_20a04241\">\n<div class=\"wpb_wrapper\">\n<p>Caract\u00e9ristiques<\/p>\n<ul>\n<li>Dosage de poudres en f\u00fbts et en bidons<\/li>\n<li>Pr\u00e9cision des poudres : 0,1 g<\/li>\n<li>Dosage de p\u00e2te d&rsquo;aluminium en f\u00fbts et en bidons<\/li>\n<li>Pr\u00e9cision des p\u00e2tes d&rsquo;aluminium : 0,5 g<\/li>\n<li>D\u00e9bit (5 kg\/min)<\/li>\n<li>Dosage simultan\u00e9 volum\u00e9trique (poudres) + gravim\u00e9trique (p\u00e2tes)<\/li>\n<li>Conteneurs compatibles de 20 l \u00e0 1 500 l<\/li>\n<\/ul>\n<\/div>\n<\/div>\n<\/div><\/div><\/div><\/div><div class=\"wpb_column vc_column_container\"><div class=\"vc_column-inner\"><div class=\"w-image align_none\"><div class=\"w-image-h\"><img decoding=\"async\" width=\"1024\" height=\"684\" src=\"https:\/\/www.dromont.com\/wp-content\/uploads\/2026\/02\/SELECTA-POWDERS-1024x684.jpg\" class=\"attachment-large size-large\" alt=\"\" loading=\"lazy\" srcset=\"https:\/\/www.dromont.com\/wp-content\/uploads\/2026\/02\/SELECTA-POWDERS-1024x684.jpg 1024w, https:\/\/www.dromont.com\/wp-content\/uploads\/2026\/02\/SELECTA-POWDERS-300x200.jpg 300w\" sizes=\"auto, (max-width: 1024px) 100vw, 1024px\" \/><\/div><\/div><\/div><\/div><\/div><\/div><\/section><section class=\"l-section wpb_row height_medium color_alternate\"><div class=\"l-section-h i-cf\"><div class=\"g-cols vc_row via_grid cols_1 laptops-cols_inherit tablets-cols_inherit mobiles-cols_1 valign_top type_default stacking_default\"><div class=\"wpb_column vc_column_container\"><div class=\"vc_column-inner\"><div class=\"wpb_text_column lista-custom\"><div class=\"wpb_wrapper\"><h2>Poudres + Liquides combin\u00e9s<\/h2>\n<ul>\n<li>Installation de production \u00e0 haut volume sur seulement 25 m\u00b2<\/li>\n<li>Processus \u00e9conome en \u00e9nergie : 50 kW permettent de produire de 6 t \u00e0 10 t de peintures et d&rsquo;enduits par heure<\/li>\n<li>La consommation d&rsquo;eau de nettoyage est fortement r\u00e9duite gr\u00e2ce \u00e0 une \u00ab chambre de dispersion \u00bb plus petite, 200 l et quelques minutes seulement pour nettoyer l&rsquo;ensemble du syst\u00e8me<\/li>\n<li>La technologie \u00ab Clean &amp; Lean \u00bb de Dromont combine automatisation compl\u00e8te et concept environnemental<\/li>\n<\/ul>\n<\/div><\/div><\/div><\/div><\/div><\/div><\/section><section class=\"l-section wpb_row us_custom_548a4992 has_text_color height_medium width_full\"><div class=\"l-section-h i-cf\"><div class=\"g-cols vc_row via_grid cols_1-4-1 laptops-cols_inherit tablets-cols_inherit mobiles-cols_1 valign_top type_default stacking_default\"><div class=\"wpb_column vc_column_container\"><div class=\"vc_column-inner\"><\/div><\/div><div class=\"wpb_column vc_column_container\"><div class=\"vc_column-inner\"><div class=\"wpb_text_column\"><div class=\"wpb_wrapper\"><h4 style=\"text-align: center;\">Logiciels et automatisation d&rsquo;usine<br \/>\nArchitecture de pointe pour g\u00e9rer l&rsquo;ensemble de l&rsquo;usine<\/h4>\n<\/div><\/div><div class=\"w-separator size_medium\"><\/div><div class=\"wpb_text_column\"><div class=\"wpb_wrapper\"><p>Ce d\u00e9partement est capable de personnaliser le logiciel d&rsquo;interface selon les besoins pr\u00e9cis du client, de tester le logiciel avant l&rsquo;installation et de programmer le logiciel pour qu&rsquo;il communique avec les syst\u00e8mes du client. En utilisant la plateforme de base tr\u00e8s stable du logiciel Dromont, les ing\u00e9nieurs de Dromont sont ensuite en mesure de cr\u00e9er de nombreuses options diff\u00e9rentes qui permettront au client de g\u00e9rer l&rsquo;ensemble de l&rsquo;usine.<\/p>\n<p>Les logiciels et l&rsquo;automatisation d&rsquo;usine offrent \u00e0 l&rsquo;utilisateur une toute nouvelle exp\u00e9rience, en fusionnant l&rsquo;IHM, le SCADA et le MES en une solution unique. L&rsquo;architecture innovante permet une organisation incroyable centr\u00e9e sur le serveur, capable de coordonner et de connecter plusieurs clients, m\u00eame sur le web et avec des appareils mobiles.<\/p>\n<\/div><\/div><div class=\"w-separator size_medium\"><\/div><div class=\"w-btn-wrapper align_center\"><a class=\"w-btn us-btn-style_3\" href=\"https:\/\/dromont-dev.com\/fr\/?page_id=13889\"><span class=\"w-btn-label\">D\u00e9couvrir plus<\/span><\/a><\/div><\/div><\/div><div class=\"wpb_column vc_column_container\"><div class=\"vc_column-inner\"><\/div><\/div><\/div><\/div><\/section>\n\n","protected":false},"excerpt":{"rendered":"Dosage de poudres Dosage de poudres ou de p\u00e2te d&rsquo;aluminium en f\u00fbts et en bidons Selecta Powders Jusqu&rsquo;\u00e0 100 vannes Caract\u00e9ristiques Dosage de poudres en f\u00fbts et en bidons Pr\u00e9cision des poudres : 0,1 g Dosage de p\u00e2te d&rsquo;aluminium en f\u00fbts et en bidons Pr\u00e9cision des p\u00e2tes d&rsquo;aluminium : 0,5 g D\u00e9bit (5 kg\/min) Dosage...","protected":false},"author":1,"featured_media":0,"parent":14045,"menu_order":0,"comment_status":"closed","ping_status":"closed","template":"","meta":{"_acf_changed":false,"footnotes":""},"class_list":["post-13884","page","type-page","status-publish","hentry"],"acf":[],"_links":{"self":[{"href":"https:\/\/www.dromont.com\/fr\/wp-json\/wp\/v2\/pages\/13884","targetHints":{"allow":["GET"]}}],"collection":[{"href":"https:\/\/www.dromont.com\/fr\/wp-json\/wp\/v2\/pages"}],"about":[{"href":"https:\/\/www.dromont.com\/fr\/wp-json\/wp\/v2\/types\/page"}],"author":[{"embeddable":true,"href":"https:\/\/www.dromont.com\/fr\/wp-json\/wp\/v2\/users\/1"}],"replies":[{"embeddable":true,"href":"https:\/\/www.dromont.com\/fr\/wp-json\/wp\/v2\/comments?post=13884"}],"version-history":[{"count":9,"href":"https:\/\/www.dromont.com\/fr\/wp-json\/wp\/v2\/pages\/13884\/revisions"}],"predecessor-version":[{"id":13913,"href":"https:\/\/www.dromont.com\/fr\/wp-json\/wp\/v2\/pages\/13884\/revisions\/13913"}],"up":[{"embeddable":true,"href":"https:\/\/www.dromont.com\/fr\/wp-json\/wp\/v2\/pages\/14045"}],"wp:attachment":[{"href":"https:\/\/www.dromont.com\/fr\/wp-json\/wp\/v2\/media?parent=13884"}],"curies":[{"name":"wp","href":"https:\/\/api.w.org\/{rel}","templated":true}]}}