{"id":13889,"date":"2026-02-09T14:16:14","date_gmt":"2026-02-09T14:16:14","guid":{"rendered":"https:\/\/www.dromont.com\/automatisation-logicielle\/"},"modified":"2026-02-19T09:57:28","modified_gmt":"2026-02-19T09:57:28","slug":"automatisation-logicielle","status":"publish","type":"page","link":"https:\/\/www.dromont.com\/fr\/solutions\/systemes-de-dosage-en-usine\/automatisation-logicielle\/","title":{"rendered":"Automatisation logicielle"},"content":{"rendered":"<section class=\"l-section wpb_row us_custom_b3fdbc1a height_medium\"><div class=\"l-section-overlay\" style=\"background:rgba(26,26,26,0.6)\"><\/div><div class=\"l-section-h i-cf\"><div class=\"g-cols vc_row via_grid cols_3-1 laptops-cols_inherit tablets-cols_inherit mobiles-cols_1 valign_middle type_default stacking_default\"><div class=\"wpb_column vc_column_container us_custom_7e20fa79 us_animate_this\"><div class=\"vc_column-inner\"><div class=\"wpb_text_column us_custom_de150e26 has_text_color\"><div class=\"wpb_wrapper\"><h1>Logiciels et automatisation d&rsquo;usine<\/h1>\n<\/div><\/div><div class=\"w-separator size_small\"><\/div><div class=\"wpb_text_column us_custom_836f727b has_text_color\"><div class=\"wpb_wrapper\"><p>Architecture de pointe pour g\u00e9rer l&rsquo;ensemble de l&rsquo;usine<\/p>\n<\/div><\/div><\/div><\/div><div class=\"wpb_column vc_column_container\"><div class=\"vc_column-inner\"><\/div><\/div><\/div><\/div><\/section><section class=\"l-section wpb_row height_medium\"><div class=\"l-section-h i-cf\"><div class=\"g-cols vc_row via_grid cols_1 laptops-cols_inherit tablets-cols_inherit mobiles-cols_1 valign_top type_default stacking_default\"><div class=\"wpb_column vc_column_container\"><div class=\"vc_column-inner\"><div class=\"wpb_text_column us_custom_432d3f53\"><div class=\"wpb_wrapper\"><p>Dromont<span> <\/span><strong>D\u00e9partement logiciel interne<\/strong><span> <\/span>est compos\u00e9 d&rsquo;ing\u00e9nieurs en programmation internes qui travaillent \u00e0 la mise \u00e0 jour de notre plateforme logicielle avec les derni\u00e8res innovations, ainsi qu&rsquo;\u00e0 l&rsquo;int\u00e9gration de nos machines dans le syst\u00e8me de planification des ressources d&rsquo;entreprise (ERP) du client. Ce d\u00e9partement peut <span> <\/span><strong>personnaliser l&rsquo;interface logicielle selon les besoins exacts du client<\/strong>, tester le logiciel avant l&rsquo;installation et programmer le logiciel pour communiquer avec les syst\u00e8mes du client.<\/p>\n<p>En utilisant la plateforme de base tr\u00e8s stable du logiciel Dromont, les ing\u00e9nieurs de Dromont sont en mesure de cr\u00e9er de nombreuses options diff\u00e9rentes qui permettront au client de g\u00e9rer l&rsquo;ensemble de l&rsquo;usine.<\/p>\n<\/div><\/div><\/div><\/div><\/div><\/div><\/section><section class=\"l-section wpb_row height_huge\"><div class=\"l-section-h i-cf\"><div class=\"g-cols vc_row via_grid cols_2 laptops-cols_inherit tablets-cols_inherit mobiles-cols_1 valign_middle type_default stacking_default\"><div class=\"wpb_column vc_column_container us_custom_47474b22 us_animate_this\"><div class=\"vc_column-inner\"><div class=\"wpb_text_column us_custom_432d3f53 iconabox-titolo lista-custom\"><div class=\"wpb_wrapper\"><h2><span>Caract\u00e9ristiques principales<\/span><\/h2>\n<p><span>Les logiciels et l&rsquo;automatisation d&rsquo;usine offrent \u00e0 l&rsquo;utilisateur une exp\u00e9rience in\u00e9dite, en fusionnant HMI, SCADA et MES en une solution unique. L&rsquo;architecture innovante permet une organisation remarquablement centr\u00e9e sur le serveur, capable de coordonner et de connecter plusieurs clients, m\u00eame sur le web et avec des appareils mobiles. De plus, la technologie avanc\u00e9e bas\u00e9e sur Java permet d&rsquo;\u00e9tendre facilement le package avec toute personnalisation, quel que soit le syst\u00e8me d&rsquo;exploitation (Windows, Linux, OS X).  <\/span><\/p>\n<\/div><\/div><\/div><\/div><div class=\"wpb_column vc_column_container\"><div class=\"vc_column-inner\"><div class=\"w-image align_none\"><div class=\"w-image-h\"><img decoding=\"async\" width=\"717\" height=\"1024\" src=\"https:\/\/www.dromont.com\/wp-content\/uploads\/2026\/02\/foto-software--717x1024.jpg\" class=\"attachment-large size-large\" alt=\"\" loading=\"lazy\" srcset=\"https:\/\/www.dromont.com\/wp-content\/uploads\/2026\/02\/foto-software--717x1024.jpg 717w, https:\/\/www.dromont.com\/wp-content\/uploads\/2026\/02\/foto-software--210x300.jpg 210w, https:\/\/www.dromont.com\/wp-content\/uploads\/2026\/02\/foto-software--scaled.jpg 1793w\" sizes=\"auto, (max-width: 717px) 100vw, 717px\" \/><\/div><\/div><\/div><\/div><\/div><\/div><\/section><section class=\"l-section wpb_row height_huge\"><div class=\"l-section-h i-cf\"><div class=\"g-cols vc_row via_grid cols_2 laptops-cols_inherit tablets-cols_inherit mobiles-cols_1 valign_middle type_default stacking_default\"><div class=\"wpb_column vc_column_container\"><div class=\"vc_column-inner\"><div class=\"w-image align_none\"><div class=\"w-image-h\"><img decoding=\"async\" width=\"1024\" height=\"683\" src=\"https:\/\/www.dromont.com\/wp-content\/uploads\/2026\/02\/Immagine-Software-1024x683.png\" class=\"attachment-large size-large\" alt=\"\" loading=\"lazy\" srcset=\"https:\/\/www.dromont.com\/wp-content\/uploads\/2026\/02\/Immagine-Software-1024x683.png 1024w, https:\/\/www.dromont.com\/wp-content\/uploads\/2026\/02\/Immagine-Software-300x200.png 300w, https:\/\/www.dromont.com\/wp-content\/uploads\/2026\/02\/Immagine-Software.png 1500w\" sizes=\"auto, (max-width: 1024px) 100vw, 1024px\" \/><\/div><\/div><\/div><\/div><div class=\"wpb_column vc_column_container us_custom_47474b22 us_animate_this\"><div class=\"vc_column-inner\"><div class=\"wpb_text_column iconabox-titolo lista-custom\"><div class=\"wpb_wrapper\"><h2>Syst\u00e8me d&rsquo;ex\u00e9cution de fabrication MISURA Factory<\/h2>\n<ul>\n<li>Bas\u00e9 sur le Web<\/li>\n<li>Multiplateforme<\/li>\n<li>Collecte compl\u00e8te des donn\u00e9es de processus<\/li>\n<li>Calcul de l&rsquo;OEE (Efficacit\u00e9 globale des \u00e9quipements)<\/li>\n<li>TEEP (Performance totale effective des \u00e9quipements)<\/li>\n<li>Analyse des donn\u00e9es et KPI<\/li>\n<li>Acc\u00e8s aux donn\u00e9es en d\u00e9placement<\/li>\n<li>Licences illimit\u00e9es<\/li>\n<\/ul>\n<\/div><\/div><\/div><\/div><\/div><\/div><\/section><section class=\"l-section wpb_row height_huge\"><div class=\"l-section-h i-cf\"><div class=\"g-cols vc_row via_grid cols_2 laptops-cols_inherit tablets-cols_inherit mobiles-cols_1 valign_middle type_default stacking_default\"><div class=\"wpb_column vc_column_container us_custom_47474b22 us_animate_this\"><div class=\"vc_column-inner\"><div class=\"wpb_text_column us_custom_1f257949 iconabox-titolo lista-custom\"><div class=\"wpb_wrapper\"><h2><span>Logiciel d&rsquo;\u00e9quipement MISURA<\/span><\/h2>\n<p><span>Gr\u00e2ce \u00e0 son architecture de pointe, tout client ex\u00e9cutant le logiciel peut travailler ind\u00e9pendamment tout en faisant partie du m\u00eame \u00e9cosyst\u00e8me. Le logiciel d&rsquo;\u00e9quipement Misura tire parti des avantages des syst\u00e8mes centralis\u00e9s et distribu\u00e9s, en partageant les m\u00eames donn\u00e9es sous-jacentes li\u00e9es \u00e0 l&rsquo;usine et en conservant les fonctionnalit\u00e9s HMI sur les clients. <\/span><\/p>\n<\/div><\/div><\/div><\/div><div class=\"wpb_column vc_column_container\"><div class=\"vc_column-inner\"><div class=\"w-image align_none\"><div class=\"w-image-h\"><img decoding=\"async\" width=\"832\" height=\"544\" src=\"https:\/\/www.dromont.com\/wp-content\/uploads\/2026\/02\/pag-19.png\" class=\"attachment-large size-large\" alt=\"\" loading=\"lazy\" srcset=\"https:\/\/www.dromont.com\/wp-content\/uploads\/2026\/02\/pag-19.png 832w, https:\/\/www.dromont.com\/wp-content\/uploads\/2026\/02\/pag-19-300x196.png 300w\" sizes=\"auto, (max-width: 832px) 100vw, 832px\" \/><\/div><\/div><\/div><\/div><\/div><\/div><\/section><section class=\"l-section wpb_row height_huge\"><div class=\"l-section-h i-cf\"><div class=\"g-cols vc_row via_grid cols_2 laptops-cols_inherit tablets-cols_inherit mobiles-cols_1 valign_middle type_default stacking_default\"><div class=\"wpb_column vc_column_container\"><div class=\"vc_column-inner\"><div class=\"w-image align_none\"><div class=\"w-image-h\"><img decoding=\"async\" width=\"1000\" height=\"669\" src=\"https:\/\/www.dromont.com\/wp-content\/uploads\/2026\/02\/Pic2_cor-01-low-1.jpg\" class=\"attachment-large size-large\" alt=\"\" loading=\"lazy\" srcset=\"https:\/\/www.dromont.com\/wp-content\/uploads\/2026\/02\/Pic2_cor-01-low-1.jpg 1000w, https:\/\/www.dromont.com\/wp-content\/uploads\/2026\/02\/Pic2_cor-01-low-1-300x201.jpg 300w\" sizes=\"auto, (max-width: 1000px) 100vw, 1000px\" \/><\/div><\/div><\/div><\/div><div class=\"wpb_column vc_column_container us_custom_47474b22 us_animate_this\"><div class=\"vc_column-inner\"><div class=\"wpb_text_column iconabox-titolo lista-custom\"><div class=\"wpb_wrapper\"><h2><span>Fonctionnement du Pocket PC mobile \u00e0 code-barres<\/span><\/h2>\n<div class=\"wpb_text_column us_custom_dffc3507\">\n<div class=\"wpb_wrapper\">\n<ul>\n<li>Recharge depuis un Pocket PC mobile<\/li>\n<li>Recirculation manuelle depuis un Pocket PC mobile<\/li>\n<li>Dosages d&rsquo;ajouts manuels depuis un Pocket PC mobile<\/li>\n<li>Commandes et diagnostic des appareils manuels depuis un Pocket PC mobile<\/li>\n<\/ul>\n<\/div>\n<\/div>\n<\/div><\/div><\/div><\/div><\/div><\/div><\/section>\n","protected":false},"excerpt":{"rendered":"Logiciels et automatisation d&rsquo;usine Architecture de pointe pour g\u00e9rer l&rsquo;ensemble de l&rsquo;usine Dromont D\u00e9partement logiciel interne est compos\u00e9 d&rsquo;ing\u00e9nieurs en programmation internes qui travaillent \u00e0 la mise \u00e0 jour de notre plateforme logicielle avec les derni\u00e8res innovations, ainsi qu&rsquo;\u00e0 l&rsquo;int\u00e9gration de nos machines dans le syst\u00e8me de planification des ressources d&rsquo;entreprise (ERP) du client. Ce...","protected":false},"author":1,"featured_media":0,"parent":14045,"menu_order":0,"comment_status":"closed","ping_status":"closed","template":"","meta":{"_acf_changed":false,"footnotes":""},"class_list":["post-13889","page","type-page","status-publish","hentry"],"acf":[],"_links":{"self":[{"href":"https:\/\/www.dromont.com\/fr\/wp-json\/wp\/v2\/pages\/13889","targetHints":{"allow":["GET"]}}],"collection":[{"href":"https:\/\/www.dromont.com\/fr\/wp-json\/wp\/v2\/pages"}],"about":[{"href":"https:\/\/www.dromont.com\/fr\/wp-json\/wp\/v2\/types\/page"}],"author":[{"embeddable":true,"href":"https:\/\/www.dromont.com\/fr\/wp-json\/wp\/v2\/users\/1"}],"replies":[{"embeddable":true,"href":"https:\/\/www.dromont.com\/fr\/wp-json\/wp\/v2\/comments?post=13889"}],"version-history":[{"count":4,"href":"https:\/\/www.dromont.com\/fr\/wp-json\/wp\/v2\/pages\/13889\/revisions"}],"predecessor-version":[{"id":14255,"href":"https:\/\/www.dromont.com\/fr\/wp-json\/wp\/v2\/pages\/13889\/revisions\/14255"}],"up":[{"embeddable":true,"href":"https:\/\/www.dromont.com\/fr\/wp-json\/wp\/v2\/pages\/14045"}],"wp:attachment":[{"href":"https:\/\/www.dromont.com\/fr\/wp-json\/wp\/v2\/media?parent=13889"}],"curies":[{"name":"wp","href":"https:\/\/api.w.org\/{rel}","templated":true}]}}