{"id":13898,"date":"2026-02-09T14:16:54","date_gmt":"2026-02-09T14:16:54","guid":{"rendered":"https:\/\/www.dromont.com\/qoncept-engineering\/"},"modified":"2026-02-17T10:19:39","modified_gmt":"2026-02-17T10:19:39","slug":"qoncept-engineering","status":"publish","type":"page","link":"https:\/\/www.dromont.com\/fr\/solutions\/qoncept-engineering\/","title":{"rendered":"Qoncept Engineering"},"content":{"rendered":"<section class=\"l-section wpb_row us_custom_bb5c9175 height_medium\"><div class=\"l-section-overlay\" style=\"background:rgba(26,26,26,0.6)\"><\/div><div class=\"l-section-h i-cf\"><div class=\"g-cols vc_row via_grid cols_3-1 laptops-cols_inherit tablets-cols_inherit mobiles-cols_1 valign_middle type_default stacking_default\"><div class=\"wpb_column vc_column_container us_custom_7e20fa79 us_animate_this\"><div class=\"vc_column-inner\"><div class=\"wpb_text_column us_custom_de150e26 has_text_color\"><div class=\"wpb_wrapper\"><h1>Qoncept Engineering et projets cl\u00e9s en main<\/h1>\n<\/div><\/div><div class=\"w-separator size_small\"><\/div><div class=\"wpb_text_column us_custom_c2f7011c has_text_color\"><div class=\"wpb_wrapper\"><p><span>Mettre en \u0153uvre des usines avec le co\u00fbt de production le plus bas et la qualit\u00e9 la plus \u00e9lev\u00e9e<\/span><\/p>\n<p><span>Avec plus de 20 ans d\u2019exp\u00e9rience, nos ing\u00e9nieurs ont d\u00e9velopp\u00e9 un niveau d\u2019expertise unique gr\u00e2ce \u00e0 une plateforme int\u00e9gr\u00e9e de solutions et de programmes de construction pour l\u2019industrie.<\/span><\/p>\n<\/div><\/div><\/div><\/div><div class=\"wpb_column vc_column_container\"><div class=\"vc_column-inner\"><\/div><\/div><\/div><\/div><\/section><section class=\"l-section wpb_row height_medium\"><div class=\"l-section-h i-cf\"><div class=\"g-cols vc_row via_grid cols_2 laptops-cols_inherit tablets-cols_inherit mobiles-cols_1 valign_top type_default stacking_default\"><div class=\"wpb_column vc_column_container\"><div class=\"vc_column-inner\"><div class=\"wpb_text_column us_custom_56fefe76 lista-custom us_animate_this\"><div class=\"wpb_wrapper\"><p>Tout a commenc\u00e9 par des \u00e9tudes de faisabilit\u00e9 de base pour se transformer rapidement en outils r\u00e9volutionnaires d\u2019efficacit\u00e9 de bout en bout et d\u2019optimisation d\u2019usine, connus sous le nom de programme Qoncept Engineering.<br \/>\nPlus r\u00e9cemment, l\u2019unit\u00e9 Business Analytics a d\u00e9velopp\u00e9 des outils sur mesure pour int\u00e9grer des indicateurs commerciaux plus larges dans l\u2019investissement et l\u2019optimisation de l\u2019ing\u00e9nierie, et le dernier d\u00e9veloppement en date a \u00e9t\u00e9 l\u2019introduction des avantages de l\u2019intelligence artificielle dans le processus, offrant des perspectives uniques et des capacit\u00e9s d\u2019auto-apprentissage au croisement des affaires et de l\u2019ing\u00e9nierie.<\/p>\n<ul>\n<li>Analyse des processus de production et de logistique<\/li>\n<li>Donn\u00e9es de processus<\/li>\n<li>D\u00e9finition de la capacit\u00e9 de production<\/li>\n<li>Stockage, transfert et dosage des mati\u00e8res premi\u00e8res<\/li>\n<li>Personnel pour la production de l\u2019usine<\/li>\n<li>Classification des zones<\/li>\n<li>Estimations pr\u00e9liminaires des co\u00fbts<\/li>\n<\/ul>\n<\/div><\/div><\/div><\/div><div class=\"wpb_column vc_column_container\"><div class=\"vc_column-inner\"><div class=\"w-image us_custom_47474b22 us_animate_this align_none\"><div class=\"w-image-h\"><img decoding=\"async\" width=\"1024\" height=\"576\" src=\"https:\/\/www.dromont.com\/wp-content\/uploads\/2026\/02\/Dromont_Qoncept-Engineering-1-1024x576.jpg\" class=\"attachment-large size-large\" alt=\"\" loading=\"lazy\" srcset=\"https:\/\/www.dromont.com\/wp-content\/uploads\/2026\/02\/Dromont_Qoncept-Engineering-1-1024x576.jpg 1024w, https:\/\/www.dromont.com\/wp-content\/uploads\/2026\/02\/Dromont_Qoncept-Engineering-1-300x169.jpg 300w\" sizes=\"auto, (max-width: 1024px) 100vw, 1024px\" \/><\/div><\/div><\/div><\/div><\/div><\/div><\/section><section class=\"l-section wpb_row height_huge\"><div class=\"l-section-h i-cf\"><div class=\"g-cols vc_row via_grid cols_2 laptops-cols_inherit tablets-cols_inherit mobiles-cols_1 valign_middle type_default stacking_default\"><div class=\"wpb_column vc_column_container\"><div class=\"vc_column-inner\"><div class=\"w-image align_none\"><div class=\"w-image-h\"><img decoding=\"async\" width=\"1024\" height=\"724\" src=\"https:\/\/www.dromont.com\/wp-content\/uploads\/2026\/02\/FOTO-QONCEPT_VIOLA-OK-1024x724.jpg\" class=\"attachment-large size-large\" alt=\"\" loading=\"lazy\" srcset=\"https:\/\/www.dromont.com\/wp-content\/uploads\/2026\/02\/FOTO-QONCEPT_VIOLA-OK-1024x724.jpg 1024w, https:\/\/www.dromont.com\/wp-content\/uploads\/2026\/02\/FOTO-QONCEPT_VIOLA-OK-300x212.jpg 300w\" sizes=\"auto, (max-width: 1024px) 100vw, 1024px\" \/><\/div><\/div><\/div><\/div><div class=\"wpb_column vc_column_container us_custom_47474b22 us_animate_this\"><div class=\"vc_column-inner\"><div class=\"wpb_text_column us_custom_432d3f53 iconabox-titolo lista-custom\"><div class=\"wpb_wrapper\"><h2>Simulation de mod\u00e8le<\/h2>\n<ul>\n<li>Architecture du syst\u00e8me<\/li>\n<li>Fonction de contr\u00f4le de processus<\/li>\n<li>Objectifs de flexibilit\u00e9 de production<\/li>\n<li>\u00c9tudes de fond sur le marketing et les commandes de processus<\/li>\n<li>Stockage, transfert et dosage des mat\u00e9riaux<\/li>\n<li>Simulation de mod\u00e8le de vue d\u2019ensemble<\/li>\n<\/ul>\n<\/div><\/div><\/div><\/div><\/div><\/div><\/section><section class=\"l-section wpb_row us_custom_e5a1da1a height_huge color_alternate\"><div class=\"l-section-h i-cf\"><div class=\"g-cols vc_row via_grid cols_2 laptops-cols_inherit tablets-cols_inherit mobiles-cols_1 valign_middle type_default stacking_default\"><div class=\"wpb_column vc_column_container us_custom_47474b22 us_animate_this\"><div class=\"vc_column-inner\"><div class=\"wpb_text_column us_custom_432d3f53 iconabox-titolo lista-custom\"><div class=\"wpb_wrapper\"><h2>Projets cl\u00e9s en main<\/h2>\n<p>Nous tirons parti de l\u2019exp\u00e9rience et des innovations combin\u00e9es de DromontGroup pour mettre en \u0153uvre des usines offrant le co\u00fbt de production le plus bas et la qualit\u00e9 la plus \u00e9lev\u00e9e en utilisant notre technologie de pointe. Nous fournissons des conceptions de processus allant de l\u2019analyse de faisabilit\u00e9 et de la d\u00e9finition des KPI jusqu\u2019\u00e0 la gestion de projet et de site, de la conception et la fabrication jusqu\u2019\u00e0 l\u2019installation et la mise en service de l\u2019usine. <\/p>\n<ul>\n<li>Gestion de projet<\/li>\n<li>Ing\u00e9nierie de d\u00e9tail<\/li>\n<li>Sch\u00e9ma de flux de processus et implantation<\/li>\n<li>R\u00e9ception des mati\u00e8res premi\u00e8res<\/li>\n<li>Stockage, transfert et dosage<\/li>\n<li>Dispersion et m\u00e9lange<\/li>\n<li>Broyage, nettoyage et remplissage<\/li>\n<li>Construction et montage des \u00e9quipements<\/li>\n<li>Tests et pr\u00e9-mise en service<\/li>\n<li>Mise en service, formation et d\u00e9marrage<\/li>\n<\/ul>\n<\/div><\/div><\/div><\/div><div class=\"wpb_column vc_column_container\"><div class=\"vc_column-inner\"><div class=\"w-image align_none\"><div class=\"w-image-h\"><img decoding=\"async\" width=\"1024\" height=\"756\" src=\"https:\/\/www.dromont.com\/wp-content\/uploads\/2026\/02\/pagina-4-qoncept-1024x756.jpg\" class=\"attachment-large size-large\" alt=\"\" loading=\"lazy\" srcset=\"https:\/\/www.dromont.com\/wp-content\/uploads\/2026\/02\/pagina-4-qoncept-1024x756.jpg 1024w, https:\/\/www.dromont.com\/wp-content\/uploads\/2026\/02\/pagina-4-qoncept-300x222.jpg 300w, https:\/\/www.dromont.com\/wp-content\/uploads\/2026\/02\/pagina-4-qoncept.jpg 1747w\" sizes=\"auto, (max-width: 1024px) 100vw, 1024px\" \/><\/div><\/div><\/div><\/div><\/div><\/div><\/section><section class=\"l-section wpb_row height_medium\"><div class=\"l-section-h i-cf\"><div class=\"g-cols vc_row via_grid cols_1-3 laptops-cols_inherit tablets-cols_inherit mobiles-cols_1 valign_top type_default stacking_default\"><div class=\"wpb_column vc_column_container\"><div class=\"vc_column-inner\"><div class=\"wpb_text_column\"><div class=\"wpb_wrapper\"><div class=\"wpb_column vc_column_container\">\n<div class=\"vc_column-inner\">\n<div class=\"wpb_text_column us_custom_132b54e4 has_text_color\">\n<div class=\"wpb_wrapper\">\n<h2 style=\"text-align: left;\">MISURA FACTORY M.E.S.<\/h2>\n<\/div>\n<\/div>\n<div class=\"wpb_text_column us_custom_7268eb93 has_text_color\" style=\"text-align: center;\">\n<div class=\"wpb_wrapper\">\n<p style=\"text-align: left;\">Syst\u00e8me d\u2019ex\u00e9cution de la fabrication<\/p>\n<\/div>\n<\/div>\n<\/div>\n<\/div>\n<\/div><\/div><\/div><\/div><div class=\"wpb_column vc_column_container\"><div class=\"vc_column-inner\"><div class=\"wpb_text_column us_custom_432d3f53\"><div class=\"wpb_wrapper\"><p>Bas\u00e9 sur le Web<br \/>\nMultiplateforme<br \/>\nCollecte compl\u00e8te des donn\u00e9es de processus<br \/>\nCalcul du TRS (Taux de Rendement Synth\u00e9tique)<br \/>\nTEEP (Performance globale des \u00e9quipements)<br \/>\nAnalyse des donn\u00e9es et KPI<br \/>\nAcc\u00e8s aux donn\u00e9es en d\u00e9placement<br \/>\nLicences illimit\u00e9es<\/p>\n<\/div><\/div><\/div><\/div><\/div><\/div><\/section><section class=\"l-section wpb_row height_medium width_full\"><div class=\"l-section-h i-cf\"><div class=\"g-cols vc_row via_grid cols_1 laptops-cols_inherit tablets-cols_inherit mobiles-cols_1 valign_top type_default stacking_default\"><div class=\"wpb_column vc_column_container\"><div class=\"vc_column-inner\"><section class=\"l-section wpb_row us_custom_548a4992 has_text_color height_medium width_full\"><div class=\"l-section-h i-cf\"><div class=\"g-cols vc_row via_grid cols_1-4-1 laptops-cols_inherit tablets-cols_inherit mobiles-cols_1 valign_top type_default stacking_default\"><div class=\"wpb_column vc_column_container\"><div class=\"vc_column-inner\"><\/div><\/div><div class=\"wpb_column vc_column_container\"><div class=\"vc_column-inner\"><div class=\"wpb_text_column\"><div class=\"wpb_wrapper\"><h4 style=\"text-align: center;\">Logiciels et automatisation d&rsquo;usine<br \/>\nArchitecture de pointe pour g\u00e9rer l&rsquo;ensemble de l&rsquo;usine<\/h4>\n<\/div><\/div><div class=\"w-separator size_medium\"><\/div><div class=\"wpb_text_column\"><div class=\"wpb_wrapper\"><p>Ce d\u00e9partement est capable de personnaliser le logiciel d&rsquo;interface selon les besoins pr\u00e9cis du client, de tester le logiciel avant l&rsquo;installation et de programmer le logiciel pour qu&rsquo;il communique avec les syst\u00e8mes du client. En utilisant la plateforme de base tr\u00e8s stable du logiciel Dromont, les ing\u00e9nieurs de Dromont sont ensuite en mesure de cr\u00e9er de nombreuses options diff\u00e9rentes qui permettront au client de g\u00e9rer l&rsquo;ensemble de l&rsquo;usine.<\/p>\n<p>Les logiciels et l&rsquo;automatisation d&rsquo;usine offrent \u00e0 l&rsquo;utilisateur une toute nouvelle exp\u00e9rience, en fusionnant l&rsquo;IHM, le SCADA et le MES en une solution unique. L&rsquo;architecture innovante permet une organisation incroyable centr\u00e9e sur le serveur, capable de coordonner et de connecter plusieurs clients, m\u00eame sur le web et avec des appareils mobiles.<\/p>\n<\/div><\/div><div class=\"w-separator size_medium\"><\/div><div class=\"w-btn-wrapper align_center\"><a class=\"w-btn us-btn-style_3\" href=\"https:\/\/dromont-dev.com\/fr\/?page_id=13889\"><span class=\"w-btn-label\">D\u00e9couvrir plus<\/span><\/a><\/div><\/div><\/div><div class=\"wpb_column vc_column_container\"><div class=\"vc_column-inner\"><\/div><\/div><\/div><\/div><\/section>\n<\/div><\/div><\/div><\/div><\/section>\n","protected":false},"excerpt":{"rendered":"Qoncept Engineering et projets cl\u00e9s en main Mettre en \u0153uvre des usines avec le co\u00fbt de production le plus bas et la qualit\u00e9 la plus \u00e9lev\u00e9e Avec plus de 20 ans d\u2019exp\u00e9rience, nos ing\u00e9nieurs ont d\u00e9velopp\u00e9 un niveau d\u2019expertise unique gr\u00e2ce \u00e0 une plateforme int\u00e9gr\u00e9e de solutions et de programmes de construction pour l\u2019industrie. Tout...","protected":false},"author":1,"featured_media":0,"parent":14007,"menu_order":0,"comment_status":"closed","ping_status":"closed","template":"","meta":{"_acf_changed":false,"footnotes":""},"class_list":["post-13898","page","type-page","status-publish","hentry"],"acf":[],"_links":{"self":[{"href":"https:\/\/www.dromont.com\/fr\/wp-json\/wp\/v2\/pages\/13898","targetHints":{"allow":["GET"]}}],"collection":[{"href":"https:\/\/www.dromont.com\/fr\/wp-json\/wp\/v2\/pages"}],"about":[{"href":"https:\/\/www.dromont.com\/fr\/wp-json\/wp\/v2\/types\/page"}],"author":[{"embeddable":true,"href":"https:\/\/www.dromont.com\/fr\/wp-json\/wp\/v2\/users\/1"}],"replies":[{"embeddable":true,"href":"https:\/\/www.dromont.com\/fr\/wp-json\/wp\/v2\/comments?post=13898"}],"version-history":[{"count":2,"href":"https:\/\/www.dromont.com\/fr\/wp-json\/wp\/v2\/pages\/13898\/revisions"}],"predecessor-version":[{"id":13906,"href":"https:\/\/www.dromont.com\/fr\/wp-json\/wp\/v2\/pages\/13898\/revisions\/13906"}],"up":[{"embeddable":true,"href":"https:\/\/www.dromont.com\/fr\/wp-json\/wp\/v2\/pages\/14007"}],"wp:attachment":[{"href":"https:\/\/www.dromont.com\/fr\/wp-json\/wp\/v2\/media?parent=13898"}],"curies":[{"name":"wp","href":"https:\/\/api.w.org\/{rel}","templated":true}]}}