{"id":13907,"date":"2026-02-12T09:51:34","date_gmt":"2026-02-12T09:51:34","guid":{"rendered":"https:\/\/www.dromont.com\/service\/maintenance-predictive\/"},"modified":"2026-02-19T09:36:58","modified_gmt":"2026-02-19T09:36:58","slug":"maintenance-predictive","status":"publish","type":"page","link":"https:\/\/www.dromont.com\/fr\/service\/maintenance-predictive\/","title":{"rendered":"Maintenance pr\u00e9dictive"},"content":{"rendered":"<section class=\"l-section wpb_row us_custom_5fa99159 has_text_color height_medium\"><div class=\"l-section-overlay\" style=\"background:rgba(26,26,26,0.5)\"><\/div><div class=\"l-section-h i-cf\"><div class=\"g-cols vc_row via_grid cols_1 laptops-cols_inherit tablets-cols_inherit mobiles-cols_1 valign_middle type_default stacking_default\"><div class=\"wpb_column vc_column_container us_custom_7e20fa79 us_animate_this\"><div class=\"vc_column-inner\"><div class=\"wpb_text_column\"><div class=\"wpb_wrapper\"><h1 style=\"text-align: center; font-weight: normal;\"><span>Programme de maintenance pr\u00e9dictive<\/span><\/h1>\n<\/div><\/div><div class=\"w-separator size_medium\"><\/div><div class=\"wpb_text_column\"><div class=\"wpb_wrapper\"><p style=\"text-align: center;\"><span>Augmentez la productivit\u00e9 et g\u00e9n\u00e9rez des profits suppl\u00e9mentaires gr\u00e2ce aux op\u00e9rations de l\u2019usine<\/span><\/p>\n<\/div><\/div><\/div><\/div><\/div><\/div><\/section><section class=\"l-section wpb_row us_custom_60e9caca us_animate_this height_medium\"><div class=\"l-section-h i-cf\"><div class=\"g-cols vc_row via_grid cols_1 laptops-cols_inherit tablets-cols_inherit mobiles-cols_1 valign_top type_default stacking_default\"><div class=\"wpb_column vc_column_container\"><div class=\"vc_column-inner\"><div class=\"wpb_text_column us_custom_432d3f53\"><div class=\"wpb_wrapper\"><p>Aujourd\u2019hui, dans la plupart des cas, la maintenance est planifi\u00e9e selon des intervalles pr\u00e9d\u00e9finis. Cela conduit souvent \u00e0 remplacer des pi\u00e8ces apr\u00e8s une p\u00e9riode donn\u00e9e, alors qu\u2019elles auraient pu durer bien plus longtemps. Dans les rares cas o\u00f9 la maintenance repose sur la d\u00e9tection pr\u00e9coce des d\u00e9fauts et la pr\u00e9diction, elle est principalement centr\u00e9e sur l\u2019exp\u00e9rience du mainteneur et sa connaissance des \u00e9quipements. Le jugement humain, toutefois, ne suffit pas pour pr\u00e9dire de mani\u00e8re anticip\u00e9e et surveiller en continu l\u2019\u00e9tat des \u00e9quipements.   <\/p>\n<p>Pour r\u00e9soudre ces probl\u00e8mes, nous avons lanc\u00e9 notre<span> <\/span><strong class=\"text-foreground\">logiciel d\u2019analyse num\u00e9rique<\/strong><span> <\/span>qui permet l\u2019auto-optimisation des machines, accro\u00eet l\u2019automatisation et favorise des op\u00e9rations plus efficaces.<\/p>\n<p>Notre<span> <\/span><strong class=\"text-foreground\">programme de maintenance pr\u00e9dictive<\/strong><span> <\/span>permet aux utilisateurs finaux de pr\u00e9voir sans fil les probl\u00e8mes et d\u2019identifier des solutions, en prenant des mesures proactives avant qu\u2019un probl\u00e8me ne se manifeste.<\/p>\n<p>Cela r\u00e9duit les temps d\u2019arr\u00eat jusqu\u2019\u00e0 50 %, permet un acc\u00e8s plus rapide aux pi\u00e8ces de rechange, prolonge la dur\u00e9e de vie des \u00e9quipements existants et g\u00e9n\u00e8re plusieurs \u00e9conomies, notamment sur les co\u00fbts des \u00e9quipements d\u2019usine, r\u00e9duits jusqu\u2019\u00e0 40 %.<\/p>\n<\/div><\/div><\/div><\/div><\/div><\/div><\/section><section class=\"l-section wpb_row us_custom_60e9caca us_animate_this height_medium color_alternate\"><div class=\"l-section-h i-cf\"><div class=\"g-cols vc_row via_grid cols_1 laptops-cols_inherit tablets-cols_inherit mobiles-cols_1 valign_top type_default stacking_default\"><div class=\"wpb_column vc_column_container\"><div class=\"vc_column-inner\"><div class=\"wpb_text_column\"><div class=\"wpb_wrapper\"><h2 class=\"text-5xl font-light mb-16 text-center\">Principaux avantages<\/h2>\n<\/div><\/div><div class=\"w-separator size_medium\"><\/div><div class=\"wpb_text_column lista-custom\"><div class=\"wpb_wrapper\"><ul>\n<li>Temps de maintenance r\u00e9duit et acc\u00e8s plus rapide aux pi\u00e8ces de rechange<\/li>\n<li>R\u00e9duction des temps d\u2019arr\u00eat li\u00e9s \u00e0 la maintenance jusqu\u2019\u00e0 50 %<\/li>\n<li>R\u00e9duction des co\u00fbts des \u00e9quipements d\u2019usine et des pi\u00e8ces de rechange jusqu\u2019\u00e0 40 %<\/li>\n<li>Moins de pannes<\/li>\n<li>Dur\u00e9e de vie des \u00e9quipements existants prolong\u00e9e<\/li>\n<\/ul>\n<\/div><\/div><\/div><\/div><\/div><\/div><\/section><section class=\"l-section wpb_row us_custom_92d565f4 has_text_color height_medium\"><div class=\"l-section-h i-cf\"><div class=\"g-cols vc_row via_grid cols_1 laptops-cols_inherit tablets-cols_inherit mobiles-cols_1 valign_top type_default stacking_default\"><div class=\"wpb_column vc_column_container\"><div class=\"vc_column-inner\"><div class=\"wpb_text_column us_custom_4a593b65 us_animate_this\"><div class=\"wpb_wrapper\"><h2 style=\"text-align: center;\">Comment cela fonctionne<\/h2>\n<\/div><\/div><div class=\"w-separator size_medium\"><\/div><div class=\"g-cols wpb_row via_grid cols_2 laptops-cols_inherit tablets-cols_inherit mobiles-cols_1 valign_top type_default stacking_default\" style=\"--columns-gap:3rem;\"><div class=\"wpb_column vc_column_container us_custom_7e20fa79 us_animate_this\"><div class=\"vc_column-inner\"><div class=\"wpb_text_column us_custom_432d3f53\"><div class=\"wpb_wrapper\"><p>La rupture technologique dans le domaine de<span> <\/span><strong class=\"font-normal\">l\u2019Internet des objets (IoT)<\/strong><span> <\/span>est l\u2019analytique pr\u00e9dictive appliqu\u00e9e \u00e0 l\u2019IoT.<\/p>\n<p>L\u2019analytique pr\u00e9dictive appliqu\u00e9e \u00e0 l\u2019IoT permet d\u2019atteindre l\u2019objectif d\u2019une automatisation intelligente afin d\u2019anticiper et de minimiser\/\u00e9liminer les temps d\u2019arr\u00eat et les \u00e9v\u00e9nements n\u00e9gatifs impr\u00e9vus dans nos processus et nos technologies.<\/p>\n<\/div><\/div><\/div><\/div><div class=\"wpb_column vc_column_container us_custom_47474b22 us_animate_this\"><div class=\"vc_column-inner\"><div class=\"wpb_text_column us_custom_432d3f53\"><div class=\"wpb_wrapper\"><p>La pr\u00e9sence de plusieurs capteurs sur les \u00e9quipements permet de mesurer diff\u00e9rents param\u00e8tres et d\u2019identifier des anomalies. Une fois le probl\u00e8me identifi\u00e9, via une plateforme d\u2019IA, v\u00e9ritable c\u0153ur des syst\u00e8mes de maintenance pr\u00e9dictive, la solution est \u00e9labor\u00e9e. <\/p>\n<p>L\u2019\u00e9tape finale consiste \u00e0 mettre en \u0153uvre le r\u00e9sultat afin d\u2019atteindre une efficacit\u00e9 sup\u00e9rieure. Le processus implique l\u2019utilisation d\u2019outils adapt\u00e9s de classification et de clustering, qui nous aident \u00e0 g\u00e9rer les grands ensembles de donn\u00e9es g\u00e9n\u00e9r\u00e9s par les appareils IoT.<\/p>\n<\/div><\/div><\/div><\/div><\/div><\/div><\/div><\/div><\/div><\/section><section class=\"l-section wpb_row us_custom_60e9caca us_animate_this height_medium\"><div class=\"l-section-h i-cf\"><div class=\"g-cols vc_row via_grid cols_1 laptops-cols_inherit tablets-cols_inherit mobiles-cols_1 valign_top type_default stacking_default\"><div class=\"wpb_column vc_column_container\"><div class=\"vc_column-inner\"><div class=\"wpb_text_column\"><div class=\"wpb_wrapper\"><h2 style=\"text-align: center;\">Maintenance <span style=\"color: #008da8;\">4.0<\/span><\/h2>\n<\/div><\/div><div class=\"w-separator size_medium\"><\/div><div class=\"g-cols wpb_row via_grid cols_3 laptops-cols_inherit tablets-cols_inherit mobiles-cols_1 valign_top type_default stacking_default\" style=\"--columns-gap:3rem;\"><div class=\"wpb_column vc_column_container us_custom_8f7b07a9 us_animate_this\"><div class=\"vc_column-inner\"><div class=\"w-iconbox iconabox-custom iconpos_top style_circle color_custom align_left\"><div class=\"w-iconbox-icon\" style=\"font-size:2rem;--icon-color:#008DA8;--icon-bg-color:rgba(0,141,168,0.2);\"><i class=\"fal fa-chart-bar\"><\/i><\/div><div class=\"w-iconbox-meta\"><h4 class=\"w-iconbox-title\">Maintenance proactive<\/h4><div class=\"w-iconbox-text\"><p><span>Activation de \u00ab compteurs \u00bb sur des dispositifs s\u00e9lectionn\u00e9s pour la gestion d\u2019un plan d\u2019interventions de maintenance.<\/span><\/p>\n<\/div><\/div><\/div><\/div><\/div><div class=\"wpb_column vc_column_container us_custom_de366d1c us_animate_this\"><div class=\"vc_column-inner\"><div class=\"w-iconbox iconabox-custom iconpos_top style_circle color_custom align_left\"><div class=\"w-iconbox-icon\" style=\"font-size:2rem;--icon-color:#008DA8;--icon-bg-color:rgba(0,141,168,0.2);\"><i class=\"fal fa-chart-line\"><\/i><\/div><div class=\"w-iconbox-meta\"><h4 class=\"w-iconbox-title\">Maintenance proactive avanc\u00e9e<\/h4><div class=\"w-iconbox-text\"><p><span>Activation de contr\u00f4les statistiques pour la \u00ab capture \u00bb de valeurs, envoy\u00e9es par les capteurs sur la ligne, pouvant \u00eatre marqu\u00e9es comme \u00ab hors plage \u00bb. Ces cas identifient un comportement anormal. <\/span><\/p>\n<\/div><\/div><\/div><\/div><\/div><div class=\"wpb_column vc_column_container us_custom_ff13c409 us_animate_this\"><div class=\"vc_column-inner\"><div class=\"w-iconbox iconabox-custom iconpos_top style_circle color_custom align_left\"><div class=\"w-iconbox-icon\" style=\"font-size:2rem;--icon-color:#008DA8;--icon-bg-color:rgba(0,141,168,0.2);\"><i class=\"fal fa-tachometer-alt-fast\"><\/i><\/div><div class=\"w-iconbox-meta\"><h4 class=\"w-iconbox-title\">Prochaine maintenance 4.0<\/h4><div class=\"w-iconbox-text\"><p><span>Dromont est en cours de d\u00e9veloppement afin de fournir aux clients un service de \u00ab maintenance pr\u00e9dictive \u00bb bas\u00e9 sur les possibilit\u00e9s d\u2019analytique avanc\u00e9e.<\/span><\/p>\n<\/div><\/div><\/div><\/div><\/div><\/div><\/div><\/div><\/div><\/div><\/section><section class=\"l-section wpb_row height_medium\"><div class=\"l-section-h i-cf\"><div class=\"g-cols vc_row via_grid cols_1 laptops-cols_inherit tablets-cols_inherit mobiles-cols_1 valign_top type_default stacking_default\"><div class=\"wpb_column vc_column_container\"><div class=\"vc_column-inner\"><div class=\"wpb_text_column us_custom_d6b23de4 has_text_color\"><div class=\"wpb_wrapper\"><h5>Maintenance Dromont, options propos\u00e9es :<\/h5>\n<p><strong>\u00abProactive maintenance\u00bb<\/strong> : activation de \u00ab compteurs \u00bb sur des dispositifs s\u00e9lectionn\u00e9s pour la gestion d\u2019un plan d\u2019interventions de maintenance.<\/p>\n<p><strong>\u00abAdvanced proactive maintenance\u00bb<\/strong> : activation de contr\u00f4les statistiques pour la \u00ab capture \u00bb de valeurs, envoy\u00e9es par les capteurs sur la ligne, pouvant \u00eatre marqu\u00e9es comme \u00ab hors plage \u00bb. Ces cas identifient un comportement anormal des dispositifs pouvant entra\u00eener une baisse des performances ou, dans le pire des cas, la casse d\u2019un dispositif. <\/p>\n<p><strong>Dromont next maintenance 4.0<\/strong> : Dromont est en cours de d\u00e9veloppement afin de fournir aux clients un service de \u00ab maintenance pr\u00e9dictive \u00bb bas\u00e9 sur les possibilit\u00e9s d\u2019analytique avanc\u00e9e.<\/p>\n<\/div><\/div><\/div><\/div><\/div><\/div><\/section><section class=\"l-section wpb_row us_custom_60e9caca us_animate_this height_medium color_alternate\"><div class=\"l-section-h i-cf\"><div class=\"g-cols vc_row via_grid cols_1 laptops-cols_inherit tablets-cols_inherit mobiles-cols_1 valign_top type_default stacking_default\"><div class=\"wpb_column vc_column_container\"><div class=\"vc_column-inner\"><div class=\"wpb_text_column\"><div class=\"wpb_wrapper\"><h2 style=\"text-align: center;\">Appareil de poche et r\u00e9alit\u00e9 augment\u00e9e<\/h2>\n<\/div><\/div><div class=\"w-separator size_medium\"><\/div><div class=\"g-cols wpb_row via_grid cols_2 laptops-cols_inherit tablets-cols_inherit mobiles-cols_1 valign_top type_default stacking_default\" style=\"--columns-gap:3rem;\"><div class=\"wpb_column vc_column_container us_custom_7e20fa79 us_animate_this\"><div class=\"vc_column-inner\"><div class=\"w-iconbox iconabox-custom nobackground iconpos_top style_circle color_custom align_left no_text no_title\"><div class=\"w-iconbox-icon\" style=\"font-size:2rem;--icon-color:#008DA8;--icon-bg-color:rgba(0,141,168,0.2);\"><i class=\"fal fa-mobile-android-alt\"><\/i><\/div><div class=\"w-iconbox-meta\"><\/div><\/div><div class=\"w-separator size_medium\"><\/div><div class=\"wpb_text_column us_custom_432d3f53\"><div class=\"wpb_wrapper\"><p><span>Avec Dromont comme partenaire de confiance,<\/span><span> <\/span><strong>la distance n\u2019existe plus<\/strong><span>. Gr\u00e2ce \u00e0<\/span><span> <\/span><strong>TeamViewer Assist AR<\/strong><span>, notre expert peut guider \u00e0 distance le technicien tout au long de la r\u00e9paration gr\u00e2ce \u00e0 la r\u00e9alit\u00e9 augment\u00e9e.<\/span><\/p>\n<\/div><\/div><div class=\"w-separator size_medium\"><\/div><div class=\"wpb_text_column\"><div class=\"wpb_wrapper\"><h5><em>Oubliez tout ce que vous savez du helpdesk !<\/em><\/h5>\n<\/div><\/div><\/div><\/div><div class=\"wpb_column vc_column_container us_custom_47474b22 us_animate_this\"><div class=\"vc_column-inner\"><div class=\"w-image align_none\"><div class=\"w-image-h\"><img decoding=\"async\" width=\"1024\" height=\"683\" src=\"https:\/\/www.dromont.com\/wp-content\/uploads\/2026\/02\/Immagine-Software-1024x683.png\" class=\"attachment-large size-large\" alt=\"\" loading=\"lazy\" srcset=\"https:\/\/www.dromont.com\/wp-content\/uploads\/2026\/02\/Immagine-Software-1024x683.png 1024w, https:\/\/www.dromont.com\/wp-content\/uploads\/2026\/02\/Immagine-Software-300x200.png 300w, https:\/\/www.dromont.com\/wp-content\/uploads\/2026\/02\/Immagine-Software.png 1500w\" sizes=\"auto, (max-width: 1024px) 100vw, 1024px\" \/><\/div><\/div><\/div><\/div><\/div><\/div><\/div><\/div><\/div><\/section>\n","protected":false},"excerpt":{"rendered":"Programme de maintenance pr\u00e9dictive Augmentez la productivit\u00e9 et g\u00e9n\u00e9rez des profits suppl\u00e9mentaires gr\u00e2ce aux op\u00e9rations de l\u2019usine Aujourd\u2019hui, dans la plupart des cas, la maintenance est planifi\u00e9e selon des intervalles pr\u00e9d\u00e9finis. Cela conduit souvent \u00e0 remplacer des pi\u00e8ces apr\u00e8s une p\u00e9riode donn\u00e9e, alors qu\u2019elles auraient pu durer bien plus longtemps. Dans les rares cas o\u00f9...","protected":false},"author":1,"featured_media":0,"parent":13882,"menu_order":0,"comment_status":"closed","ping_status":"closed","template":"","meta":{"_acf_changed":false,"footnotes":""},"class_list":["post-13907","page","type-page","status-publish","hentry"],"acf":[],"_links":{"self":[{"href":"https:\/\/www.dromont.com\/fr\/wp-json\/wp\/v2\/pages\/13907","targetHints":{"allow":["GET"]}}],"collection":[{"href":"https:\/\/www.dromont.com\/fr\/wp-json\/wp\/v2\/pages"}],"about":[{"href":"https:\/\/www.dromont.com\/fr\/wp-json\/wp\/v2\/types\/page"}],"author":[{"embeddable":true,"href":"https:\/\/www.dromont.com\/fr\/wp-json\/wp\/v2\/users\/1"}],"replies":[{"embeddable":true,"href":"https:\/\/www.dromont.com\/fr\/wp-json\/wp\/v2\/comments?post=13907"}],"version-history":[{"count":4,"href":"https:\/\/www.dromont.com\/fr\/wp-json\/wp\/v2\/pages\/13907\/revisions"}],"predecessor-version":[{"id":14241,"href":"https:\/\/www.dromont.com\/fr\/wp-json\/wp\/v2\/pages\/13907\/revisions\/14241"}],"up":[{"embeddable":true,"href":"https:\/\/www.dromont.com\/fr\/wp-json\/wp\/v2\/pages\/13882"}],"wp:attachment":[{"href":"https:\/\/www.dromont.com\/fr\/wp-json\/wp\/v2\/media?parent=13907"}],"curies":[{"name":"wp","href":"https:\/\/api.w.org\/{rel}","templated":true}]}}