{"id":13915,"date":"2026-02-09T14:16:27","date_gmt":"2026-02-09T14:16:27","guid":{"rendered":"https:\/\/www.dromont.com\/ibsm\/"},"modified":"2026-02-25T14:03:54","modified_gmt":"2026-02-25T14:03:54","slug":"ibsm","status":"publish","type":"page","link":"https:\/\/www.dromont.com\/fr\/solutions\/systemes-de-dosage-en-usine\/ibsm\/","title":{"rendered":"IBSM"},"content":{"rendered":"<section class=\"l-section wpb_row us_custom_a94b9ecd height_medium\"><div class=\"l-section-overlay\" style=\"background:rgba(26,26,26,0.6)\"><\/div><div class=\"l-section-h i-cf\"><div class=\"g-cols vc_row via_grid cols_3-1 laptops-cols_inherit tablets-cols_inherit mobiles-cols_1 valign_middle type_default stacking_default\"><div class=\"wpb_column vc_column_container us_custom_7e20fa79 us_animate_this\"><div class=\"vc_column-inner\"><div class=\"wpb_text_column us_custom_de150e26 has_text_color\"><div class=\"wpb_wrapper\"><h1>in-Batch Shuttle Manufacturing<\/h1>\n<\/div><\/div><div class=\"w-separator size_small\"><\/div><div class=\"wpb_text_column us_custom_836f727b has_text_color\"><div class=\"wpb_wrapper\"><p>La solution pour r\u00e9duire consid\u00e9rablement les co\u00fbts de production gr\u00e2ce \u00e0 l&rsquo;automatisation<\/p>\n<\/div><\/div><div class=\"w-separator size_small\"><\/div><div class=\"w-btn-wrapper align_none\"><a class=\"w-btn us-btn-style_3\" href=\"https:\/\/www.dromont.com\/wp-content\/uploads\/2026\/02\/BROCHURE-IBSM.pdf\"><span class=\"w-btn-label\">T\u00e9l\u00e9charger la brochure<\/span><\/a><\/div><\/div><\/div><div class=\"wpb_column vc_column_container\"><div class=\"vc_column-inner\"><\/div><\/div><\/div><\/div><\/section><section class=\"l-section wpb_row height_medium\"><div class=\"l-section-h i-cf\"><div class=\"g-cols vc_row via_grid cols_1 laptops-cols_inherit tablets-cols_inherit mobiles-cols_1 valign_top type_default stacking_default\"><div class=\"wpb_column vc_column_container\"><div class=\"vc_column-inner\"><div class=\"wpb_text_column\"><div class=\"wpb_wrapper\"><div class=\"wpb_text_column us_custom_174848e7\">\n<div class=\"wpb_wrapper\">\n<h3>Int\u00e9gration avec le syst\u00e8me de gestion ERP existant<\/h3>\n<p>&nbsp;<\/p>\n<\/div>\n<\/div>\n<div class=\"wpb_text_column us_custom_dffc3507\">\n<div class=\"wpb_wrapper\">\n<p>Les ordres de production seront automatiquement t\u00e9l\u00e9charg\u00e9s dans le syst\u00e8me de fabrication de l\u2019usine et r\u00e9partis entre les unit\u00e9s de fabrication.<\/p>\n<\/div>\n<\/div>\n<\/div><\/div><div class=\"w-separator size_small\"><\/div><div class=\"wpb_text_column\"><div class=\"wpb_wrapper\"><p><span>Le <strong>syst\u00e8me iBSM<\/strong> est la solution id\u00e9ale pour les lots qui ne sont pas assez volumineux pour \u00eatre trait\u00e9s dans des cuves de dispersion traditionnelles, mais trop grands ou complexes pour \u00eatre g\u00e9r\u00e9s par une ligne In-Can. Il offre une solution flexible et efficace pour les s\u00e9ries de production de taille moyenne, garantissant que chaque lot r\u00e9pond aux sp\u00e9cifications exactes de la commande client sans intervention manuelle. <\/span><\/p>\n<p>Ce syst\u00e8me compl\u00e8te vos produits finis en dosant et en m\u00e9langeant automatiquement les produits semi-finis avec des quantit\u00e9s pr\u00e9cises d\u2019additifs et de colorants, offrant des r\u00e9sultats constants en un temps tr\u00e8s court. Son fonctionnement enti\u00e8rement automatis\u00e9 minimise le risque d\u2019erreur humaine, r\u00e9duit le gaspillage de mat\u00e9riaux et assure une qualit\u00e9 uniforme pour chaque lot. <\/p>\n<p>L\u2019iBSM peut \u00e9galement int\u00e9grer des fonctionnalit\u00e9s avanc\u00e9es telles que la <strong>Universal Weighing Platform<\/strong> (UWP) pour une mesure de haute pr\u00e9cision de tous les composants et la configuration logicielle Dispensing While Mixing (DWM), qui permet le dosage et le m\u00e9lange simultan\u00e9s pour acc\u00e9l\u00e9rer davantage la production.<\/p>\n<p>Con\u00e7u pour la fiabilit\u00e9 et la facilit\u00e9 d\u2019utilisation, le syst\u00e8me iBSM permet aux fabricants d\u2019optimiser les calendriers de production, d\u2019augmenter le rendement et de r\u00e9pondre rapidement aux demandes changeantes des clients, tout en maintenant les normes les plus \u00e9lev\u00e9es d\u2019efficacit\u00e9, de pr\u00e9cision et de qualit\u00e9 des produits.<\/p>\n<\/div><\/div><\/div><\/div><\/div><\/div><\/section><section class=\"l-section wpb_row height_large\"><div class=\"l-section-h i-cf\"><div class=\"g-cols vc_row via_grid cols_2 laptops-cols_inherit tablets-cols_inherit mobiles-cols_1 valign_middle type_default stacking_default\"><div class=\"wpb_column vc_column_container\"><div class=\"vc_column-inner\"><div class=\"w-image align_none\"><div class=\"w-image-h\"><img decoding=\"async\" width=\"689\" height=\"1024\" src=\"https:\/\/www.dromont.com\/wp-content\/uploads\/2026\/02\/Screenshot-2026-02-13-alle-11.34.16-689x1024.png\" class=\"attachment-large size-large\" alt=\"\" loading=\"lazy\" srcset=\"https:\/\/www.dromont.com\/wp-content\/uploads\/2026\/02\/Screenshot-2026-02-13-alle-11.34.16-689x1024.png 689w, https:\/\/www.dromont.com\/wp-content\/uploads\/2026\/02\/Screenshot-2026-02-13-alle-11.34.16-202x300.png 202w, https:\/\/www.dromont.com\/wp-content\/uploads\/2026\/02\/Screenshot-2026-02-13-alle-11.34.16.png 856w\" sizes=\"auto, (max-width: 689px) 100vw, 689px\" \/><\/div><\/div><\/div><\/div><div class=\"wpb_column vc_column_container us_custom_47474b22 us_animate_this\"><div class=\"vc_column-inner\"><div class=\"w-iconbox iconabox-titolo iconpos_left style_circle color_custom align_left no_text\"><div class=\"w-iconbox-icon\" style=\"font-size:2rem;--icon-color:#008DA8;--icon-bg-color:rgba(0,141,168,0.2);\"><i class=\"fal fa-balance-scale-left\"><\/i><\/div><div class=\"w-iconbox-meta\"><h4 class=\"w-iconbox-title\">Plateforme de pesage universelle<\/h4><\/div><\/div><div class=\"w-separator size_small\"><\/div><div class=\"wpb_text_column us_custom_432d3f53 lista-custom\"><div class=\"wpb_wrapper\"><p>D\u00e9velopp\u00e9e par Dromont pour permettre le pesage de tout type de cuve avec plusieurs niveaux de pr\u00e9cision.<\/p>\n<p>La plateforme au sol est reli\u00e9e \u00e0 3 balances diff\u00e9rentes, chacune offrant une capacit\u00e9 et une pr\u00e9cision distinctes. Une fois que le contenant entre dans la zone de dosage, la balance correspondante offrant la meilleure pr\u00e9cision pour le poids du lot souhait\u00e9 est s\u00e9lectionn\u00e9e, puis le dosage est effectu\u00e9 selon la pr\u00e9cision de la balance choisie.<br \/>\nLes balances sont reli\u00e9es \u00e0 la plateforme unique par un syst\u00e8me pneumatique sur demande. Cela permet \u00e9galement d\u2019\u00e9viter d\u2019endommager la plus petite balance lorsque des cuves plus grandes entrent dans la zone de dosage. Une quatri\u00e8me balance peut \u00eatre plac\u00e9e sur un bras pivotant pour les petits seaux d\u2019un poids maximal de 32 kg.<\/p>\n<p>Principaux avantages :<\/p>\n<ul>\n<li>Temps de fabrication rapide pour la production en lots et en f\u00fbts<\/li>\n<li>Logistique facilit\u00e9e (1 plateforme multiple au lieu de 3 balances)<\/li>\n<li>R\u00e9duction de l\u2019empreinte au sol<\/li>\n<li>N\u2019importe quelle cuve peut aller sur la plateforme sans endommager les plus petites<\/li>\n<\/ul>\n<\/div><\/div><\/div><\/div><\/div><\/div><\/section><section class=\"l-section wpb_row us_custom_548a4992 has_text_color height_medium width_full\"><div class=\"l-section-h i-cf\"><div class=\"g-cols vc_row via_grid cols_1-4-1 laptops-cols_inherit tablets-cols_inherit mobiles-cols_1 valign_top type_default stacking_default\"><div class=\"wpb_column vc_column_container\"><div class=\"vc_column-inner\"><\/div><\/div><div class=\"wpb_column vc_column_container\"><div class=\"vc_column-inner\"><div class=\"wpb_text_column\"><div class=\"wpb_wrapper\"><h4 style=\"text-align: center;\">Logiciels et automatisation d&rsquo;usine<br \/>\nArchitecture de pointe pour g\u00e9rer l&rsquo;ensemble de l&rsquo;usine<\/h4>\n<\/div><\/div><div class=\"w-separator size_medium\"><\/div><div class=\"wpb_text_column\"><div class=\"wpb_wrapper\"><p>Ce d\u00e9partement est capable de personnaliser le logiciel d&rsquo;interface selon les besoins pr\u00e9cis du client, de tester le logiciel avant l&rsquo;installation et de programmer le logiciel pour qu&rsquo;il communique avec les syst\u00e8mes du client. En utilisant la plateforme de base tr\u00e8s stable du logiciel Dromont, les ing\u00e9nieurs de Dromont sont ensuite en mesure de cr\u00e9er de nombreuses options diff\u00e9rentes qui permettront au client de g\u00e9rer l&rsquo;ensemble de l&rsquo;usine.<\/p>\n<p>Les logiciels et l&rsquo;automatisation d&rsquo;usine offrent \u00e0 l&rsquo;utilisateur une toute nouvelle exp\u00e9rience, en fusionnant l&rsquo;IHM, le SCADA et le MES en une solution unique. L&rsquo;architecture innovante permet une organisation incroyable centr\u00e9e sur le serveur, capable de coordonner et de connecter plusieurs clients, m\u00eame sur le web et avec des appareils mobiles.<\/p>\n<\/div><\/div><div class=\"w-separator size_medium\"><\/div><div class=\"w-btn-wrapper align_center\"><a class=\"w-btn us-btn-style_3\" href=\"https:\/\/dromont-dev.com\/fr\/?page_id=13889\"><span class=\"w-btn-label\">D\u00e9couvrir plus<\/span><\/a><\/div><\/div><\/div><div class=\"wpb_column vc_column_container\"><div class=\"vc_column-inner\"><\/div><\/div><\/div><\/div><\/section>\n\n","protected":false},"excerpt":{"rendered":"in-Batch Shuttle Manufacturing La solution pour r\u00e9duire consid\u00e9rablement les co\u00fbts de production gr\u00e2ce \u00e0 l&rsquo;automatisation T\u00e9l\u00e9charger la brochure Int\u00e9gration avec le syst\u00e8me de gestion ERP existant &nbsp; Les ordres de production seront automatiquement t\u00e9l\u00e9charg\u00e9s dans le syst\u00e8me de fabrication de l\u2019usine et r\u00e9partis entre les unit\u00e9s de fabrication. Le syst\u00e8me iBSM est la solution id\u00e9ale...","protected":false},"author":1,"featured_media":13923,"parent":14045,"menu_order":0,"comment_status":"closed","ping_status":"closed","template":"","meta":{"_acf_changed":false,"footnotes":""},"class_list":["post-13915","page","type-page","status-publish","has-post-thumbnail","hentry"],"acf":[],"_links":{"self":[{"href":"https:\/\/www.dromont.com\/fr\/wp-json\/wp\/v2\/pages\/13915","targetHints":{"allow":["GET"]}}],"collection":[{"href":"https:\/\/www.dromont.com\/fr\/wp-json\/wp\/v2\/pages"}],"about":[{"href":"https:\/\/www.dromont.com\/fr\/wp-json\/wp\/v2\/types\/page"}],"author":[{"embeddable":true,"href":"https:\/\/www.dromont.com\/fr\/wp-json\/wp\/v2\/users\/1"}],"replies":[{"embeddable":true,"href":"https:\/\/www.dromont.com\/fr\/wp-json\/wp\/v2\/comments?post=13915"}],"version-history":[{"count":11,"href":"https:\/\/www.dromont.com\/fr\/wp-json\/wp\/v2\/pages\/13915\/revisions"}],"predecessor-version":[{"id":14391,"href":"https:\/\/www.dromont.com\/fr\/wp-json\/wp\/v2\/pages\/13915\/revisions\/14391"}],"up":[{"embeddable":true,"href":"https:\/\/www.dromont.com\/fr\/wp-json\/wp\/v2\/pages\/14045"}],"wp:featuredmedia":[{"embeddable":true,"href":"https:\/\/www.dromont.com\/fr\/wp-json\/wp\/v2\/media\/13923"}],"wp:attachment":[{"href":"https:\/\/www.dromont.com\/fr\/wp-json\/wp\/v2\/media?parent=13915"}],"curies":[{"name":"wp","href":"https:\/\/api.w.org\/{rel}","templated":true}]}}