{"id":13929,"date":"2026-02-09T14:15:41","date_gmt":"2026-02-09T14:15:41","guid":{"rendered":"https:\/\/www.dromont.com\/lignes-de-laboratoire\/"},"modified":"2026-02-18T14:20:02","modified_gmt":"2026-02-18T14:20:02","slug":"lignes-de-laboratoire","status":"publish","type":"page","link":"https:\/\/www.dromont.com\/fr\/solutions\/systemes-de-dosage-en-usine\/lignes-de-laboratoire\/","title":{"rendered":"Lignes de laboratoire"},"content":{"rendered":"<section class=\"l-section wpb_row us_custom_d3365fb0 height_medium\"><div class=\"l-section-overlay\" style=\"background:rgba(26,26,26,0.6)\"><\/div><div class=\"l-section-h i-cf\"><div class=\"g-cols vc_row via_grid cols_3-1 laptops-cols_inherit tablets-cols_inherit mobiles-cols_1 valign_middle type_default stacking_default\"><div class=\"wpb_column vc_column_container us_custom_7e20fa79 us_animate_this\"><div class=\"vc_column-inner\"><div class=\"wpb_text_column us_custom_de150e26 has_text_color\"><div class=\"wpb_wrapper\"><h1>Lignes combin\u00e9es en-can + laboratoire<\/h1>\n<\/div><\/div><div class=\"wpb_text_column us_custom_c2f7011c has_text_color\"><div class=\"wpb_wrapper\"><div class=\"wpb_text_column us_custom_62f869f3 has_text_color\">\n<div class=\"wpb_wrapper\">\n<h3>Technologie combin\u00e9e laboratoire + production pour la pr\u00e9paration de couleurs sur mesure<\/h3>\n<\/div>\n<\/div>\n<\/div><\/div><div class=\"w-separator size_small\"><\/div><div class=\"wpb_text_column us_custom_3415c6d7 has_text_color\"><div class=\"wpb_wrapper\"><p>La technologie combin\u00e9e est la solution id\u00e9ale pour la pr\u00e9paration de couleurs sur mesure et la production automatique ult\u00e9rieure du lot. Les deux machines sont raccord\u00e9es aux m\u00eames cuves de stockage de mati\u00e8res premi\u00e8res. <\/p>\n<p>Gr\u00e2ce au<span> <\/span><strong>Micro<\/strong><span> <\/span>doseur de laboratoire de haute pr\u00e9cision, nous pouvons pr\u00e9parer et ajuster tr\u00e8s rapidement des couleurs sur mesure dans des pots de 100 g, puis envoyer les formulations valid\u00e9es \u00e0 l\u2019unit\u00e9 de production<span> <\/span><strong>Selecta<\/strong><span> <\/span>.<\/p>\n<\/div><\/div><\/div><\/div><div class=\"wpb_column vc_column_container\"><div class=\"vc_column-inner\"><\/div><\/div><\/div><\/div><\/section><section class=\"l-section wpb_row height_huge\"><div class=\"l-section-h i-cf\"><div class=\"g-cols vc_row via_grid cols_2 laptops-cols_inherit tablets-cols_inherit mobiles-cols_1 valign_middle type_default stacking_default\"><div class=\"wpb_column vc_column_container us_custom_7e20fa79 us_animate_this\"><div class=\"vc_column-inner\"><div class=\"wpb_text_column us_custom_432d3f53 iconabox-titolo lista-custom\"><div class=\"wpb_wrapper\"><h2>Selecta<\/h2>\n<p><span>Jusqu\u2019\u00e0 100 vannes<\/span><\/p>\n<div class=\"wpb_text_column us_custom_dffc3507\">\n<div class=\"wpb_wrapper\">\n<ul>\n<li class=\"mb20\">Trois mod\u00e8les jusqu\u2019\u00e0 48, 64 et 100 vannes<\/li>\n<li class=\"mb20\">Tailles de vannes : 1\u2033 et 2\u2033<\/li>\n<li class=\"mb20\">Pr\u00e9cision : +\/- 0,05 g (selon la viscosit\u00e9 du produit)<\/li>\n<li class=\"mb20\">D\u00e9bit de 3\u202f000 litres\/h avec des vannes de 1\u2033 <\/li>\n<li class=\"mb20\">D\u00e9bit de 9\u202f000 litres\/h avec des vannes de 2\u2033 <\/li>\n<li class=\"mb20\">Gamme de contenants de dosage de 0,5 l \u00e0 3\u202f000 l<\/li>\n<\/ul>\n<\/div>\n<\/div>\n<\/div><\/div><\/div><\/div><div class=\"wpb_column vc_column_container us_custom_47474b22 us_animate_this\"><div class=\"vc_column-inner\"><div class=\"w-image align_none\"><div class=\"w-image-h\"><img decoding=\"async\" width=\"1024\" height=\"647\" src=\"https:\/\/www.dromont.com\/wp-content\/uploads\/2026\/02\/Screenshot-2026-02-12-alle-15.21.02-1024x647.png\" class=\"attachment-large size-large\" alt=\"\" loading=\"lazy\" srcset=\"https:\/\/www.dromont.com\/wp-content\/uploads\/2026\/02\/Screenshot-2026-02-12-alle-15.21.02-1024x647.png 1024w, https:\/\/www.dromont.com\/wp-content\/uploads\/2026\/02\/Screenshot-2026-02-12-alle-15.21.02-300x190.png 300w, https:\/\/www.dromont.com\/wp-content\/uploads\/2026\/02\/Screenshot-2026-02-12-alle-15.21.02.png 1164w\" sizes=\"auto, (max-width: 1024px) 100vw, 1024px\" \/><\/div><\/div><\/div><\/div><\/div><\/div><\/section><section class=\"l-section wpb_row us_custom_e5a1da1a height_huge color_alternate\"><div class=\"l-section-h i-cf\"><div class=\"g-cols vc_row via_grid cols_2 laptops-cols_inherit tablets-cols_inherit mobiles-cols_1 valign_middle type_default stacking_default\"><div class=\"wpb_column vc_column_container us_custom_7e20fa79 us_animate_this\"><div class=\"vc_column-inner\"><div class=\"w-image align_none\"><div class=\"w-image-h\"><img decoding=\"async\" width=\"1024\" height=\"647\" src=\"https:\/\/www.dromont.com\/wp-content\/uploads\/2026\/02\/Screenshot-2026-02-12-alle-15.21.45-1024x647.png\" class=\"attachment-large size-large\" alt=\"\" loading=\"lazy\" srcset=\"https:\/\/www.dromont.com\/wp-content\/uploads\/2026\/02\/Screenshot-2026-02-12-alle-15.21.45-1024x647.png 1024w, https:\/\/www.dromont.com\/wp-content\/uploads\/2026\/02\/Screenshot-2026-02-12-alle-15.21.45-300x190.png 300w, https:\/\/www.dromont.com\/wp-content\/uploads\/2026\/02\/Screenshot-2026-02-12-alle-15.21.45.png 1164w\" sizes=\"auto, (max-width: 1024px) 100vw, 1024px\" \/><\/div><\/div><\/div><\/div><div class=\"wpb_column vc_column_container us_custom_47474b22 us_animate_this\"><div class=\"vc_column-inner\"><div class=\"wpb_text_column us_custom_432d3f53 iconabox-titolo lista-custom\"><div class=\"wpb_wrapper\"><h2>Micro<\/h2>\n<p><span>Jusqu\u2019\u00e0 160 vannes<\/span><\/p>\n<div class=\"wpb_text_column us_custom_9dab6fab\">\n<div class=\"wpb_wrapper\">\n<section id=\"box-info\" class=\"mb40\">\n<div class=\"container\">\n<div class=\"row\">\n<div class=\"col-sm-12 col-md-6\">\n<ul>\n<li class=\"mb20\">\u00c9volutivit\u00e9 jusqu\u2019\u00e0 32, 64, 80, 160 vannes<\/li>\n<li class=\"mb20\">Pr\u00e9cision : +\/- 0,1 g (selon la viscosit\u00e9 du produit)<\/li>\n<li class=\"mb20\">D\u00e9bit : selon la viscosit\u00e9 du produit<\/li>\n<li class=\"mb20\">Gamme de contenants de dosage de 100 cc \u00e0 5 l<\/li>\n<\/ul>\n<\/div>\n<\/div>\n<\/div>\n<\/section>\n<\/div>\n<\/div>\n<\/div><\/div><\/div><\/div><\/div><\/div><\/section><section class=\"l-section wpb_row us_custom_e11ab399 height_huge\"><div class=\"l-section-h i-cf\"><div class=\"g-cols vc_row via_grid cols_2 laptops-cols_inherit tablets-cols_inherit mobiles-cols_1 valign_middle type_default stacking_default\"><div class=\"wpb_column vc_column_container us_custom_7e20fa79 us_animate_this\"><div class=\"vc_column-inner\"><div class=\"wpb_text_column us_custom_432d3f53\"><div class=\"wpb_wrapper\"><p>La seule <strong>solution professionnelle pour l\u2019appariement avanc\u00e9 des couleurs et l\u2019ajustement colorim\u00e9trique en laboratoire<\/strong>, Micro a \u00e9t\u00e9 con\u00e7ue en prenant une machine compl\u00e8te d\u2019usine et en la r\u00e9duisant \u00e0 une taille de laboratoire. Micro incarne la perfection de Dromont dans la miniaturisation de ses c\u00e9l\u00e8bres vannes brevet\u00e9es \u00e0 3 voies, car ce doseur int\u00e8gre exactement la m\u00eame technologie de vannes et de logiciel que le syst\u00e8me d\u2019usine, avec la plus haute pr\u00e9cision garantie sur le march\u00e9 : 0,01 gramme. <\/p>\n<p>Sa conception sp\u00e9ciale brevet\u00e9e permet un dosage central de tous les composants, garantissant une flexibilit\u00e9 unique pour effectuer le dosage dans de petits gobelets de 100 grammes jusqu\u2019\u00e0 des bidons de 5 litres.<\/p>\n<\/div><\/div><div class=\"w-separator size_small\"><\/div><div class=\"wpb_text_column us_custom_432d3f53 iconabox-titolo lista-custom\"><div class=\"wpb_wrapper\"><h2>Micro<\/h2>\n<p><span>Jusqu\u2019\u00e0 160 vannes<\/span><\/p>\n<div class=\"wpb_text_column us_custom_dffc3507\">\n<div class=\"wpb_wrapper\">\n<ul>\n<li class=\"mb20\">Trois mod\u00e8les jusqu\u2019\u00e0 32, 64 et 160 vannes<\/li>\n<li class=\"mb20\">Pr\u00e9cision : 0,01 g<\/li>\n<li class=\"mb20\">Gamme de contenants de dosage : de 100 g \u00e0 5 l<\/li>\n<li>Vannes de dosage Dromont brevet\u00e9es \u00e0 3 voies, sans joint torique, en acier inoxydable AISI 304 1\/2&Prime;, avec m\u00eame diam\u00e8tre pour l\u2019alimentation et la recirculation<\/li>\n<li>Syst\u00e8me automatique de nettoyage des vannes de dosage<\/li>\n<li>Prot\u00e9g\u00e9 par des cl\u00f4tures de s\u00e9curit\u00e9 et un portillon d\u2019acc\u00e8s \u00e9quip\u00e9 d\u2019interverrouillages, ou par des panneaux de protection, afin de permettre l\u2019entr\u00e9e de l\u2019op\u00e9rateur uniquement dans des conditions s\u00fbres<\/li>\n<\/ul>\n<\/div>\n<\/div>\n<\/div><\/div><\/div><\/div><div class=\"wpb_column vc_column_container us_custom_47474b22 us_animate_this\"><div class=\"vc_column-inner\"><div class=\"w-image align_none\"><div class=\"w-image-h\"><img decoding=\"async\" width=\"1024\" height=\"561\" src=\"https:\/\/www.dromont.com\/wp-content\/uploads\/2026\/02\/GRT9056_micro-selecta-1-1024x561.jpg\" class=\"attachment-large size-large\" alt=\"\" loading=\"lazy\" srcset=\"https:\/\/www.dromont.com\/wp-content\/uploads\/2026\/02\/GRT9056_micro-selecta-1-1024x561.jpg 1024w, https:\/\/www.dromont.com\/wp-content\/uploads\/2026\/02\/GRT9056_micro-selecta-1-300x164.jpg 300w\" sizes=\"auto, (max-width: 1024px) 100vw, 1024px\" \/><\/div><\/div><div class=\"w-separator size_small\"><\/div><div class=\"wpb_text_column us_custom_432d3f53\"><div class=\"wpb_wrapper\"><p>Micro est disponible en <strong>trois mod\u00e8les de 32, 64 et 160 vannes<\/strong>. Il permet une gestion du dosage proportionnel, r\u00e9gl\u00e9e individuellement pour chaque composant, dans un processus s\u00fbr et tra\u00e7able contr\u00f4l\u00e9 par une technologie de pesage. Les vannes sp\u00e9ciales sans joint torique, de conception brevet\u00e9e, assurent une fiabilit\u00e9 durable. De plus, la t\u00eate de dosage est enti\u00e8rement car\u00e9n\u00e9e afin d\u2019\u00e9liminer les variations de pes\u00e9e dues au vent ou \u00e0 d\u2019autres sources externes. Le syst\u00e8me Micro se caract\u00e9rise par le mouvement horizontal des vannes vers un point de dosage central, ce qui \u00e9vite les \u00e9claboussures et les salissures.    <\/p>\n<p>Particuli\u00e8rement avantageux lorsque des couleurs sur mesure sont requises, Micro peut \u00eatre reli\u00e9 \u00e0 un syst\u00e8me de dosage de production plus grand. Cela permet un appariement des couleurs tr\u00e8s efficace, un \u00e9chantillonnage automatique et une mise \u00e0 l\u2019\u00e9chelle vers la production des couleurs approuv\u00e9es.<\/p>\n<\/div><\/div><\/div><\/div><\/div><\/div><\/section><section class=\"l-section wpb_row us_custom_c8d751ec height_medium\"><div class=\"l-section-h i-cf\"><div class=\"g-cols vc_row via_grid cols_1-3 laptops-cols_inherit tablets-cols_inherit mobiles-cols_1 valign_top type_default stacking_default\"><div class=\"wpb_column vc_column_container us_custom_7e20fa79 us_animate_this\"><div class=\"vc_column-inner\"><div class=\"wpb_text_column us_custom_174848e7\"><div class=\"wpb_wrapper\"><h3>Lignes d\u2019\u00e9chantillonnage automatis\u00e9es \u00e0 grande vitesse <a href=\"https:\/\/www.dromont.com\/solutions\/e-commerce-automatic-lines\/e-commerce-sample-lines\/\">sample lines<\/a><\/h3>\n<\/div><\/div><\/div><\/div><div class=\"wpb_column vc_column_container us_custom_47474b22 us_animate_this\"><div class=\"vc_column-inner\"><div class=\"wpb_text_column us_custom_3b73d209\"><div class=\"wpb_wrapper\"><p>La ligne e-Sample est une ligne d\u2019\u00e9chantillonnage enti\u00e8rement automatis\u00e9e con\u00e7ue pour les laboratoires, offrant toutes les couleurs dans un pot d\u2019\u00e9chantillon en quelques secondes. La ligne repose sur une <strong>nouvelle approche de remplissage et de teintage en ligne, alternant le dosage des bases (avec la t\u00eate de dosage Micro) et des colorants (avec la machine de teintage Prima)<\/strong>, \u00e9liminant l\u2019effet d\u00e9sagr\u00e9able de retrouver des colorants pi\u00e9g\u00e9s dans les coins du couvercle apr\u00e8s m\u00e9lange.<\/p>\n<\/div><\/div><div class=\"wpb_text_column us_custom_3b73d209\"><div class=\"wpb_wrapper\"><ul>\n<li class=\"mb20\">Con\u00e7ue pour r\u00e9pondre au besoin de <strong>changer fr\u00e9quemment les mat\u00e9riaux de base<\/strong> \u00e0 des fins de R&amp;D et d\u2019essais<\/li>\n<li><strong>Changement de couleur sans interruption<\/strong><\/li>\n<li class=\"mb20\"><strong>Id\u00e9ale pour g\u00e9rer la complexit\u00e9 <\/strong>de toute quantit\u00e9, couleur, brillance ou taille de contenant<\/li>\n<li class=\"mb20\">Toutes les couleurs propos\u00e9es dans de petits pots d\u2019\u00e9chantillons afin de <strong>minimiser les quantit\u00e9s de d\u00e9chets<\/strong><\/li>\n<li class=\"mb20\">Gestion en ligne de <strong>balances de haute pr\u00e9cision pour les bases et les colorants <\/strong> <\/li>\n<li class=\"mb20\">Les <strong>processus automatis\u00e9s<\/strong> r\u00e9duisent la main-d\u2019\u0153uvre et augmentent le d\u00e9bit \u00e0 faible co\u00fbt<\/li>\n<li class=\"mb20\"><strong>R\u00e9sultats \u00e9volutifs<\/strong> et tra\u00e7abilit\u00e9 par pot unique<\/li>\n<\/ul>\n<\/div><\/div><\/div><\/div><\/div><\/div><\/section>\n","protected":false},"excerpt":{"rendered":"Lignes combin\u00e9es en-can + laboratoire Technologie combin\u00e9e laboratoire + production pour la pr\u00e9paration de couleurs sur mesure La technologie combin\u00e9e est la solution id\u00e9ale pour la pr\u00e9paration de couleurs sur mesure et la production automatique ult\u00e9rieure du lot. Les deux machines sont raccord\u00e9es aux m\u00eames cuves de stockage de mati\u00e8res premi\u00e8res. Gr\u00e2ce au Micro doseur...","protected":false},"author":1,"featured_media":0,"parent":14045,"menu_order":0,"comment_status":"closed","ping_status":"closed","template":"","meta":{"_acf_changed":false,"footnotes":""},"class_list":["post-13929","page","type-page","status-publish","hentry"],"acf":[],"_links":{"self":[{"href":"https:\/\/www.dromont.com\/fr\/wp-json\/wp\/v2\/pages\/13929","targetHints":{"allow":["GET"]}}],"collection":[{"href":"https:\/\/www.dromont.com\/fr\/wp-json\/wp\/v2\/pages"}],"about":[{"href":"https:\/\/www.dromont.com\/fr\/wp-json\/wp\/v2\/types\/page"}],"author":[{"embeddable":true,"href":"https:\/\/www.dromont.com\/fr\/wp-json\/wp\/v2\/users\/1"}],"replies":[{"embeddable":true,"href":"https:\/\/www.dromont.com\/fr\/wp-json\/wp\/v2\/comments?post=13929"}],"version-history":[{"count":7,"href":"https:\/\/www.dromont.com\/fr\/wp-json\/wp\/v2\/pages\/13929\/revisions"}],"predecessor-version":[{"id":14196,"href":"https:\/\/www.dromont.com\/fr\/wp-json\/wp\/v2\/pages\/13929\/revisions\/14196"}],"up":[{"embeddable":true,"href":"https:\/\/www.dromont.com\/fr\/wp-json\/wp\/v2\/pages\/14045"}],"wp:attachment":[{"href":"https:\/\/www.dromont.com\/fr\/wp-json\/wp\/v2\/media?parent=13929"}],"curies":[{"name":"wp","href":"https:\/\/api.w.org\/{rel}","templated":true}]}}