{"id":13936,"date":"2026-02-09T14:15:16","date_gmt":"2026-02-09T14:15:16","guid":{"rendered":"https:\/\/www.dromont.com\/lignes-en-bidon\/"},"modified":"2026-02-19T11:18:20","modified_gmt":"2026-02-19T11:18:20","slug":"lignes-en-bidon","status":"publish","type":"page","link":"https:\/\/www.dromont.com\/fr\/solutions\/systemes-de-dosage-en-usine\/lignes-en-bidon\/","title":{"rendered":"Lignes en bidon"},"content":{"rendered":"<section class=\"l-section wpb_row us_custom_542b8ca0 height_medium\"><div class=\"l-section-overlay\" style=\"background:rgba(26,26,26,0.6)\"><\/div><div class=\"l-section-h i-cf\"><div class=\"g-cols vc_row via_grid cols_3-1 laptops-cols_inherit tablets-cols_inherit mobiles-cols_1 valign_middle type_default stacking_default\"><div class=\"wpb_column vc_column_container us_custom_7e20fa79 us_animate_this\"><div class=\"vc_column-inner\"><div class=\"wpb_text_column us_custom_de150e26 has_text_color\"><div class=\"wpb_wrapper\"><h1>Lignes en bidon<\/h1>\n<\/div><\/div><div class=\"w-separator size_small\"><\/div><div class=\"wpb_text_column us_custom_836f727b has_text_color\"><div class=\"wpb_wrapper\"><p><span>Peinture d\u00e9corative et industrielle \u00e0 la demande<\/span><br \/>\nDes bo\u00eetes vides aux produits finis<\/p>\n<\/div><\/div><\/div><\/div><div class=\"wpb_column vc_column_container\"><div class=\"vc_column-inner\"><\/div><\/div><\/div><\/div><\/section><section class=\"l-section wpb_row height_huge color_alternate\"><div class=\"l-section-h i-cf\"><div class=\"g-cols vc_row via_grid cols_2 laptops-cols_inherit tablets-cols_inherit mobiles-cols_1 valign_middle type_default stacking_default\"><div class=\"wpb_column vc_column_container us_custom_47474b22 us_animate_this\"><div class=\"vc_column-inner\"><div class=\"wpb_text_column iconabox-titolo\"><div class=\"wpb_wrapper\"><p>Dromont con\u00e7oit et fabrique des <strong>lignes enti\u00e8rement automatiques de remplissage en bo\u00eete permettant de doser tous les composants dans des bo\u00eetes et seaux vides ou pr\u00e9remplis<\/strong> qui servent de contenants finaux d\u2019exp\u00e9dition. Cette technologie int\u00e8gre des lignes de manutention compl\u00e8tes, incluant l\u2019\u00e9tiquetage, l\u2019agitation et la palettisation.<\/p>\n<p>Cette solution permet une fabrication rapide, avec peu de d\u00e9chets et \u00e0 faible co\u00fbt, de produits personnalis\u00e9s, sans n\u00e9cessit\u00e9 de stocker des produits finis. Vous pouvez ainsi accro\u00eetre la rentabilit\u00e9 en r\u00e9duisant les d\u00e9lais de livraison et en diminuant l\u2019espace d\u2019entreposage, les stocks et le fonds de roulement.<\/p>\n<\/div><\/div><div class=\"w-separator size_small\"><\/div><\/div><\/div><div class=\"wpb_column vc_column_container\"><div class=\"vc_column-inner\"><div class=\"w-image align_none\"><div class=\"w-image-h\"><img decoding=\"async\" width=\"1024\" height=\"591\" src=\"https:\/\/www.dromont.com\/wp-content\/uploads\/2026\/02\/Foto-In-Can-Line-Behr-per-sito-min-scaled-1-1024x591.jpg\" class=\"attachment-large size-large\" alt=\"\" loading=\"lazy\" srcset=\"https:\/\/www.dromont.com\/wp-content\/uploads\/2026\/02\/Foto-In-Can-Line-Behr-per-sito-min-scaled-1-1024x591.jpg 1024w, https:\/\/www.dromont.com\/wp-content\/uploads\/2026\/02\/Foto-In-Can-Line-Behr-per-sito-min-scaled-1-300x173.jpg 300w\" sizes=\"auto, (max-width: 1024px) 100vw, 1024px\" \/><\/div><\/div><\/div><\/div><\/div><\/div><\/section><section class=\"l-section wpb_row height_huge\"><div class=\"l-section-h i-cf\"><div class=\"g-cols vc_row via_grid cols_2 laptops-cols_inherit tablets-cols_inherit mobiles-cols_1 valign_middle type_default stacking_default\"><div class=\"wpb_column vc_column_container\"><div class=\"vc_column-inner\"><div class=\"w-image align_none\"><div class=\"w-image-h\"><img decoding=\"async\" width=\"1024\" height=\"704\" src=\"https:\/\/www.dromont.com\/wp-content\/uploads\/2026\/02\/high-speed-in-can-line-1024x704.jpg\" class=\"attachment-large size-large\" alt=\"\" loading=\"lazy\" srcset=\"https:\/\/www.dromont.com\/wp-content\/uploads\/2026\/02\/high-speed-in-can-line-1024x704.jpg 1024w, https:\/\/www.dromont.com\/wp-content\/uploads\/2026\/02\/high-speed-in-can-line-300x206.jpg 300w\" sizes=\"auto, (max-width: 1024px) 100vw, 1024px\" \/><\/div><\/div><\/div><\/div><div class=\"wpb_column vc_column_container us_custom_47474b22 us_animate_this\"><div class=\"vc_column-inner\"><div class=\"wpb_text_column iconabox-titolo\"><div class=\"wpb_wrapper\"><p><span>Dromont fournit des <strong>lignes de production int\u00e9gr\u00e9es cl\u00e9s en main<\/strong> compl\u00e8tes, con\u00e7ues pour r\u00e9pondre aux divers besoins des installations de fabrication modernes. Au-del\u00e0 des \u00e9quipements de traitement principaux, nous fournissons tous les syst\u00e8mes auxiliaires n\u00e9cessaires \u00e0 une exploitation enti\u00e8rement automatis\u00e9e et fluide. Cela comprend des unit\u00e9s de d\u00e9nestage pour une manipulation efficace des contenants, des syst\u00e8mes d&rsquo;impression et d&rsquo;application d&rsquo;\u00e9tiquettes pour une identification pr\u00e9cise des produits, ainsi que des stations de fermeture automatique pour garantir une qualit\u00e9 constante de scellage et d&#8217;emballage.<\/span><\/p>\n<p>Nos solutions comprennent \u00e9galement des stations de m\u00e9lange multiples robotis\u00e9es, capables de traiter des formulations complexes avec pr\u00e9cision et r\u00e9p\u00e9tabilit\u00e9, ainsi que des palettiseurs qui organisent les produits finis pour le stockage ou l&rsquo;exp\u00e9dition avec une efficacit\u00e9 maximale. Chaque composant est soutenu par un syst\u00e8me de contr\u00f4le logiciel et mat\u00e9riel complet, permettant une surveillance centralis\u00e9e, une optimisation des processus et une collecte de donn\u00e9es en temps r\u00e9el.<\/p>\n<\/div><\/div><div class=\"w-separator size_small\"><\/div><\/div><\/div><\/div><\/div><\/section><section class=\"l-section wpb_row height_medium\"><div class=\"l-section-h i-cf\"><div class=\"g-cols vc_row via_grid cols_1 laptops-cols_inherit tablets-cols_inherit mobiles-cols_1 valign_top type_default stacking_default\"><div class=\"wpb_column vc_column_container\"><div class=\"vc_column-inner\"><div class=\"w-btn-wrapper align_center\"><a class=\"w-btn us-btn-style_3 us_custom_60e9caca us_animate_this\" href=\"https:\/\/dromont-dev.com\/wp-content\/uploads\/2026\/02\/BROCHURE-In-Can-Lines.pdf\"><span class=\"w-btn-label\">T\u00e9l\u00e9charger la brochure<\/span><\/a><\/div><\/div><\/div><\/div><\/div><\/section>\n","protected":false},"excerpt":{"rendered":"Lignes en bidon Peinture d\u00e9corative et industrielle \u00e0 la demande Des bo\u00eetes vides aux produits finis Dromont con\u00e7oit et fabrique des lignes enti\u00e8rement automatiques de remplissage en bo\u00eete permettant de doser tous les composants dans des bo\u00eetes et seaux vides ou pr\u00e9remplis qui servent de contenants finaux d\u2019exp\u00e9dition. Cette technologie int\u00e8gre des lignes de manutention...","protected":false},"author":1,"featured_media":0,"parent":14045,"menu_order":0,"comment_status":"closed","ping_status":"closed","template":"","meta":{"_acf_changed":false,"footnotes":""},"class_list":["post-13936","page","type-page","status-publish","hentry"],"acf":[],"_links":{"self":[{"href":"https:\/\/www.dromont.com\/fr\/wp-json\/wp\/v2\/pages\/13936","targetHints":{"allow":["GET"]}}],"collection":[{"href":"https:\/\/www.dromont.com\/fr\/wp-json\/wp\/v2\/pages"}],"about":[{"href":"https:\/\/www.dromont.com\/fr\/wp-json\/wp\/v2\/types\/page"}],"author":[{"embeddable":true,"href":"https:\/\/www.dromont.com\/fr\/wp-json\/wp\/v2\/users\/1"}],"replies":[{"embeddable":true,"href":"https:\/\/www.dromont.com\/fr\/wp-json\/wp\/v2\/comments?post=13936"}],"version-history":[{"count":5,"href":"https:\/\/www.dromont.com\/fr\/wp-json\/wp\/v2\/pages\/13936\/revisions"}],"predecessor-version":[{"id":14285,"href":"https:\/\/www.dromont.com\/fr\/wp-json\/wp\/v2\/pages\/13936\/revisions\/14285"}],"up":[{"embeddable":true,"href":"https:\/\/www.dromont.com\/fr\/wp-json\/wp\/v2\/pages\/14045"}],"wp:attachment":[{"href":"https:\/\/www.dromont.com\/fr\/wp-json\/wp\/v2\/media?parent=13936"}],"curies":[{"name":"wp","href":"https:\/\/api.w.org\/{rel}","templated":true}]}}