{"id":13981,"date":"2026-01-12T16:45:54","date_gmt":"2026-01-12T16:45:54","guid":{"rendered":"https:\/\/www.dromont.com\/entreprise\/"},"modified":"2026-02-19T11:24:46","modified_gmt":"2026-02-19T11:24:46","slug":"entreprise","status":"publish","type":"page","link":"https:\/\/www.dromont.com\/fr\/entreprise\/","title":{"rendered":"Entreprise"},"content":{"rendered":"<section class=\"l-section wpb_row us_custom_7b93182a has_text_color height_medium\"><div class=\"l-section-overlay\" style=\"background:rgba(26,26,26,0.7)\"><\/div><div class=\"l-section-h i-cf\"><div class=\"g-cols vc_row via_grid cols_1 laptops-cols_inherit tablets-cols_inherit mobiles-cols_1 valign_middle type_default stacking_default\"><div class=\"wpb_column vc_column_container\"><div class=\"vc_column-inner\"><div class=\"wpb_text_column\"><div class=\"wpb_wrapper\"><h1 style=\"text-align: center; font-weight: normal;\"><span>Entreprise<\/span><\/h1>\n<\/div><\/div><div class=\"w-separator size_medium\"><\/div><div class=\"wpb_text_column us_custom_abaebcfc\"><div class=\"wpb_wrapper\"><p style=\"text-align: center;\"><span>Fond\u00e9e en 1987 par la famille Drocco pr\u00e8s de la ville m\u00e9di\u00e9vale d&rsquo;Alba, <\/span><strong>Dromont<\/strong><span> est reconnue mondialement comme l&rsquo;un des leaders les plus fiables et innovants dans le domaine des lignes et solutions automatis\u00e9es pour les industries de la peinture, des rev\u00eatements, des produits chimiques, des cosm\u00e9tiques, de l&rsquo;alimentation et des produits pharmaceutiques. Aujourd&rsquo;hui, l&rsquo;entreprise est d\u00e9tenue par <\/span><strong>Dott. Luca Drocco<\/strong><\/p>\n<\/div><\/div><\/div><\/div><\/div><\/div><\/section><section class=\"l-section wpb_row us_custom_55ee54d1 height_medium color_alternate\" id=\"who-we-are\"><div class=\"l-section-h i-cf\"><div class=\"g-cols vc_row via_grid cols_1 laptops-cols_inherit tablets-cols_inherit mobiles-cols_1 valign_top type_default stacking_default\"><div class=\"wpb_column vc_column_container\"><div class=\"vc_column-inner\"><div class=\"wpb_text_column us_custom_174848e7 titolo-lp\"><div class=\"wpb_wrapper\"><h2 style=\"text-align: center;\">Qui sommes-nous<\/h2>\n<\/div><\/div><div class=\"w-video us_custom_402d8fec align_center ratio_16x9 has_iframe\"><div class=\"w-video-h\"><iframe title=\"Youtube video player\" src=\"\/\/www.youtube.com\/embed\/8mbf69vFhLM?autoplay=0&controls=1&origin=https:\/\/www.dromont.com\/fr\/&loop=0&mute=0\" allowfullscreen=\"1\" loading=\"lazy\"><\/iframe><\/div><\/div><\/div><\/div><\/div><\/div><\/section><section class=\"l-section wpb_row height_huge\"><div class=\"l-section-h i-cf\"><div class=\"g-cols vc_row via_grid cols_2 laptops-cols_inherit tablets-cols_inherit mobiles-cols_1 valign_middle type_default reversed stacking_default\"><div class=\"wpb_column vc_column_container us_custom_47474b22 us_animate_this\"><div class=\"vc_column-inner\"><div class=\"w-image align_none\"><div class=\"w-image-h\"><img decoding=\"async\" width=\"1024\" height=\"683\" src=\"https:\/\/www.dromont.com\/wp-content\/uploads\/2026\/02\/Dromont_Perfecta-1024x683.jpg\" class=\"attachment-large size-large\" alt=\"\" loading=\"lazy\" srcset=\"https:\/\/www.dromont.com\/wp-content\/uploads\/2026\/02\/Dromont_Perfecta-1024x683.jpg 1024w, https:\/\/www.dromont.com\/wp-content\/uploads\/2026\/02\/Dromont_Perfecta-300x200.jpg 300w\" sizes=\"auto, (max-width: 1024px) 100vw, 1024px\" \/><\/div><\/div><\/div><\/div><div class=\"wpb_column vc_column_container us_custom_fa346f51 us_animate_this has_bg_color\"><div class=\"vc_column-inner\"><div class=\"wpb_text_column\"><div class=\"wpb_wrapper\"><h2>Ce que nous faisons<\/h2>\n<\/div><\/div><div class=\"w-separator size_small\"><\/div><div class=\"wpb_text_column us_custom_432d3f53\"><div class=\"wpb_wrapper\"><p>Dromont est internationalement reconnue pour ses trois secteurs de produits principaux : les machines de teinture au d\u00e9tail, les syst\u00e8mes de dosage en usine et les lignes automatiques pour le commerce \u00e9lectronique.<\/p>\n<p>Les <strong>machines de teinture au d\u00e9tail<\/strong> Dromont sont con\u00e7ues autour d&rsquo;une technologie de pompe sp\u00e9cifique et unique, illustr\u00e9e par la gamme Perfecta de distributeurs au d\u00e9tail, lanc\u00e9e plus r\u00e9cemment. Pr\u00e9cision et rapidit\u00e9 sont les pierres angulaires de la gamme Perfecta, et Dromont \u00e9tablit ici de nouvelles normes. Les avantages significatifs sont particuli\u00e8rement ressentis par les op\u00e9rateurs eux-m\u00eames, pour qui ces machines sont pratiquement sans entretien et \u00e0 l&rsquo;abri des erreurs de teinte.<\/p>\n<\/div><\/div><\/div><\/div><\/div><\/div><\/section><section class=\"l-section wpb_row height_huge color_alternate\"><div class=\"l-section-h i-cf\"><div class=\"g-cols vc_row via_grid cols_2 laptops-cols_inherit tablets-cols_inherit mobiles-cols_1 valign_middle type_default reversed stacking_default\"><div class=\"wpb_column vc_column_container us_custom_b2547913 us_animate_this has_bg_color\"><div class=\"vc_column-inner\"><div class=\"wpb_text_column us_custom_432d3f53\"><div class=\"wpb_wrapper\"><p>Le succ\u00e8s des <strong>syst\u00e8mes de distribution en usine Dromont<\/strong> repose sur le <strong>Selecta Wheel<\/strong>, une r\u00e9f\u00e9rence \u00e9tablie de longue date et toujours leader sur le march\u00e9 de la distribution en usine, v\u00e9ritable norme en mati\u00e8re de manutention automatis\u00e9e. Cette technologie d&rsquo;ing\u00e9nierie brevet\u00e9e unique permet aux clients de distribuer automatiquement <strong>jusqu&rsquo;\u00e0 100<\/strong> mati\u00e8res premi\u00e8res dans des contenants de pratiquement toutes tailles, formes ou configurations, offrant une flexibilit\u00e9 et une efficacit\u00e9 op\u00e9rationnelle in\u00e9gal\u00e9es. <\/p>\n<p>En int\u00e9grant un dosage de pr\u00e9cision, des syst\u00e8mes de contr\u00f4le avanc\u00e9s et une automatisation intelligente, le Selecta Wheel garantit une <strong>vitesse, une pr\u00e9cision et une r\u00e9p\u00e9tabilit\u00e9 exceptionnelles dans chaque op\u00e9ration<\/strong>. Ces capacit\u00e9s se traduisent par des avantages tangibles pour nos clients, notamment la r\u00e9duction des co\u00fbts de main-d&rsquo;\u0153uvre, la minimisation du gaspillage de mat\u00e9riaux, l&rsquo;acc\u00e9l\u00e9ration des cycles de production et une qualit\u00e9 de produit constante pour tous les lots. <\/p>\n<p>Le d\u00e9veloppement autour du Selecta Wheel et l&rsquo;am\u00e9lioration continue de son concept constituent une mission centrale pour Dromont. Au fil des ann\u00e9es, les am\u00e9liorations apport\u00e9es \u00e0 l&rsquo;int\u00e9gration logicielle, \u00e0 la conception m\u00e9canique et aux dispositifs de s\u00e9curit\u00e9 l&rsquo;ont transform\u00e9 en composant essentiel des op\u00e9rations cl\u00e9s en main modernes. Aujourd&rsquo;hui, le Selecta constitue le fondement de syst\u00e8mes de distribution enti\u00e8rement automatis\u00e9s, prenant en charge des formulations complexes, une production \u00e0 haut d\u00e9bit et des solutions de fabrication \u00e9volutives.  <\/p>\n<p>En exploitant le Selecta Wheel, les entreprises obtiennent un avantage concurrentiel significatif, avec une fiabilit\u00e9 de processus am\u00e9lior\u00e9e, la flexibilit\u00e9 n\u00e9cessaire pour r\u00e9pondre aux besoins de production changeants et la capacit\u00e9 d&rsquo;optimiser les co\u00fbts op\u00e9rationnels. Il repr\u00e9sente non seulement une machine innovante, mais \u00e9galement un atout strat\u00e9gique qui renforce les performances globales de l&rsquo;usine, son efficacit\u00e9 et sa rentabilit\u00e9.<\/p>\n<\/div><\/div><\/div><\/div><div class=\"wpb_column vc_column_container us_custom_47474b22 us_animate_this\"><div class=\"vc_column-inner\"><div class=\"w-image align_none\"><div class=\"w-image-h\"><img decoding=\"async\" width=\"802\" height=\"1024\" src=\"https:\/\/www.dromont.com\/wp-content\/uploads\/2026\/02\/FOTO-SELECTA-802x1024.jpg\" class=\"attachment-large size-large\" alt=\"\" loading=\"lazy\" srcset=\"https:\/\/www.dromont.com\/wp-content\/uploads\/2026\/02\/FOTO-SELECTA-802x1024.jpg 802w, https:\/\/www.dromont.com\/wp-content\/uploads\/2026\/02\/FOTO-SELECTA-235x300.jpg 235w, https:\/\/www.dromont.com\/wp-content\/uploads\/2026\/02\/FOTO-SELECTA-scaled.jpg 2006w\" sizes=\"auto, (max-width: 802px) 100vw, 802px\" \/><\/div><\/div><\/div><\/div><\/div><\/div><\/section><section class=\"l-section wpb_row us_custom_e11ab399 height_huge\"><div class=\"l-section-h i-cf\"><div class=\"g-cols vc_row via_grid cols_2 laptops-cols_inherit tablets-cols_inherit mobiles-cols_1 valign_middle type_default reversed stacking_default\"><div class=\"wpb_column vc_column_container us_custom_47474b22 us_animate_this\"><div class=\"vc_column-inner\"><div class=\"w-image align_none\"><div class=\"w-image-h\"><img decoding=\"async\" width=\"1024\" height=\"684\" src=\"https:\/\/www.dromont.com\/wp-content\/uploads\/2026\/02\/Dromont_E-Commerce-In-Can-Line-1024x684.jpg\" class=\"attachment-large size-large\" alt=\"\" loading=\"lazy\" srcset=\"https:\/\/www.dromont.com\/wp-content\/uploads\/2026\/02\/Dromont_E-Commerce-In-Can-Line-1024x684.jpg 1024w, https:\/\/www.dromont.com\/wp-content\/uploads\/2026\/02\/Dromont_E-Commerce-In-Can-Line-300x200.jpg 300w\" sizes=\"auto, (max-width: 1024px) 100vw, 1024px\" \/><\/div><\/div><\/div><\/div><div class=\"wpb_column vc_column_container us_custom_fa346f51 us_animate_this has_bg_color\"><div class=\"vc_column-inner\"><div class=\"wpb_text_column us_custom_432d3f53\"><div class=\"wpb_wrapper\"><p>Les <strong>lignes automatiques e-Commerce<\/strong> Dromont combinent les technologies de teinte au d\u00e9tail et de distribution en usine pour relever un d\u00e9fi majeur du XXIe si\u00e8cle : r\u00e9pondre \u00e0 la croissance rapide des commandes en ligne tout en g\u00e9rant efficacement l&rsquo;ex\u00e9cution et le r\u00e9approvisionnement \u00e0 grande \u00e9chelle.<\/p>\n<p>Cette solution innovante permet une personnalisation de masse et un traitement \u00e0 haute vitesse sans augmenter les co\u00fbts d&rsquo;inventaire ou d&rsquo;entreposage. D\u00e9j\u00e0 adopt\u00e9e par certains des plus grands d\u00e9taillants et fabricants de peinture au monde, elle offre <strong>fiabilit\u00e9, rapidit\u00e9 et pr\u00e9cision pour chaque commande.<\/strong><\/p>\n<\/div><\/div><\/div><\/div><\/div><\/div><\/section><section class=\"l-section wpb_row height_medium\" id=\"certifications\"><div class=\"l-section-h i-cf\"><div class=\"g-cols vc_row via_grid cols_1 laptops-cols_inherit tablets-cols_inherit mobiles-cols_1 valign_top type_default stacking_default\"><div class=\"wpb_column vc_column_container\"><div class=\"vc_column-inner\"><div class=\"wpb_text_column us_custom_a57bf3d5 titolo-lp\"><div class=\"wpb_wrapper\"><h3>Certifications<\/h3>\n<\/div><\/div><div class=\"wpb_text_column us_custom_84eb0da1\"><div class=\"wpb_wrapper\"><div class=\"wpb_text_column us_custom_c340b441\">\n<div class=\"wpb_wrapper\">\n<p>L&rsquo;installation de production de Dromont est certifi\u00e9e selon la norme de syst\u00e8me de management de la qualit\u00e9<span> <\/span><strong>ISO 9001<\/strong><span> <\/span>et les normes de syst\u00e8me de management de la sant\u00e9 et de la s\u00e9curit\u00e9 au travail<span> <\/span><strong>ISO 45001<\/strong><span>.<\/span><\/p>\n<\/div>\n<\/div>\n<div class=\"wpb_text_column us_custom_3d711645 has_text_color\">\n<div class=\"wpb_wrapper\">\n<ul>\n<li><a href=\"http:\/\/www.dromont.com\/wp-content\/uploads\/2023\/07\/ISO-45001-10000456986-MSC-ACCREDIA-ITA-1-en-US-20221129-20221129121404.pdf\" target=\"_blank\" rel=\"noopener\">Syst\u00e8me de management HSE ISO 45001:2018<\/a><\/li>\n<li><a href=\"http:\/\/www.dromont.com\/wp-content\/uploads\/2024\/10\/Certificate-ISO-9001-2015_expiry-2027-11-11.pdf\" target=\"_blank\" rel=\"noopener\">Syst\u00e8me de management de la qualit\u00e9 ISO 9001:2015<\/a><\/li>\n<li><a href=\"http:\/\/www.dromont.com\/wp-content\/uploads\/2022\/10\/DOC-005-rev.-02-del-30.09.2022-Politica-per-la-Sicurezza.pdf\" target=\"_blank\" rel=\"noopener\">Politique de s\u00e9curit\u00e9<\/a><\/li>\n<\/ul>\n<\/div>\n<\/div>\n<div class=\"wpb_text_column us_custom_fc247c0b\">\n<div class=\"wpb_wrapper\">\n<p>Nous avons \u00e9galement re\u00e7u la<span> <\/span><strong>m\u00e9daille d&rsquo;or EcoVadis 2022<\/strong><span> <\/span>pour nos approches en mati\u00e8re de durabilit\u00e9 dans les domaines de l&rsquo;environnement, des conditions de travail et des droits de l&rsquo;homme, de l&rsquo;\u00e9thique et des achats durables.<\/p>\n<\/div>\n<\/div>\n<div class=\"wpb_text_column us_custom_a206f700 has_text_color\">\n<div class=\"wpb_wrapper\">\n<ul>\n<li>\u00c9valuation de durabilit\u00e9 EcoVadis 2022 \u2013 M\u00e9daille d&rsquo;or<\/li>\n<\/ul>\n<\/div>\n<\/div>\n<div class=\"wpb_text_column us_custom_fc247c0b\">\n<div class=\"wpb_wrapper\">\n<p>Enfin, nous sommes class\u00e9s parmi les<span> <\/span><strong>Cribis Prime Companies<\/strong>, une reconnaissance internationale qui certifie une fiabilit\u00e9 commerciale maximale.<\/p>\n<\/div>\n<\/div>\n<div class=\"wpb_text_column us_custom_a206f700 has_text_color\">\n<div class=\"wpb_wrapper\">\n<ul>\n<li><a href=\"http:\/\/www.dromont.com\/wp-content\/uploads\/2022\/10\/Rating-certification.pdf\" target=\"_blank\" rel=\"noopener\">Certification CRIBIS Prime Company Rating<\/a><\/li>\n<\/ul>\n<\/div>\n<\/div>\n<div class=\"wpb_text_column us_custom_c340b441\">\n<div class=\"wpb_wrapper\">\n<p>Nos certificats confirment la conformit\u00e9 de la gestion, des processus et des pratiques de l&rsquo;entreprise aux normes internationales de qualit\u00e9, d&rsquo;environnement, de sant\u00e9 et de s\u00e9curit\u00e9 au travail, et garantissent leur d\u00e9veloppement syst\u00e9matique.<\/p>\n<\/div>\n<\/div>\n<div class=\"w-image align_center\"><\/div>\n<\/div><\/div><\/div><\/div><\/div><\/div><\/section><section class=\"l-section wpb_row height_medium\"><div class=\"l-section-h i-cf\"><div class=\"g-cols vc_row via_grid cols_1 laptops-cols_inherit tablets-cols_inherit mobiles-cols_1 valign_top type_default stacking_default\"><div class=\"wpb_column vc_column_container\"><div class=\"vc_column-inner\"><div class=\"w-image align_center\"><div class=\"w-image-h\"><img decoding=\"async\" width=\"1024\" height=\"113\" src=\"https:\/\/www.dromont.com\/wp-content\/uploads\/2026\/02\/certificazioni-about-us-1024x113.png\" class=\"attachment-large size-large\" alt=\"\" loading=\"lazy\" srcset=\"https:\/\/www.dromont.com\/wp-content\/uploads\/2026\/02\/certificazioni-about-us-1024x113.png 1024w, https:\/\/www.dromont.com\/wp-content\/uploads\/2026\/02\/certificazioni-about-us-300x33.png 300w, https:\/\/www.dromont.com\/wp-content\/uploads\/2026\/02\/certificazioni-about-us.png 1499w\" sizes=\"auto, (max-width: 1024px) 100vw, 1024px\" \/><\/div><\/div><\/div><\/div><\/div><\/div><\/section><section class=\"l-section wpb_row us_custom_e176b464 height_small\"><div class=\"l-section-h i-cf\"><div class=\"g-cols vc_row via_grid cols_1 laptops-cols_inherit tablets-cols_inherit mobiles-cols_1 valign_top type_default stacking_default\"><div class=\"wpb_column vc_column_container has-link\"><div class=\"vc_column-inner\"><div class=\"wpb_text_column us_custom_659b7d63 has_text_color\"><div class=\"wpb_wrapper\"><p>Un Groupe, trois grandes Marques<\/p>\n<\/div><\/div><div class=\"wpb_text_column us_custom_bef3723d has_text_color\"><div class=\"wpb_wrapper\"><div class=\"vc_column-inner\">\n<div class=\"wpb_text_column us_custom_132b54e4 has_text_color\">\n<div class=\"wpb_wrapper\">\n<p>Depuis 2012, <strong>Dromont<\/strong>, Comec et Qoncept font partie du <strong>DromontGroup<\/strong>.<\/p>\n<\/div>\n<\/div>\n<div class=\"wpb_text_column us_custom_66f0e55e has_text_color\">\n<div class=\"wpb_wrapper\">\n<p>D\u00e9velopp\u00e9 gr\u00e2ce \u00e0 une recherche et une innovation constantes, rendues possibles par la synergie de<span> <\/span><strong>personnes engag\u00e9es et talentueuses<\/strong><span> <\/span><strong>personnes<\/strong>, le Groupe excelle dans le d\u00e9veloppement d&rsquo;<strong><span> <\/span>ing\u00e9nierie, de processus et d&rsquo;\u00e9quipements<\/strong> uniques. Les r\u00e9sultats pour nos partenaires sont des<strong><span> <\/span>avantages concurrentiels financiers<\/strong> <span> <\/span>et des solutions<span> <\/span><strong>diff\u00e9renci\u00e9es r\u00e9volutionnaires<\/strong><span> <\/span>pour les entreprises et les industries.<\/p>\n<p>Le DromontGroup a d\u00e9velopp\u00e9 une<strong><span> <\/span>nouvelle identit\u00e9<\/strong><span> <\/span>liant ses<span> <\/span><strong>d\u00e9veloppements commerciaux multidimensionnels<\/strong><span> <\/span>tout en offrant une navigation simplifi\u00e9e et plus intuitive \u00e0 travers ses produits et services.<\/p>\n<\/div>\n<\/div>\n<\/div>\n<\/div><\/div><div class=\"wpb_text_column us_custom_2a29ed06 has_text_color\"><div class=\"wpb_wrapper\"><p style=\"text-align: right;\">D\u00e9couvrir plus<\/p>\n<\/div><\/div><\/div><a href=\"http:\/\/www.dromontgroup.com\" class=\"vc_column-link smooth-scroll\" aria-label=\"Lien\"><\/a><\/div><\/div><\/div><\/section>\n","protected":false},"excerpt":{"rendered":"Entreprise Fond\u00e9e en 1987 par la famille Drocco pr\u00e8s de la ville m\u00e9di\u00e9vale d&rsquo;Alba, Dromont est reconnue mondialement comme l&rsquo;un des leaders les plus fiables et innovants dans le domaine des lignes et solutions automatis\u00e9es pour les industries de la peinture, des rev\u00eatements, des produits chimiques, des cosm\u00e9tiques, de l&rsquo;alimentation et des produits pharmaceutiques. Aujourd&rsquo;hui,...","protected":false},"author":1,"featured_media":0,"parent":0,"menu_order":0,"comment_status":"closed","ping_status":"closed","template":"","meta":{"_acf_changed":false,"footnotes":""},"class_list":["post-13981","page","type-page","status-publish","hentry"],"acf":[],"_links":{"self":[{"href":"https:\/\/www.dromont.com\/fr\/wp-json\/wp\/v2\/pages\/13981","targetHints":{"allow":["GET"]}}],"collection":[{"href":"https:\/\/www.dromont.com\/fr\/wp-json\/wp\/v2\/pages"}],"about":[{"href":"https:\/\/www.dromont.com\/fr\/wp-json\/wp\/v2\/types\/page"}],"author":[{"embeddable":true,"href":"https:\/\/www.dromont.com\/fr\/wp-json\/wp\/v2\/users\/1"}],"replies":[{"embeddable":true,"href":"https:\/\/www.dromont.com\/fr\/wp-json\/wp\/v2\/comments?post=13981"}],"version-history":[{"count":9,"href":"https:\/\/www.dromont.com\/fr\/wp-json\/wp\/v2\/pages\/13981\/revisions"}],"predecessor-version":[{"id":14300,"href":"https:\/\/www.dromont.com\/fr\/wp-json\/wp\/v2\/pages\/13981\/revisions\/14300"}],"wp:attachment":[{"href":"https:\/\/www.dromont.com\/fr\/wp-json\/wp\/v2\/media?parent=13981"}],"curies":[{"name":"wp","href":"https:\/\/api.w.org\/{rel}","templated":true}]}}