{"id":13995,"date":"2026-01-13T14:36:20","date_gmt":"2026-01-13T14:36:20","guid":{"rendered":"https:\/\/www.dromont.com\/machines-a-teinter-pour-la-vente-au-detail\/"},"modified":"2026-02-25T16:04:05","modified_gmt":"2026-02-25T16:04:05","slug":"machines-a-teinter-pour-la-vente-au-detail","status":"publish","type":"page","link":"https:\/\/www.dromont.com\/fr\/solutions\/machines-a-teinter-pour-la-vente-au-detail\/","title":{"rendered":"Machines \u00e0 teinter pour la vente au d\u00e9tail"},"content":{"rendered":"<section class=\"l-section wpb_row us_custom_cf0e849e height_medium\"><div class=\"l-section-overlay\" style=\"background:rgba(26,26,26,0.6)\"><\/div><div class=\"l-section-h i-cf\"><div class=\"g-cols vc_row via_grid cols_3-1 laptops-cols_inherit tablets-cols_inherit mobiles-cols_1 valign_middle type_default stacking_default\"><div class=\"wpb_column vc_column_container us_custom_7e20fa79 us_animate_this\"><div class=\"vc_column-inner\"><div class=\"wpb_text_column us_custom_de150e26 has_text_color\"><div class=\"wpb_wrapper\"><h1>Machines \u00e0 teinter pour la vente au d\u00e9tail<\/h1>\n<\/div><\/div><div class=\"w-separator size_small\"><\/div><div class=\"wpb_text_column us_custom_836f727b has_text_color\"><div class=\"wpb_wrapper\"><div class=\"wpb_text_column us_custom_df096610\">\n<div class=\"wpb_wrapper\">\n<p>DIY, point de vente &amp; mise \u00e0 la teinte en magasin<\/p>\n<\/div>\n<\/div>\n<div class=\"wpb_text_column us_custom_62f869f3 has_text_color\">\n<div class=\"wpb_wrapper\">\n<p>Distributeurs, m\u00e9langeurs &amp; agitateurs<\/p>\n<\/div>\n<\/div>\n<\/div><\/div><\/div><\/div><div class=\"wpb_column vc_column_container\"><div class=\"vc_column-inner\"><\/div><\/div><\/div><\/div><\/section><section class=\"l-section wpb_row height_medium\"><div class=\"l-section-h i-cf\"><div class=\"g-cols vc_row via_grid cols_1 laptops-cols_inherit tablets-cols_inherit mobiles-cols_1 valign_top type_default stacking_default\"><div class=\"wpb_column vc_column_container\"><div class=\"vc_column-inner\"><div class=\"wpb_text_column us_custom_432d3f53\"><div class=\"wpb_wrapper\"><p><span>Dromont propose des mod\u00e8les sp\u00e9cifiques con\u00e7us pour les points de vente au d\u00e9tail et les centres de teinture r\u00e9gionaux qui desservent les clients bricoleurs et les entrepreneurs professionnels. Les machines sp\u00e9cialement con\u00e7ues pour les <\/span><strong>petites quincailleries et les magasins de peinture de bricolage \u00e0 faible volume<\/strong><span> sont compactes et int\u00e8grent la technologie innovante de Dromont dans un encombrement r\u00e9duit, tout en conservant la m\u00eame efficacit\u00e9 que les machines plus grandes. D&rsquo;autre part, les machines sp\u00e9cialement con\u00e7ues pour les <\/span><strong>magasins de peinture \u00e0 grand volume et les magasins pour entrepreneurs professionnels<\/strong><span> permettent une manipulation facile des grands seaux et disposent de configurations de cartouches flexibles. En option, des convoyeurs \u00e0 rouleaux automatiques et des dispositifs de m\u00e9lange int\u00e9gr\u00e9s peuvent \u00eatre inclus.<\/span><\/p>\n<\/div><\/div><\/div><\/div><\/div><\/div><\/section><section class=\"l-section wpb_row height_medium\"><div class=\"l-section-h i-cf\"><div class=\"g-cols vc_row via_grid cols_2 laptops-cols_inherit tablets-cols_inherit mobiles-cols_1 valign_middle type_default stacking_default\"><div class=\"wpb_column vc_column_container us_custom_7e20fa79 us_animate_this\"><div class=\"vc_column-inner\"><div class=\"w-image prodotto-interno-generico align_none\"><div class=\"w-image-h\"><img decoding=\"async\" width=\"1024\" height=\"683\" src=\"https:\/\/www.dromont.com\/wp-content\/uploads\/2026\/02\/Dromont_Perfecta-1-1024x683.jpg\" class=\"attachment-large size-large\" alt=\"\" loading=\"lazy\" srcset=\"https:\/\/www.dromont.com\/wp-content\/uploads\/2026\/02\/Dromont_Perfecta-1-1024x683.jpg 1024w, https:\/\/www.dromont.com\/wp-content\/uploads\/2026\/02\/Dromont_Perfecta-1-300x200.jpg 300w\" sizes=\"auto, (max-width: 1024px) 100vw, 1024px\" \/><\/div><\/div><\/div><\/div><div class=\"wpb_column vc_column_container us_custom_60e9caca us_animate_this\"><div class=\"vc_column-inner\"><div class=\"wpb_text_column\"><div class=\"wpb_wrapper\"><h2>Perfecta<\/h2>\n<\/div><\/div><div class=\"w-separator size_small\"><\/div><div class=\"wpb_text_column us_custom_432d3f53\"><div class=\"wpb_wrapper\"><p>Perfecta a \u00e9t\u00e9 con\u00e7ue pour r\u00e9pondre aux besoins de nos clients afin d\u2019<span> <\/span><strong>\u00e9viter les erreurs de teinte et la contamination des couleurs<\/strong>,<span> <\/span><strong>faciliter les op\u00e9rations de nettoyage<\/strong><span> <\/span>et<span> <\/span><strong>r\u00e9duire les probl\u00e8mes li\u00e9s aux colorants sans COV<\/strong>.<\/p>\n<p>Nous avons mis \u00e0 profit notre exp\u00e9rience en mati\u00e8re de distribution en usine et l\u2019avons appliqu\u00e9e au march\u00e9 de la vente au d\u00e9tail, r\u00e9solvant ainsi les probl\u00e8mes couramment associ\u00e9s aux machines actuelles.<\/p>\n<p>Avec Perfecta, nous avons fait un autre grand pas en avant, garantissant<span> <\/span><strong>des co\u00fbts r\u00e9duits<\/strong>,<span> <\/span><strong>une plus grande facilit\u00e9 d\u2019utilisation<\/strong><span> <\/span>et une<span> <\/span><strong>approche \u00e0 fort impact de la question de la durabilit\u00e9 environnementale<\/strong>.<\/p>\n<\/div><\/div><div class=\"w-separator size_small\"><\/div><div class=\"w-hwrapper valign_top align_none\"><div class=\"w-btn-wrapper align_left\"><a class=\"w-btn us-btn-style_1\" href=\"https:\/\/www.dromont.com\/wp-content\/uploads\/2026\/02\/BROCHURE-Perfecta.pdf\"><span class=\"w-btn-label\">T\u00e9l\u00e9charger la brochure<\/span><\/a><\/div><div class=\"w-btn-wrapper align_left\"><a class=\"w-btn us-btn-style_1\" href=\"https:\/\/www.dromont.com\/fr\/solutions\/machines-a-teinter-pour-la-vente-au-detail\/perfecta\/\"><span class=\"w-btn-label\">En savoir plus<\/span><\/a><\/div><\/div><\/div><\/div><\/div><\/div><\/section><section class=\"l-section wpb_row height_medium\"><div class=\"l-section-h i-cf\"><div class=\"g-cols vc_row via_grid cols_2 laptops-cols_inherit tablets-cols_inherit mobiles-cols_1 valign_middle type_default reversed stacking_default\"><div class=\"wpb_column vc_column_container us_custom_60e9caca us_animate_this\"><div class=\"vc_column-inner\"><div class=\"wpb_text_column\"><div class=\"wpb_wrapper\"><h2>Prima ET<\/h2>\n<\/div><\/div><div class=\"w-separator size_small\"><\/div><div class=\"wpb_text_column\"><div class=\"wpb_wrapper\"><div class=\"wpb_column vc_column_container\">\n<div class=\"vc_column-inner\">\n<div class=\"wpb_text_column us_custom_dffc3507\">\n<div class=\"wpb_wrapper\">\n<p>Syst\u00e8me de distribution automatique et simultan\u00e9e avec r\u00e9servoirs externes, con\u00e7u pour les grands magasins, les centres de distribution et les entrep\u00f4ts r\u00e9gionaux.<\/p>\n<p>Les r\u00e9servoirs externes (de 25 \u00e0 1000 litres) permettent la<span> <\/span><strong>distribution des bases et des colorants en une seule op\u00e9ration<\/strong><span> <\/span>et \u00e9vitent d&rsquo;avoir de grandes \u00e9tag\u00e8res avec des bidons pr\u00e9-remplis ; quelques f\u00fbts connect\u00e9s au distributeur permettront la<span> <\/span><strong>distribution des bases directement dans les seaux<\/strong>.<\/p>\n<p>Une productivit\u00e9, une flexibilit\u00e9 et une pr\u00e9cision \u00e9lev\u00e9es peuvent \u00eatre atteintes en combinant la distribution au poids \u00e0 partir des r\u00e9servoirs externes et la distribution au volume \u00e0 partir des circuits internes.<\/p>\n<\/div>\n<\/div>\n<\/div>\n<\/div>\n<div class=\"wpb_column vc_column_container\">\n<div class=\"vc_column-inner\">\n<div class=\"w-image align_center\"><\/div>\n<\/div>\n<\/div>\n<\/div><\/div><div class=\"w-separator size_small\"><\/div><div class=\"w-hwrapper valign_top align_none\"><div class=\"w-btn-wrapper align_left\"><a class=\"w-btn us-btn-style_1\" href=\"https:\/\/www.dromont.com\/wp-content\/uploads\/2026\/02\/BROCHURE-Prima-ET.pdf\"><span class=\"w-btn-label\">T\u00e9l\u00e9charger la brochure<\/span><\/a><\/div><\/div><\/div><\/div><div class=\"wpb_column vc_column_container us_custom_7e20fa79 us_animate_this\"><div class=\"vc_column-inner\"><div class=\"w-image prodotto-interno-generico align_none\"><div class=\"w-image-h\"><img decoding=\"async\" width=\"1024\" height=\"438\" src=\"https:\/\/www.dromont.com\/wp-content\/uploads\/2026\/02\/PRIMA-ET-1024x438.jpg\" class=\"attachment-large size-large\" alt=\"\" loading=\"lazy\" srcset=\"https:\/\/www.dromont.com\/wp-content\/uploads\/2026\/02\/PRIMA-ET-1024x438.jpg 1024w, https:\/\/www.dromont.com\/wp-content\/uploads\/2026\/02\/PRIMA-ET-300x128.jpg 300w\" sizes=\"auto, (max-width: 1024px) 100vw, 1024px\" \/><\/div><\/div><\/div><\/div><\/div><\/div><\/section><section class=\"l-section wpb_row height_medium\"><div class=\"l-section-h i-cf\"><div class=\"g-cols vc_row via_grid cols_2 laptops-cols_inherit tablets-cols_inherit mobiles-cols_1 valign_top type_default stacking_default\"><div class=\"wpb_column vc_column_container us_custom_7e20fa79 us_animate_this\"><div class=\"vc_column-inner\"><div class=\"w-image prodotto-interno-generico align_none\"><div class=\"w-image-h\"><img decoding=\"async\" width=\"1000\" height=\"1000\" src=\"https:\/\/www.dromont.com\/wp-content\/uploads\/2026\/02\/GYROMATIC.png\" class=\"attachment-large size-large\" alt=\"\" loading=\"lazy\" srcset=\"https:\/\/www.dromont.com\/wp-content\/uploads\/2026\/02\/GYROMATIC.png 1000w, https:\/\/www.dromont.com\/wp-content\/uploads\/2026\/02\/GYROMATIC-300x300.png 300w, https:\/\/www.dromont.com\/wp-content\/uploads\/2026\/02\/GYROMATIC-150x150.png 150w\" sizes=\"auto, (max-width: 1000px) 100vw, 1000px\" \/><\/div><\/div><div class=\"w-separator size_small\"><\/div><div class=\"wpb_text_column us_custom_6745946f has_text_color\"><div class=\"wpb_wrapper\"><h4 style=\"text-align: center;\">Gyromatic<\/h4>\n<\/div><\/div><div class=\"w-separator size_small\"><\/div><div class=\"wpb_text_column\"><div class=\"wpb_wrapper\"><p style=\"text-align: center;\"><span><strong>M\u00e9langeur gyroscopique automatique<\/strong><br \/>\nLes m\u00e9langeurs se caract\u00e9risent par une gestion enti\u00e8rement automatique et par la possibilit\u00e9 de travailler \u00e0 trois vitesses angulaires diff\u00e9rentes avec la configuration de vitesses individuelles et de rampes d\u2019acc\u00e9l\u00e9ration selon les besoins.<\/span><\/p>\n<\/div><\/div><div class=\"w-separator size_small\"><\/div><div class=\"w-btn-wrapper align_center\"><a class=\"w-btn us-btn-style_1\" href=\"https:\/\/www.dromont.com\/wp-content\/uploads\/2026\/02\/BROCHURE-Gyromatic.pdf\"><span class=\"w-btn-label\">T\u00e9l\u00e9charger la brochure<\/span><\/a><\/div><\/div><\/div><div class=\"wpb_column vc_column_container us_custom_60e9caca us_animate_this\"><div class=\"vc_column-inner\"><div class=\"w-image prodotto-interno-generico align_none\"><div class=\"w-image-h\"><img decoding=\"async\" width=\"1000\" height=\"1000\" src=\"https:\/\/www.dromont.com\/wp-content\/uploads\/2026\/02\/Vibromatic.png\" class=\"attachment-large size-large\" alt=\"\" loading=\"lazy\" srcset=\"https:\/\/www.dromont.com\/wp-content\/uploads\/2026\/02\/Vibromatic.png 1000w, https:\/\/www.dromont.com\/wp-content\/uploads\/2026\/02\/Vibromatic-300x300.png 300w, https:\/\/www.dromont.com\/wp-content\/uploads\/2026\/02\/Vibromatic-150x150.png 150w\" sizes=\"auto, (max-width: 1000px) 100vw, 1000px\" \/><\/div><\/div><div class=\"w-separator size_small\"><\/div><div class=\"wpb_text_column us_custom_6745946f has_text_color\"><div class=\"wpb_wrapper\"><h4 style=\"text-align: center;\">Vibromatic<\/h4>\n<\/div><\/div><div class=\"w-separator size_small\"><\/div><div class=\"wpb_text_column\"><div class=\"wpb_wrapper\"><p style=\"text-align: center;\"><span><strong>Secoueur vibratoire automatique<\/strong><br \/>\nLes secoueurs \u00e0 grande vitesse offrent des performances fiables et se caract\u00e9risent par une gestion enti\u00e8rement automatique de la vitesse et du temps d&rsquo;agitation. La vitesse d&rsquo;agitation, la direction d&rsquo;agitation et les engrenages, ainsi que les intervalles de temps d&rsquo;agitation et la pression de serrage peuvent \u00eatre personnalis\u00e9s pour chaque client. <\/span><\/p>\n<\/div><\/div><div class=\"w-separator size_small\"><\/div><div class=\"w-btn-wrapper align_center\"><a class=\"w-btn us-btn-style_1\" href=\"https:\/\/www.dromont.com\/wp-content\/uploads\/2026\/02\/BROCHURE-Vibromatic.pdf\"><span class=\"w-btn-label\">T\u00e9l\u00e9charger la brochure<\/span><\/a><\/div><\/div><\/div><\/div><\/div><\/section>\n","protected":false},"excerpt":{"rendered":"Machines \u00e0 teinter pour la vente au d\u00e9tail DIY, point de vente &amp; mise \u00e0 la teinte en magasin Distributeurs, m\u00e9langeurs &amp; agitateurs Dromont propose des mod\u00e8les sp\u00e9cifiques con\u00e7us pour les points de vente au d\u00e9tail et les centres de teinture r\u00e9gionaux qui desservent les clients bricoleurs et les entrepreneurs professionnels. Les machines sp\u00e9cialement con\u00e7ues...","protected":false},"author":1,"featured_media":13997,"parent":14007,"menu_order":0,"comment_status":"closed","ping_status":"closed","template":"","meta":{"_acf_changed":false,"footnotes":""},"class_list":["post-13995","page","type-page","status-publish","has-post-thumbnail","hentry"],"acf":[],"_links":{"self":[{"href":"https:\/\/www.dromont.com\/fr\/wp-json\/wp\/v2\/pages\/13995","targetHints":{"allow":["GET"]}}],"collection":[{"href":"https:\/\/www.dromont.com\/fr\/wp-json\/wp\/v2\/pages"}],"about":[{"href":"https:\/\/www.dromont.com\/fr\/wp-json\/wp\/v2\/types\/page"}],"author":[{"embeddable":true,"href":"https:\/\/www.dromont.com\/fr\/wp-json\/wp\/v2\/users\/1"}],"replies":[{"embeddable":true,"href":"https:\/\/www.dromont.com\/fr\/wp-json\/wp\/v2\/comments?post=13995"}],"version-history":[{"count":7,"href":"https:\/\/www.dromont.com\/fr\/wp-json\/wp\/v2\/pages\/13995\/revisions"}],"predecessor-version":[{"id":14491,"href":"https:\/\/www.dromont.com\/fr\/wp-json\/wp\/v2\/pages\/13995\/revisions\/14491"}],"up":[{"embeddable":true,"href":"https:\/\/www.dromont.com\/fr\/wp-json\/wp\/v2\/pages\/14007"}],"wp:featuredmedia":[{"embeddable":true,"href":"https:\/\/www.dromont.com\/fr\/wp-json\/wp\/v2\/media\/13997"}],"wp:attachment":[{"href":"https:\/\/www.dromont.com\/fr\/wp-json\/wp\/v2\/media?parent=13995"}],"curies":[{"name":"wp","href":"https:\/\/api.w.org\/{rel}","templated":true}]}}