{"id":14007,"date":"2026-01-13T14:36:01","date_gmt":"2026-01-13T14:36:01","guid":{"rendered":"https:\/\/www.dromont.com\/solutions\/"},"modified":"2026-02-25T16:02:11","modified_gmt":"2026-02-25T16:02:11","slug":"solutions","status":"publish","type":"page","link":"https:\/\/www.dromont.com\/fr\/solutions\/","title":{"rendered":"Solutions"},"content":{"rendered":"<section class=\"l-section wpb_row us_custom_4cc528de height_medium\"><div class=\"l-section-overlay\" style=\"background:rgba(26,26,26,0.6)\"><\/div><div class=\"l-section-h i-cf\"><div class=\"g-cols vc_row via_grid cols_3-1 laptops-cols_inherit tablets-cols_inherit mobiles-cols_1 valign_middle type_default stacking_default\"><div class=\"wpb_column vc_column_container us_custom_7e20fa79 us_animate_this\"><div class=\"vc_column-inner\"><div class=\"wpb_text_column us_custom_de150e26 has_text_color\"><div class=\"wpb_wrapper\"><h1>Solutions<\/h1>\n<\/div><\/div><div class=\"w-separator size_small\"><\/div><div class=\"wpb_text_column us_custom_836f727b has_text_color\"><div class=\"wpb_wrapper\"><p>Diffuser le savoir de l\u2019usine au point de vente<\/p>\n<\/div><\/div><\/div><\/div><div class=\"wpb_column vc_column_container\"><div class=\"vc_column-inner\"><\/div><\/div><\/div><\/div><\/section><section class=\"l-section wpb_row height_medium\"><div class=\"l-section-h i-cf\"><div class=\"g-cols vc_row via_grid cols_2 laptops-cols_inherit tablets-cols_inherit mobiles-cols_1 valign_middle type_default stacking_default\"><div class=\"wpb_column vc_column_container us_custom_7e20fa79 us_animate_this\"><div class=\"vc_column-inner\"><div class=\"w-image prodotto-interno-generico align_none\"><div class=\"w-image-h\"><img decoding=\"async\" width=\"1024\" height=\"849\" src=\"https:\/\/www.dromont.com\/wp-content\/uploads\/2026\/02\/PERFECTA-1024x849.jpg\" class=\"attachment-large size-large\" alt=\"\" loading=\"lazy\" srcset=\"https:\/\/www.dromont.com\/wp-content\/uploads\/2026\/02\/PERFECTA-1024x849.jpg 1024w, https:\/\/www.dromont.com\/wp-content\/uploads\/2026\/02\/PERFECTA-300x249.jpg 300w\" sizes=\"auto, (max-width: 1024px) 100vw, 1024px\" \/><\/div><\/div><div class=\"wpb_text_column us_custom_432d3f53\"><div class=\"wpb_wrapper\"><p><strong>Gamme Perfecta de doseurs pour le commerce de d\u00e9tail<\/strong><span> <\/span>ont \u00e9t\u00e9 con\u00e7us pour r\u00e9pondre aux pr\u00e9occupations de nos clients concernant les erreurs de teinte, la contamination des colorants, les op\u00e9rations de nettoyage et les probl\u00e9matiques li\u00e9es aux colorants sans COV au quotidien. La pr\u00e9cision et la rapidit\u00e9 sont au c\u0153ur de la gamme Perfecta.<\/p>\n<p>Les solutions techniques introduites avec notre bouchon automatique \u00e9tanche brevet\u00e9 emp\u00eachent le s\u00e9chage des colorants au niveau des embouts de buses. Cela permet l\u2019utilisation de colorants sans COV, offrant une approche \u00e9coresponsable de la mise \u00e0 la teinte en pot.<\/p>\n<p>Avec Perfecta, nous avons franchi une nouvelle \u00e9tape majeure, garantissant des co\u00fbts r\u00e9duits, une plus grande facilit\u00e9 d\u2019utilisation et une approche \u00e0 fort impact face aux enjeux de durabilit\u00e9 environnementale.<\/p>\n<\/div><\/div><\/div><\/div><div class=\"wpb_column vc_column_container us_custom_60e9caca us_animate_this\"><div class=\"vc_column-inner\"><div class=\"wpb_text_column iconabox-titolo\"><div class=\"wpb_wrapper\"><div class=\"wpb_text_column us_custom_60c59526\">\n<div class=\"wpb_wrapper\">\n<h2>DIY, point de vente &amp; mise \u00e0 la teinte en magasin<\/h2>\n<\/div>\n<\/div>\n<div class=\"wpb_text_column us_custom_25b142c8 has_text_color\">\n<div class=\"wpb_wrapper\">\n<p>&nbsp;<\/p>\n<\/div>\n<\/div>\n<\/div><\/div><div class=\"w-separator size_small\"><\/div><div class=\"wpb_text_column us_custom_432d3f53\"><div class=\"wpb_wrapper\"><div class=\"wpb_text_column us_custom_25b142c8 has_text_color\">\n<div class=\"wpb_wrapper\">\n<p><strong>Les machines de mise \u00e0 la teinte ultimes pour les magasins de peinture<\/strong><\/p>\n<\/div>\n<\/div>\n<p>Dromont a mis \u00e0 profit son exp\u00e9rience du dosage en usine pour l\u2019appliquer aux march\u00e9s du commerce de d\u00e9tail, en r\u00e9solvant les probl\u00e8mes couramment associ\u00e9s aux machines actuelles. Les machines Dromont, de haute qualit\u00e9, permettent de doser m\u00eame des colorants et des bases tr\u00e8s exigeants ; cela a \u00e9t\u00e9 rendu possible gr\u00e2ce au d\u00e9veloppement d\u2019un syst\u00e8me innovant de dosage par pompe \u00e0 pistons simultan\u00e9s.<\/p>\n<p>Nos doseurs peuvent \u00eatre \u00e9quip\u00e9s de jusqu\u2019\u00e0 32 circuits, raccord\u00e9s \u00e0 des bidons internes ou \u00e0 des cuves externes.<\/p>\n<\/div><\/div><div class=\"w-separator size_small\"><\/div><div class=\"w-btn-wrapper align_left\"><a class=\"w-btn us-btn-style_1\" href=\"https:\/\/www.dromont.com\/fr\/solutions\/machines-a-teinter-pour-la-vente-au-detail\/perfecta\/\"><span class=\"w-btn-label\">En savoir plus<\/span><\/a><\/div><\/div><\/div><\/div><\/div><\/section><section class=\"l-section wpb_row height_medium color_alternate\"><div class=\"l-section-h i-cf\"><div class=\"g-cols vc_row via_grid cols_2 laptops-cols_inherit tablets-cols_inherit mobiles-cols_1 valign_middle type_default reversed stacking_default\"><div class=\"wpb_column vc_column_container us_custom_60e9caca us_animate_this\"><div class=\"vc_column-inner\"><div class=\"wpb_text_column iconabox-titolo\"><div class=\"wpb_wrapper\"><div class=\"wpb_text_column us_custom_60c59526\">\n<div class=\"wpb_wrapper\">\n<h2>Dosage en usine, en laboratoire &amp; en pot<\/h2>\n<\/div>\n<\/div>\n<div class=\"wpb_text_column us_custom_25b142c8 has_text_color\">\n<div class=\"wpb_wrapper\">\n<p>&nbsp;<\/p>\n<\/div>\n<\/div>\n<\/div><\/div><div class=\"w-separator size_small\"><\/div><div class=\"wpb_text_column us_custom_432d3f53\"><div class=\"wpb_wrapper\"><div class=\"wpb_text_column us_custom_25b142c8 has_text_color\">\n<div class=\"wpb_wrapper\">\n<p>Dans l\u2019environnement complexe d\u2019aujourd\u2019hui, une entreprise doit pouvoir fabriquer de mani\u00e8re rentable de grandes et petites s\u00e9ries, ainsi que des couleurs sur mesure \u00e0 la demande, avec des d\u00e9lais courts et une grande r\u00e9p\u00e9tabilit\u00e9.<\/p>\n<p>Dromont produit des syst\u00e8mes pour les applications industrielles et en usine depuis 1987, avec des milliers de syst\u00e8mes install\u00e9s dans le monde entier. La vanne de dosage multi-\u00e9tages sans joint torique permet aux clients d\u2019atteindre une grande pr\u00e9cision et un dosage fiable tr\u00e8s rapidement. La conception des t\u00eates et le mouvement des vannes garantissent un fonctionnement constant et sans probl\u00e8me, ainsi qu\u2019une utilisation efficace de l\u2019espace. Dromont propose le syst\u00e8me de dosage \u00e0 piston le plus robuste et le plus fiable du march\u00e9.<\/p>\n<\/div>\n<\/div>\n<\/div><\/div><div class=\"w-separator size_small\"><\/div><div class=\"w-btn-wrapper align_left\"><a class=\"w-btn us-btn-style_1\" href=\"https:\/\/www.dromont.com\/fr\/solutions\/systemes-de-dosage-en-usine\/lignes-en-bidon\/\"><span class=\"w-btn-label\">En savoir plus<\/span><\/a><\/div><\/div><\/div><div class=\"wpb_column vc_column_container us_custom_7e20fa79 us_animate_this\"><div class=\"vc_column-inner\"><div class=\"w-image prodotto-interno-generico align_none\"><div class=\"w-image-h\"><img decoding=\"async\" width=\"1024\" height=\"539\" src=\"https:\/\/www.dromont.com\/wp-content\/uploads\/2026\/02\/Screenshot-2026-02-12-alle-14.59.14-1024x539.png\" class=\"attachment-large size-large\" alt=\"\" loading=\"lazy\" srcset=\"https:\/\/www.dromont.com\/wp-content\/uploads\/2026\/02\/Screenshot-2026-02-12-alle-14.59.14-1024x539.png 1024w, https:\/\/www.dromont.com\/wp-content\/uploads\/2026\/02\/Screenshot-2026-02-12-alle-14.59.14-300x158.png 300w, https:\/\/www.dromont.com\/wp-content\/uploads\/2026\/02\/Screenshot-2026-02-12-alle-14.59.14.png 1102w\" sizes=\"auto, (max-width: 1024px) 100vw, 1024px\" \/><\/div><\/div><\/div><\/div><\/div><\/div><\/section><section class=\"l-section wpb_row height_medium\"><div class=\"l-section-h i-cf\"><div class=\"g-cols vc_row via_grid cols_2 laptops-cols_inherit tablets-cols_inherit mobiles-cols_1 valign_middle type_default stacking_default\"><div class=\"wpb_column vc_column_container us_custom_7e20fa79 us_animate_this\"><div class=\"vc_column-inner\"><div class=\"w-image prodotto-interno-generico align_none\"><div class=\"w-image-h\"><img decoding=\"async\" width=\"934\" height=\"1024\" src=\"https:\/\/www.dromont.com\/wp-content\/uploads\/2026\/02\/Dromont_In-Can-Line-scaled-e1770904893188-934x1024.jpg\" class=\"attachment-large size-large\" alt=\"\" loading=\"lazy\" srcset=\"https:\/\/www.dromont.com\/wp-content\/uploads\/2026\/02\/Dromont_In-Can-Line-scaled-e1770904893188-934x1024.jpg 934w, https:\/\/www.dromont.com\/wp-content\/uploads\/2026\/02\/Dromont_In-Can-Line-scaled-e1770904893188-274x300.jpg 274w, https:\/\/www.dromont.com\/wp-content\/uploads\/2026\/02\/Dromont_In-Can-Line-scaled-e1770904893188.jpg 1709w\" sizes=\"auto, (max-width: 934px) 100vw, 934px\" \/><\/div><\/div><\/div><\/div><div class=\"wpb_column vc_column_container us_custom_60e9caca us_animate_this\"><div class=\"vc_column-inner\"><div class=\"wpb_text_column iconabox-titolo\"><div class=\"wpb_wrapper\"><div class=\"wpb_text_column us_custom_60c59526\">\n<div class=\"wpb_wrapper\">\n<h2>Lignes automatiques e-commerce<\/h2>\n<\/div>\n<\/div>\n<div class=\"wpb_text_column us_custom_25b142c8 has_text_color\">\n<div class=\"wpb_wrapper\">\n<p>&nbsp;<\/p>\n<\/div>\n<\/div>\n<\/div><\/div><div class=\"w-separator size_small\"><\/div><div class=\"wpb_text_column us_custom_432d3f53\"><div class=\"wpb_wrapper\"><div class=\"wpb_text_column us_custom_25b142c8 has_text_color\">\n<div class=\"wpb_wrapper\">\n<p>Les programmes Dromont e-Commerce Business sont des <strong>strat\u00e9gies de remplissage et de mise \u00e0 la teinte<\/strong> d\u00e9di\u00e9es, permettant de recevoir des commandes de toute taille via une plateforme e-commerce, reli\u00e9e au propre syst\u00e8me d\u2019exploitation des fabricants de peinture, directement \u00e0 un <strong>processus de production automatique \u00e0 la demande en cycle 24\/7<\/strong>. Ils constituent la meilleure solution pour minimiser les stocks et maximiser la flexibilit\u00e9 et la rentabilit\u00e9 des commandes e-commerce et professionnelles.<\/p>\n<\/div>\n<\/div>\n<p>Les hubs e-Paint sont<span> <\/span><strong>des centres de traitement e-commerce centralis\u00e9s et r\u00e9gionaux<\/strong><span> <\/span>pour les commandes en ligne \u00e0 grand volume, professionnelles et grand public. Des op\u00e9rations 24\/7 avec jusqu\u2019\u00e0 960 pots\/\u00e9quipe. Ils sont compl\u00e9t\u00e9s par un entrep\u00f4t automatique pour la peinture de base et les commandes color\u00e9es finies.<\/p>\n<p>Une ligne d\u2019\u00e9chantillons enti\u00e8rement automatis\u00e9e con\u00e7ue pour<span> <\/span><strong>les march\u00e9s professionnels et en ligne<\/strong><span> <\/span>proposant toutes les couleurs en pots d\u2019\u00e9chantillons en quelques secondes. La ligne repose sur une<span> <\/span><strong>nouvelle approche de remplissage et de mise \u00e0 la teinte en ligne<\/strong><span> <\/span>pour doser alternativement les bases et les colorants, \u00e9liminant l\u2019effet d\u00e9sagr\u00e9able d\u2019avoir du colorant dans les coins du couvercle pendant le m\u00e9lange.<\/p>\n<\/div><\/div><div class=\"w-separator size_small\"><\/div><div class=\"w-btn-wrapper align_left\"><a class=\"w-btn us-btn-style_1\" href=\"https:\/\/www.dromont.com\/fr\/solutions\/lignes-automatiques-e-commerce\/\"><span class=\"w-btn-label\">En savoir plus<\/span><\/a><\/div><\/div><\/div><\/div><\/div><\/section><section class=\"l-section wpb_row height_medium color_alternate\"><div class=\"l-section-h i-cf\"><div class=\"g-cols vc_row via_grid cols_2 laptops-cols_inherit tablets-cols_inherit mobiles-cols_1 valign_middle type_default reversed stacking_default\"><div class=\"wpb_column vc_column_container us_custom_60e9caca us_animate_this\"><div class=\"vc_column-inner\"><div class=\"wpb_text_column iconabox-titolo\"><div class=\"wpb_wrapper\"><div class=\"wpb_text_column us_custom_60c59526\">\n<div class=\"wpb_wrapper\">\n<h2>Qoncept Engineering &amp; projets cl\u00e9s en main<\/h2>\n<\/div>\n<\/div>\n<div class=\"wpb_text_column us_custom_25b142c8 has_text_color\">\n<div class=\"wpb_wrapper\">\n<p>&nbsp;<\/p>\n<\/div>\n<\/div>\n<\/div><\/div><div class=\"w-separator size_small\"><\/div><div class=\"wpb_text_column us_custom_432d3f53\"><div class=\"wpb_wrapper\"><div class=\"wpb_text_column us_custom_25b142c8 has_text_color\">\n<div class=\"wpb_wrapper\">\n<p>Avec plus de 20 ans d\u2019exp\u00e9rience, nos ing\u00e9nieurs ont d\u00e9velopp\u00e9 un niveau d\u2019expertise unique avec une<strong><span> <\/span>plateforme int\u00e9gr\u00e9e de solutions et de programmes de construction<\/strong><span> <\/span>pour l\u2019industrie.<\/p>\n<p>Tout a commenc\u00e9 par des \u00e9tudes de faisabilit\u00e9 de base et s\u2019est rapidement transform\u00e9 en outils r\u00e9volutionnaires d\u2019efficacit\u00e9 de bout en bout et d\u2019optimisation d\u2019usine, connus sous le nom de<strong><span> <\/span>programme Qoncept Engineering<\/strong>.<\/p>\n<\/div>\n<\/div>\n<\/div><\/div><div class=\"w-separator size_small\"><\/div><div class=\"w-btn-wrapper align_left\"><a class=\"w-btn us-btn-style_1\" href=\"https:\/\/www.dromont.com\/fr\/solutions\/qoncept-engineering\/\"><span class=\"w-btn-label\">En savoir plus<\/span><\/a><\/div><\/div><\/div><div class=\"wpb_column vc_column_container us_custom_7e20fa79 us_animate_this\"><div class=\"vc_column-inner\"><div class=\"w-image prodotto-interno-generico align_none\"><div class=\"w-image-h\"><img decoding=\"async\" width=\"1024\" height=\"576\" src=\"https:\/\/www.dromont.com\/wp-content\/uploads\/2026\/02\/Dromont_Qoncept-Engineering-1024x576.jpg\" class=\"attachment-large size-large\" alt=\"\" loading=\"lazy\" srcset=\"https:\/\/www.dromont.com\/wp-content\/uploads\/2026\/02\/Dromont_Qoncept-Engineering-1024x576.jpg 1024w, https:\/\/www.dromont.com\/wp-content\/uploads\/2026\/02\/Dromont_Qoncept-Engineering-300x169.jpg 300w\" sizes=\"auto, (max-width: 1024px) 100vw, 1024px\" \/><\/div><\/div><\/div><\/div><\/div><\/div><\/section>\n","protected":false},"excerpt":{"rendered":"Solutions Diffuser le savoir de l\u2019usine au point de vente Gamme Perfecta de doseurs pour le commerce de d\u00e9tail ont \u00e9t\u00e9 con\u00e7us pour r\u00e9pondre aux pr\u00e9occupations de nos clients concernant les erreurs de teinte, la contamination des colorants, les op\u00e9rations de nettoyage et les probl\u00e9matiques li\u00e9es aux colorants sans COV au quotidien. La pr\u00e9cision et...","protected":false},"author":1,"featured_media":0,"parent":0,"menu_order":0,"comment_status":"closed","ping_status":"closed","template":"","meta":{"_acf_changed":false,"footnotes":""},"class_list":["post-14007","page","type-page","status-publish","hentry"],"acf":[],"_links":{"self":[{"href":"https:\/\/www.dromont.com\/fr\/wp-json\/wp\/v2\/pages\/14007","targetHints":{"allow":["GET"]}}],"collection":[{"href":"https:\/\/www.dromont.com\/fr\/wp-json\/wp\/v2\/pages"}],"about":[{"href":"https:\/\/www.dromont.com\/fr\/wp-json\/wp\/v2\/types\/page"}],"author":[{"embeddable":true,"href":"https:\/\/www.dromont.com\/fr\/wp-json\/wp\/v2\/users\/1"}],"replies":[{"embeddable":true,"href":"https:\/\/www.dromont.com\/fr\/wp-json\/wp\/v2\/comments?post=14007"}],"version-history":[{"count":7,"href":"https:\/\/www.dromont.com\/fr\/wp-json\/wp\/v2\/pages\/14007\/revisions"}],"predecessor-version":[{"id":14487,"href":"https:\/\/www.dromont.com\/fr\/wp-json\/wp\/v2\/pages\/14007\/revisions\/14487"}],"wp:attachment":[{"href":"https:\/\/www.dromont.com\/fr\/wp-json\/wp\/v2\/media?parent=14007"}],"curies":[{"name":"wp","href":"https:\/\/api.w.org\/{rel}","templated":true}]}}