{"id":14015,"date":"2026-02-09T14:14:35","date_gmt":"2026-02-09T14:14:35","guid":{"rendered":"https:\/\/www.dromont.com\/solutions\/machines-a-teinter-pour-la-vente-au-detail\/machines-de-vente-au-detail\/"},"modified":"2026-02-25T16:14:19","modified_gmt":"2026-02-25T16:14:19","slug":"machines-de-vente-au-detail","status":"publish","type":"page","link":"https:\/\/www.dromont.com\/fr\/solutions\/machines-a-teinter-pour-la-vente-au-detail\/machines-de-vente-au-detail\/","title":{"rendered":"Machines de vente au d\u00e9tail"},"content":{"rendered":"<section class=\"l-section wpb_row us_custom_542b8ca0 height_medium\"><div class=\"l-section-overlay\" style=\"background:rgba(26,26,26,0.6)\"><\/div><div class=\"l-section-h i-cf\"><div class=\"g-cols vc_row via_grid cols_3-1 laptops-cols_inherit tablets-cols_inherit mobiles-cols_1 valign_middle type_default stacking_default\"><div class=\"wpb_column vc_column_container us_custom_7e20fa79 us_animate_this\"><div class=\"vc_column-inner\"><div class=\"wpb_text_column us_custom_de150e26 has_text_color\"><div class=\"wpb_wrapper\"><h1>Machines de vente au d\u00e9tail<\/h1>\n<\/div><\/div><div class=\"w-separator size_small\"><\/div><div class=\"wpb_text_column us_custom_836f727b has_text_color\"><div class=\"wpb_wrapper\"><p>Prima, Prima ET, Optima, Unica, Compacta, Gyromatic, Vibromatic, Logiciel POS<\/p>\n<\/div><\/div><\/div><\/div><div class=\"wpb_column vc_column_container\"><div class=\"vc_column-inner\"><\/div><\/div><\/div><\/div><\/section><section class=\"l-section wpb_row height_medium\"><div class=\"l-section-h i-cf\"><div class=\"g-cols vc_row via_grid cols_2 laptops-cols_inherit tablets-cols_inherit mobiles-cols_1 valign_middle type_default stacking_default\"><div class=\"wpb_column vc_column_container us_custom_7e20fa79 us_animate_this\"><div class=\"vc_column-inner\"><div class=\"w-image prodotto-interno-generico align_none\"><div class=\"w-image-h\"><img decoding=\"async\" width=\"893\" height=\"1024\" src=\"https:\/\/www.dromont.com\/wp-content\/uploads\/2026\/02\/Screenshot-2026-02-16-alle-10.13.38-893x1024.png\" class=\"attachment-large size-large\" alt=\"\" loading=\"lazy\" srcset=\"https:\/\/www.dromont.com\/wp-content\/uploads\/2026\/02\/Screenshot-2026-02-16-alle-10.13.38-893x1024.png 893w, https:\/\/www.dromont.com\/wp-content\/uploads\/2026\/02\/Screenshot-2026-02-16-alle-10.13.38-261x300.png 261w, https:\/\/www.dromont.com\/wp-content\/uploads\/2026\/02\/Screenshot-2026-02-16-alle-10.13.38.png 910w\" sizes=\"auto, (max-width: 893px) 100vw, 893px\" \/><\/div><\/div><\/div><\/div><div class=\"wpb_column vc_column_container us_custom_60e9caca us_animate_this\"><div class=\"vc_column-inner\"><div class=\"wpb_text_column iconabox-titolo\"><div class=\"wpb_wrapper\"><h2>Prima<\/h2>\n<\/div><\/div><div class=\"w-separator size_small\"><\/div><div class=\"wpb_text_column us_custom_432d3f53\"><div class=\"wpb_wrapper\"><p><strong>Haute performance pour les professionnels<\/strong><br \/>\nPrima est un distributeur automatique con\u00e7u pour les magasins de taille moyenne \u00e0 grande et les centres de service, garantissant une distribution simultan\u00e9e et des colorants toujours homog\u00e9n\u00e9is\u00e9s<\/p>\n<\/div><\/div><div class=\"w-separator size_small\"><\/div><div class=\"w-btn-wrapper align_left\"><a class=\"w-btn us-btn-style_1\" href=\"https:\/\/www.dromont.com\/wp-content\/uploads\/2026\/02\/BROCHURE-PRIMA-.pdf\"><span class=\"w-btn-label\">T\u00e9l\u00e9charger la brochure<\/span><\/a><\/div><\/div><\/div><\/div><\/div><\/section><section class=\"l-section wpb_row height_medium color_alternate\"><div class=\"l-section-h i-cf\"><div class=\"g-cols vc_row via_grid cols_2 laptops-cols_inherit tablets-cols_inherit mobiles-cols_1 valign_middle type_default reversed stacking_default\"><div class=\"wpb_column vc_column_container us_custom_60e9caca us_animate_this\"><div class=\"vc_column-inner\"><div class=\"wpb_text_column iconabox-titolo\"><div class=\"wpb_wrapper\"><h2>Prima ET<\/h2>\n<\/div><\/div><div class=\"w-separator size_small\"><\/div><div class=\"wpb_text_column us_custom_432d3f53\"><div class=\"wpb_wrapper\"><p><strong>\u00c9quipement de mise \u00e0 la teinte pour centres de distribution<\/strong><br \/>\nDromont Prima ET est une solution innovante qui inclut la distribution des bases et des colorants dans des pots vides. Elle int\u00e8gre un processus de manutention complet comprenant une ligne de convoyage automatique, le dosage et \u2013 sur demande \u2013 l\u2019operculage, le m\u00e9lange robotis\u00e9 et la palettisation des produits finis. <\/p>\n<p>\u00c0 la diff\u00e9rence des autres machines de mise \u00e0 la teinte, les peintures de base ne sont pas stock\u00e9es \u00e0 l\u2019int\u00e9rieur de la machine mais dans des r\u00e9servoirs externes. Elles sont donc pomp\u00e9es de l\u2019ext\u00e9rieur vers un pot vide et dos\u00e9es par une balance \u00e9lectronique. <\/p>\n<p>La distribution simultan\u00e9e des colorants et le dosage pond\u00e9ral s\u00e9quentiel des composants de base externes permettent une productivit\u00e9 \u00e0 l\u2019\u00e9chelle industrielle dans des seaux vides. La r\u00e9p\u00e9tabilit\u00e9 et la pr\u00e9cision garantissent la fid\u00e9lit\u00e9 et la reproductibilit\u00e9 des couleurs les plus \u00e9lev\u00e9es.<\/p>\n<\/div><\/div><div class=\"w-separator size_small\"><\/div><div class=\"w-btn-wrapper align_left\"><a class=\"w-btn us-btn-style_1\" href=\"https:\/\/www.dromont.com\/wp-content\/uploads\/2026\/02\/BROCHURE-Prima-ET.pdf\"><span class=\"w-btn-label\">T\u00e9l\u00e9charger la brochure<\/span><\/a><\/div><\/div><\/div><div class=\"wpb_column vc_column_container us_custom_7e20fa79 us_animate_this\"><div class=\"vc_column-inner\"><div class=\"w-image prodotto-interno-generico align_none\"><div class=\"w-image-h\"><img decoding=\"async\" width=\"546\" height=\"491\" src=\"https:\/\/www.dromont.com\/wp-content\/uploads\/2026\/02\/PRIMA-ET.png\" class=\"attachment-large size-large\" alt=\"\" loading=\"lazy\" srcset=\"https:\/\/www.dromont.com\/wp-content\/uploads\/2026\/02\/PRIMA-ET.png 546w, https:\/\/www.dromont.com\/wp-content\/uploads\/2026\/02\/PRIMA-ET-300x270.png 300w\" sizes=\"auto, (max-width: 546px) 100vw, 546px\" \/><\/div><\/div><\/div><\/div><\/div><\/div><\/section><section class=\"l-section wpb_row height_medium\"><div class=\"l-section-h i-cf\"><div class=\"g-cols vc_row via_grid cols_2 laptops-cols_inherit tablets-cols_inherit mobiles-cols_1 valign_middle type_default stacking_default\"><div class=\"wpb_column vc_column_container us_custom_7e20fa79 us_animate_this\"><div class=\"vc_column-inner\"><div class=\"w-image prodotto-interno-generico align_none\"><div class=\"w-image-h\"><img decoding=\"async\" width=\"893\" height=\"1024\" src=\"https:\/\/www.dromont.com\/wp-content\/uploads\/2026\/02\/Screenshot-2026-02-16-alle-10.18.37-893x1024.png\" class=\"attachment-large size-large\" alt=\"\" loading=\"lazy\" srcset=\"https:\/\/www.dromont.com\/wp-content\/uploads\/2026\/02\/Screenshot-2026-02-16-alle-10.18.37-893x1024.png 893w, https:\/\/www.dromont.com\/wp-content\/uploads\/2026\/02\/Screenshot-2026-02-16-alle-10.18.37-261x300.png 261w, https:\/\/www.dromont.com\/wp-content\/uploads\/2026\/02\/Screenshot-2026-02-16-alle-10.18.37.png 910w\" sizes=\"auto, (max-width: 893px) 100vw, 893px\" \/><\/div><\/div><\/div><\/div><div class=\"wpb_column vc_column_container us_custom_60e9caca us_animate_this\"><div class=\"vc_column-inner\"><div class=\"wpb_text_column iconabox-titolo\"><div class=\"wpb_wrapper\"><h2>Optima<\/h2>\n<\/div><\/div><div class=\"w-separator size_small\"><\/div><div class=\"wpb_text_column us_custom_432d3f53\"><div class=\"wpb_wrapper\"><p><strong>Distributeur de peinture \u00e0 \u00ab t\u00eate inclin\u00e9e brevet\u00e9e \u00bb<\/strong><br \/>\nL\u2019\u00e9quipement de mise \u00e0 la teinte et de m\u00e9lange Optima garantit fiabilit\u00e9, rapidit\u00e9 et r\u00e9p\u00e9tabilit\u00e9 sans \u00e9talonnage. Avec Optima, nous garantissons la r\u00e9p\u00e9tabilit\u00e9 des couleurs \u00e0 grande vitesse : la reproduction des couleurs est la cl\u00e9 du succ\u00e8s commercial dans les magasins de peinture.<\/p>\n<\/div><\/div><div class=\"w-separator size_small\"><\/div><div class=\"w-btn-wrapper align_left\"><a class=\"w-btn us-btn-style_1\" href=\"https:\/\/www.dromont.com\/wp-content\/uploads\/2026\/02\/BROCHURE-OPTIMA.pdf\"><span class=\"w-btn-label\">T\u00e9l\u00e9charger la brochure<\/span><\/a><\/div><\/div><\/div><\/div><\/div><\/section><section class=\"l-section wpb_row height_medium color_alternate\"><div class=\"l-section-h i-cf\"><div class=\"g-cols vc_row via_grid cols_2 laptops-cols_inherit tablets-cols_inherit mobiles-cols_1 valign_middle type_default reversed stacking_default\"><div class=\"wpb_column vc_column_container us_custom_60e9caca us_animate_this\"><div class=\"vc_column-inner\"><div class=\"wpb_text_column iconabox-titolo\"><div class=\"wpb_wrapper\"><h2>Unica<\/h2>\n<\/div><\/div><div class=\"w-separator size_small\"><\/div><div class=\"wpb_text_column us_custom_432d3f53\"><div class=\"wpb_wrapper\"><p><strong>Performance premium \u00e0 prix abordable<\/strong><br \/>\nUnica est un distributeur convivial qui allie simplement facilit\u00e9 d\u2019utilisation et ergonomie sans pr\u00e9c\u00e9dent.<\/p>\n<p>La fonctionnalit\u00e9 est concentr\u00e9e sur une surface au sol de seulement 0,64 m2.<\/p>\n<\/div><\/div><div class=\"w-separator size_small\"><\/div><div class=\"w-btn-wrapper align_left\"><a class=\"w-btn us-btn-style_1\" href=\"https:\/\/www.dromont.com\/wp-content\/uploads\/2026\/02\/BROCHURE-UNICA-1.pdf\"><span class=\"w-btn-label\">T\u00e9l\u00e9charger la brochure<\/span><\/a><\/div><\/div><\/div><div class=\"wpb_column vc_column_container us_custom_7e20fa79 us_animate_this\"><div class=\"vc_column-inner\"><div class=\"w-image prodotto-interno-generico align_none\"><div class=\"w-image-h\"><img decoding=\"async\" width=\"725\" height=\"1024\" src=\"https:\/\/www.dromont.com\/wp-content\/uploads\/2026\/02\/Screenshot-2026-02-16-alle-10.19.41-725x1024.png\" class=\"attachment-large size-large\" alt=\"\" loading=\"lazy\" srcset=\"https:\/\/www.dromont.com\/wp-content\/uploads\/2026\/02\/Screenshot-2026-02-16-alle-10.19.41-725x1024.png 725w, https:\/\/www.dromont.com\/wp-content\/uploads\/2026\/02\/Screenshot-2026-02-16-alle-10.19.41-212x300.png 212w, https:\/\/www.dromont.com\/wp-content\/uploads\/2026\/02\/Screenshot-2026-02-16-alle-10.19.41.png 910w\" sizes=\"auto, (max-width: 725px) 100vw, 725px\" \/><\/div><\/div><\/div><\/div><\/div><\/div><\/section><section class=\"l-section wpb_row height_medium\"><div class=\"l-section-h i-cf\"><div class=\"g-cols vc_row via_grid cols_2 laptops-cols_inherit tablets-cols_inherit mobiles-cols_1 valign_middle type_default stacking_default\"><div class=\"wpb_column vc_column_container us_custom_7e20fa79 us_animate_this\"><div class=\"vc_column-inner\"><div class=\"w-image prodotto-interno-generico align_none\"><div class=\"w-image-h\"><img decoding=\"async\" width=\"725\" height=\"1024\" src=\"https:\/\/www.dromont.com\/wp-content\/uploads\/2026\/02\/Screenshot-2026-02-16-alle-10.20.51-725x1024.png\" class=\"attachment-large size-large\" alt=\"\" loading=\"lazy\" srcset=\"https:\/\/www.dromont.com\/wp-content\/uploads\/2026\/02\/Screenshot-2026-02-16-alle-10.20.51-725x1024.png 725w, https:\/\/www.dromont.com\/wp-content\/uploads\/2026\/02\/Screenshot-2026-02-16-alle-10.20.51-212x300.png 212w, https:\/\/www.dromont.com\/wp-content\/uploads\/2026\/02\/Screenshot-2026-02-16-alle-10.20.51.png 910w\" sizes=\"auto, (max-width: 725px) 100vw, 725px\" \/><\/div><\/div><\/div><\/div><div class=\"wpb_column vc_column_container us_custom_60e9caca us_animate_this\"><div class=\"vc_column-inner\"><div class=\"wpb_text_column iconabox-titolo\"><div class=\"wpb_wrapper\"><h2>Compacta<\/h2>\n<\/div><\/div><div class=\"w-separator size_small\"><\/div><div class=\"wpb_text_column us_custom_432d3f53\"><div class=\"wpb_wrapper\"><p><strong>Distributeur automatique pour le bricolage et les magasins de peinture<\/strong><br \/>\nCompacta est un distributeur enti\u00e8rement automatique con\u00e7u pour les magasins de taille moyenne et de bricolage, caract\u00e9ris\u00e9 par un design ergonomique et un encombrement r\u00e9duit.<\/p>\n<\/div><\/div><div class=\"w-separator size_small\"><\/div><div class=\"w-btn-wrapper align_left\"><a class=\"w-btn us-btn-style_1\" href=\"https:\/\/www.dromont.com\/wp-content\/uploads\/2026\/02\/BROCHURE-COMPACTA.pdf\"><span class=\"w-btn-label\">T\u00e9l\u00e9charger la brochure<\/span><\/a><\/div><\/div><\/div><\/div><\/div><\/section><section class=\"l-section wpb_row height_medium color_alternate\"><div class=\"l-section-h i-cf\"><div class=\"g-cols vc_row via_grid cols_2 laptops-cols_inherit tablets-cols_inherit mobiles-cols_1 valign_middle type_default reversed stacking_default\"><div class=\"wpb_column vc_column_container us_custom_60e9caca us_animate_this\"><div class=\"vc_column-inner\"><div class=\"wpb_text_column iconabox-titolo\"><div class=\"wpb_wrapper\"><h2>Gyromatic<\/h2>\n<\/div><\/div><div class=\"w-separator size_small\"><\/div><div class=\"wpb_text_column us_custom_432d3f53\"><div class=\"wpb_wrapper\"><p><strong>M\u00e9langeur gyroscopique automatique<\/strong><br \/>\nLes m\u00e9langeurs se caract\u00e9risent par une gestion enti\u00e8rement automatique et par la possibilit\u00e9 de travailler \u00e0 trois vitesses angulaires diff\u00e9rentes avec la configuration de vitesses individuelles et de rampes d\u2019acc\u00e9l\u00e9ration selon les besoins.<\/p>\n<\/div><\/div><div class=\"w-separator size_small\"><\/div><div class=\"w-btn-wrapper align_left\"><a class=\"w-btn us-btn-style_1\" href=\"https:\/\/www.dromont.com\/wp-content\/uploads\/2026\/02\/BROCHURE-Gyromatic.pdf\"><span class=\"w-btn-label\">T\u00e9l\u00e9charger la brochure<\/span><\/a><\/div><\/div><\/div><div class=\"wpb_column vc_column_container us_custom_7e20fa79 us_animate_this\"><div class=\"vc_column-inner\"><div class=\"w-image prodotto-interno-generico align_none\"><div class=\"w-image-h\"><img decoding=\"async\" width=\"1000\" height=\"1000\" src=\"https:\/\/www.dromont.com\/wp-content\/uploads\/2026\/02\/GYROMATIC.png\" class=\"attachment-large size-large\" alt=\"\" loading=\"lazy\" srcset=\"https:\/\/www.dromont.com\/wp-content\/uploads\/2026\/02\/GYROMATIC.png 1000w, https:\/\/www.dromont.com\/wp-content\/uploads\/2026\/02\/GYROMATIC-300x300.png 300w, https:\/\/www.dromont.com\/wp-content\/uploads\/2026\/02\/GYROMATIC-150x150.png 150w\" sizes=\"auto, (max-width: 1000px) 100vw, 1000px\" \/><\/div><\/div><\/div><\/div><\/div><\/div><\/section><section class=\"l-section wpb_row height_medium\"><div class=\"l-section-h i-cf\"><div class=\"g-cols vc_row via_grid cols_2 laptops-cols_inherit tablets-cols_inherit mobiles-cols_1 valign_middle type_default stacking_default\"><div class=\"wpb_column vc_column_container us_custom_7e20fa79 us_animate_this\"><div class=\"vc_column-inner\"><div class=\"w-image prodotto-interno-generico align_none\"><div class=\"w-image-h\"><img decoding=\"async\" width=\"1000\" height=\"1000\" src=\"https:\/\/www.dromont.com\/wp-content\/uploads\/2026\/02\/Vibromatic.png\" class=\"attachment-large size-large\" alt=\"\" loading=\"lazy\" srcset=\"https:\/\/www.dromont.com\/wp-content\/uploads\/2026\/02\/Vibromatic.png 1000w, https:\/\/www.dromont.com\/wp-content\/uploads\/2026\/02\/Vibromatic-300x300.png 300w, https:\/\/www.dromont.com\/wp-content\/uploads\/2026\/02\/Vibromatic-150x150.png 150w\" sizes=\"auto, (max-width: 1000px) 100vw, 1000px\" \/><\/div><\/div><\/div><\/div><div class=\"wpb_column vc_column_container us_custom_60e9caca us_animate_this\"><div class=\"vc_column-inner\"><div class=\"wpb_text_column iconabox-titolo\"><div class=\"wpb_wrapper\"><h2>Vibromatic<\/h2>\n<\/div><\/div><div class=\"w-separator size_small\"><\/div><div class=\"wpb_text_column us_custom_432d3f53\"><div class=\"wpb_wrapper\"><p><strong>Agitateur vibratoire automatique<\/strong><br \/>\nAgitateurs \u00e0 haute vitesse positionn\u00e9s pour offrir des performances fiables et caract\u00e9ris\u00e9s par une gestion enti\u00e8rement automatique de la vitesse et du temps d\u2019agitation. La vitesse d\u2019agitation, le sens d\u2019agitation et les engrenages ainsi que les intervalles de temps d\u2019agitation et la pression de serrage peuvent \u00eatre personnalis\u00e9s pour chaque client.<\/p>\n<\/div><\/div><div class=\"w-separator size_small\"><\/div><div class=\"w-btn-wrapper align_left\"><a class=\"w-btn us-btn-style_1\" href=\"https:\/\/www.dromont.com\/wp-content\/uploads\/2026\/02\/BROCHURE-Vibromatic.pdf\"><span class=\"w-btn-label\">T\u00e9l\u00e9charger la brochure<\/span><\/a><\/div><\/div><\/div><\/div><\/div><\/section><section class=\"l-section wpb_row us_custom_548a4992 has_text_color height_medium width_full\"><div class=\"l-section-h i-cf\"><div class=\"g-cols vc_row via_grid cols_1-4-1 laptops-cols_inherit tablets-cols_inherit mobiles-cols_1 valign_top type_default stacking_default\"><div class=\"wpb_column vc_column_container\"><div class=\"vc_column-inner\"><\/div><\/div><div class=\"wpb_column vc_column_container\"><div class=\"vc_column-inner\"><div class=\"wpb_text_column\"><div class=\"wpb_wrapper\"><h4 style=\"text-align: center;\">Logiciels et automatisation d&rsquo;usine<br \/>\nArchitecture de pointe pour g\u00e9rer l&rsquo;ensemble de l&rsquo;usine<\/h4>\n<\/div><\/div><div class=\"w-separator size_medium\"><\/div><div class=\"wpb_text_column\"><div class=\"wpb_wrapper\"><p>Ce d\u00e9partement est en mesure de personnaliser le logiciel d&rsquo;interface selon les besoins exacts du client, de tester le logiciel avant l&rsquo;installation et de le programmer pour qu&rsquo;il communique avec les syst\u00e8mes du client. En utilisant la plateforme de base tr\u00e8s stable du logiciel Dromont, les ing\u00e9nieurs de Dromont sont ensuite en mesure de cr\u00e9er de nombreuses options diff\u00e9rentes qui permettront au client de g\u00e9rer l&rsquo;ensemble de l&rsquo;usine. <\/p>\n<p style=\"text-align: center;\">Logiciels et automatisation d&rsquo;usine offre \u00e0 l&rsquo;utilisateur une exp\u00e9rience enti\u00e8rement nouvelle, en fusionnant IHM, SCADA et MES en une solution unique. L&rsquo;architecture innovante permet une organisation centr\u00e9e sur le serveur remarquable, capable de coordonner et de connecter plusieurs clients, m\u00eame sur le web et avec des appareils mobiles. <\/p>\n<\/div><\/div><div class=\"w-separator size_medium\"><\/div><div class=\"w-btn-wrapper align_center\"><a class=\"w-btn us-btn-style_3\" href=\"https:\/\/dromont-dev.com\/fr\/?page_id=13915\"><span class=\"w-btn-label\">En savoir plus<\/span><\/a><\/div><\/div><\/div><div class=\"wpb_column vc_column_container\"><div class=\"vc_column-inner\"><\/div><\/div><\/div><\/div><\/section>\n\n","protected":false},"excerpt":{"rendered":"Machines de vente au d\u00e9tail Prima, Prima ET, Optima, Unica, Compacta, Gyromatic, Vibromatic, Logiciel POS Prima Haute performance pour les professionnels Prima est un distributeur automatique con\u00e7u pour les magasins de taille moyenne \u00e0 grande et les centres de service, garantissant une distribution simultan\u00e9e et des colorants toujours homog\u00e9n\u00e9is\u00e9s T\u00e9l\u00e9charger la brochurePrima ET \u00c9quipement de...","protected":false},"author":1,"featured_media":0,"parent":13995,"menu_order":0,"comment_status":"closed","ping_status":"closed","template":"","meta":{"_acf_changed":false,"footnotes":""},"class_list":["post-14015","page","type-page","status-publish","hentry"],"acf":[],"_links":{"self":[{"href":"https:\/\/www.dromont.com\/fr\/wp-json\/wp\/v2\/pages\/14015","targetHints":{"allow":["GET"]}}],"collection":[{"href":"https:\/\/www.dromont.com\/fr\/wp-json\/wp\/v2\/pages"}],"about":[{"href":"https:\/\/www.dromont.com\/fr\/wp-json\/wp\/v2\/types\/page"}],"author":[{"embeddable":true,"href":"https:\/\/www.dromont.com\/fr\/wp-json\/wp\/v2\/users\/1"}],"replies":[{"embeddable":true,"href":"https:\/\/www.dromont.com\/fr\/wp-json\/wp\/v2\/comments?post=14015"}],"version-history":[{"count":7,"href":"https:\/\/www.dromont.com\/fr\/wp-json\/wp\/v2\/pages\/14015\/revisions"}],"predecessor-version":[{"id":14500,"href":"https:\/\/www.dromont.com\/fr\/wp-json\/wp\/v2\/pages\/14015\/revisions\/14500"}],"up":[{"embeddable":true,"href":"https:\/\/www.dromont.com\/fr\/wp-json\/wp\/v2\/pages\/13995"}],"wp:attachment":[{"href":"https:\/\/www.dromont.com\/fr\/wp-json\/wp\/v2\/media?parent=14015"}],"curies":[{"name":"wp","href":"https:\/\/api.w.org\/{rel}","templated":true}]}}