{"id":14024,"date":"2026-02-09T14:15:30","date_gmt":"2026-02-09T14:15:30","guid":{"rendered":"https:\/\/www.dromont.com\/lignes-en-lot-en-fut\/"},"modified":"2026-02-19T11:20:59","modified_gmt":"2026-02-19T11:20:59","slug":"lignes-en-lot-en-fut","status":"publish","type":"page","link":"https:\/\/www.dromont.com\/fr\/solutions\/systemes-de-dosage-en-usine\/lignes-en-lot-en-fut\/","title":{"rendered":"Lignes en lot \/ en f\u00fbt"},"content":{"rendered":"<section class=\"l-section wpb_row us_custom_128f3225 height_medium\"><div class=\"l-section-overlay\" style=\"background:rgba(26,26,26,0.6)\"><\/div><div class=\"l-section-h i-cf\"><div class=\"g-cols vc_row via_grid cols_3-1 laptops-cols_inherit tablets-cols_inherit mobiles-cols_1 valign_middle type_default stacking_default\"><div class=\"wpb_column vc_column_container us_custom_7e20fa79 us_animate_this\"><div class=\"vc_column-inner\"><div class=\"wpb_text_column us_custom_de150e26 has_text_color\"><div class=\"wpb_wrapper\"><h1>Lignes en lot et en f\u00fbt<\/h1>\n<\/div><\/div><div class=\"w-separator size_small\"><\/div><div class=\"wpb_text_column us_custom_c2f7011c has_text_color\"><div class=\"wpb_wrapper\"><p>Dosage de formules compl\u00e8tes dans des r\u00e9servoirs portables ou des f\u00fbts<\/p>\n<p>Syst\u00e8mes \u00e0 haute productivit\u00e9 pour le dosage de bases\/convertisseurs et de colorants directement dans des f\u00fbts de 200 l ou des r\u00e9servoirs de 500 l et 1\u202f000 l. La solution inclut le m\u00e9lange des produits finis et permet de supprimer le stock de produits finis, livrant ainsi les commandes aux clients finaux imm\u00e9diatement apr\u00e8s la production.<\/p>\n<\/div><\/div><\/div><\/div><div class=\"wpb_column vc_column_container\"><div class=\"vc_column-inner\"><\/div><\/div><\/div><\/div><\/section><section class=\"l-section wpb_row height_huge\"><div class=\"l-section-h i-cf\"><div class=\"g-cols vc_row via_grid cols_2 laptops-cols_inherit tablets-cols_inherit mobiles-cols_1 valign_middle type_default stacking_default\"><div class=\"wpb_column vc_column_container us_custom_47474b22 us_animate_this\"><div class=\"vc_column-inner\"><div class=\"wpb_text_column us_custom_432d3f53 iconabox-titolo lista-custom\"><div class=\"wpb_wrapper\"><h2>Selecta<\/h2>\n<p><span>Jusqu\u2019\u00e0 100 vannes<\/span><\/p>\n<div class=\"wpb_text_column us_custom_20a04241\">\n<div class=\"wpb_wrapper\">\n<p>Caract\u00e9ristiques<\/p>\n<\/div>\n<\/div>\n<div class=\"wpb_text_column us_custom_dffc3507\">\n<div class=\"wpb_wrapper\">\n<ul>\n<li class=\"mb20\">Trois mod\u00e8les jusqu\u2019\u00e0 48, 64 et 100 vannes<\/li>\n<li class=\"mb20\">Tailles de vannes : 1\u2033 et 2\u2033<\/li>\n<li class=\"mb20\">Pr\u00e9cision : +\/- 0,05 g (selon la viscosit\u00e9 du produit et le type de balance)<\/li>\n<li class=\"mb20\">D\u00e9bit de 3\u202f000 litres\/h avec des vannes de 1\u2033 <\/li>\n<li class=\"mb20\">D\u00e9bit de 9\u202f000 litres\/h avec des vannes de 2\u2033 <\/li>\n<li class=\"mb20\">Gamme de contenants de dosage de 1 kg \u00e0 3\u202f000 kg <\/li>\n<\/ul>\n<\/div>\n<\/div>\n<\/div><\/div><div class=\"w-separator size_small\"><\/div><div class=\"wpb_text_column us_custom_432d3f53\"><div class=\"wpb_wrapper\"><p>Selecta repr\u00e9sente le plus haut niveau de technologie de Dromont et a \u00e9t\u00e9 install\u00e9e dans plus de 500 grandes usines \u00e0 travers le monde, o\u00f9 le cycle de travail continu, la fiabilit\u00e9 et la pr\u00e9cision sont des facteurs cl\u00e9s.<\/p>\n<p>Sa conception sp\u00e9ciale brevet\u00e9e permet un dosage central de tous les composants, garantissant une flexibilit\u00e9 unique pour le dosage dans de petits bidons jusqu\u2019aux f\u00fbts et aux grands contenants mobiles.<br \/>\nDisponible en trois mod\u00e8les, jusqu\u2019\u00e0 100, 64 ou 48 vannes, Selecta est normalement le syst\u00e8me haut de gamme pour les processus de fabrication dans les installations en zone s\u00fbre comme en zone dangereuse.<\/p>\n<p>Sa haute pr\u00e9cision atteint 0,05 g pour les petits bidons avec un d\u00e9bit maximal de 9\u202f000 l\/h. Gr\u00e2ce \u00e0 une gestion du dosage proportionnel en sept \u00e9tapes contr\u00f4l\u00e9e par le poids et d\u00e9finie individuellement pour chaque composant, le dosage devient un processus s\u00fbr et tra\u00e7able. <\/p>\n<p>Les vannes sp\u00e9ciales sans joint torique de conception brevet\u00e9e permettent une fiabilit\u00e9 durable et le dispositif de levage rapproche le contenant de la vanne de dosage, \u00e9vitant ainsi les \u00e9claboussures et r\u00e9duisant les vapeurs de solvants. La gamme de contenants de dosage est tr\u00e8s large : de 1 \u00e0 3\u202f000 kg, et le syst\u00e8me offre une grande flexibilit\u00e9 pour leur manipulation. <\/p>\n<p>Selecta offre une solution de manutention compl\u00e8te incluant des lignes de convoyage, du d\u00e9pilage des bidons vides \u00e0 l\u2019\u00e9tiquetage, au dosage, au couverclage, au m\u00e9lange et \u00e0 la palettisation.<\/p>\n<p>Tr\u00e8s avantageuse lorsque des couleurs personnalis\u00e9es sont requises, Selecta a \u00e9t\u00e9 reli\u00e9e au syst\u00e8me de dosage de laboratoire Micro. Cela permet une correspondance des couleurs tr\u00e8s efficace, un \u00e9chantillonnage automatique et une mise \u00e0 l\u2019\u00e9chelle pour la production des couleurs approuv\u00e9es.<\/p>\n<\/div><\/div><\/div><\/div><div class=\"wpb_column vc_column_container\"><div class=\"vc_column-inner\"><div class=\"w-image align_none\"><div class=\"w-image-h\"><img decoding=\"async\" width=\"802\" height=\"1024\" src=\"https:\/\/www.dromont.com\/wp-content\/uploads\/2026\/02\/FOTO-SELECTA-1-802x1024.jpg\" class=\"attachment-large size-large\" alt=\"\" loading=\"lazy\" srcset=\"https:\/\/www.dromont.com\/wp-content\/uploads\/2026\/02\/FOTO-SELECTA-1-802x1024.jpg 802w, https:\/\/www.dromont.com\/wp-content\/uploads\/2026\/02\/FOTO-SELECTA-1-235x300.jpg 235w, https:\/\/www.dromont.com\/wp-content\/uploads\/2026\/02\/FOTO-SELECTA-1-scaled.jpg 2006w\" sizes=\"auto, (max-width: 802px) 100vw, 802px\" \/><\/div><\/div><\/div><\/div><\/div><\/div><\/section><section class=\"l-section wpb_row height_huge color_alternate\"><div class=\"l-section-h i-cf\"><div class=\"g-cols vc_row via_grid cols_2 laptops-cols_inherit tablets-cols_inherit mobiles-cols_1 valign_middle type_default stacking_default\"><div class=\"wpb_column vc_column_container\"><div class=\"vc_column-inner\"><div class=\"w-image align_none\"><div class=\"w-image-h\"><img decoding=\"async\" width=\"628\" height=\"1024\" src=\"https:\/\/www.dromont.com\/wp-content\/uploads\/2026\/02\/Foto-Junior_ok-628x1024.jpg\" class=\"attachment-large size-large\" alt=\"\" loading=\"lazy\" srcset=\"https:\/\/www.dromont.com\/wp-content\/uploads\/2026\/02\/Foto-Junior_ok-628x1024.jpg 628w, https:\/\/www.dromont.com\/wp-content\/uploads\/2026\/02\/Foto-Junior_ok-184x300.jpg 184w, https:\/\/www.dromont.com\/wp-content\/uploads\/2026\/02\/Foto-Junior_ok.jpg 1492w\" sizes=\"auto, (max-width: 628px) 100vw, 628px\" \/><\/div><\/div><\/div><\/div><div class=\"wpb_column vc_column_container us_custom_47474b22 us_animate_this\"><div class=\"vc_column-inner\"><div class=\"wpb_text_column us_custom_432d3f53 iconabox-titolo lista-custom\"><div class=\"wpb_wrapper\"><h2>Junior<\/h2>\n<p><span>Jusqu\u2019\u00e0 32 vannes<\/span><\/p>\n<div class=\"wpb_text_column us_custom_20a04241\">\n<div class=\"wpb_wrapper\">\n<p>Caract\u00e9ristiques<\/p>\n<\/div>\n<\/div>\n<div class=\"wpb_text_column us_custom_9dab6fab\">\n<div class=\"wpb_wrapper\">\n<section id=\"box-info\" class=\"mb40\">\n<div class=\"container\">\n<div class=\"row\">\n<div class=\"col-sm-12 col-md-6\">\n<ul>\n<li class=\"mb20\">Extensibilit\u00e9 jusqu\u2019\u00e0 32 vannes<\/li>\n<li class=\"mb20\">Pr\u00e9cision : +\/- 0,1 g (selon la viscosit\u00e9 du produit)<\/li>\n<li class=\"mb20\">D\u00e9bit 1\u202f000 litres\/h (selon la viscosit\u00e9 du produit)<\/li>\n<li class=\"mb20\">Gamme de contenants de dosage de 20 kg \u00e0 200 kg <\/li>\n<\/ul>\n<\/div>\n<\/div>\n<\/div>\n<\/section>\n<\/div>\n<\/div>\n<\/div><\/div><div class=\"w-separator size_small\"><\/div><div class=\"wpb_text_column us_custom_432d3f53\"><div class=\"wpb_wrapper\"><p>Junior est le syst\u00e8me de dosage id\u00e9al pour les niveaux de productivit\u00e9 moyens et les exigences de haute pr\u00e9cision dans l\u2019industrie manufacturi\u00e8re.<\/p>\n<p>Machine fiable pour les installations en zone s\u00fbre et dangereuse, Junior a \u00e9t\u00e9 largement install\u00e9e l\u00e0 o\u00f9 la production n\u00e9cessite des seaux et des f\u00fbts.<\/p>\n<p>Gr\u00e2ce \u00e0 son brevet exclusif avec des doubles circonf\u00e9rences allant jusqu\u2019\u00e0 32 vannes, Junior garantit une qualit\u00e9 de dosage avec une pr\u00e9cision allant jusqu\u2019\u00e0 0,1 g et un d\u00e9bit maximal de 500 l\/h. Gr\u00e2ce \u00e0 une gestion du dosage proportionnel en sept \u00e9tapes contr\u00f4l\u00e9e par le poids et d\u00e9finie individuellement pour chaque composant, le dosage devient un processus s\u00fbr et tra\u00e7able. <\/p>\n<p>Les vannes sp\u00e9ciales sans joint torique de conception brevet\u00e9e permettent une fiabilit\u00e9 durable et le dispositif de levage rapproche le contenant de la vanne de dosage, \u00e9vitant ainsi les \u00e9claboussures et r\u00e9duisant les vapeurs de solvants.<\/p>\n<p>Junior offre une solution de manutention compl\u00e8te incluant des lignes de convoyage, du d\u00e9pilage des bidons vides \u00e0 l\u2019\u00e9tiquetage, au dosage, au couverclage, au m\u00e9lange et \u00e0 la palettisation.<\/p>\n<p>Tr\u00e8s avantageuse lorsque des couleurs personnalis\u00e9es sont requises, Junior a \u00e9t\u00e9 reli\u00e9e au syst\u00e8me de dosage de laboratoire Micro.<\/p>\n<p>Cela permet une correspondance des couleurs tr\u00e8s efficace, un \u00e9chantillonnage automatique et une mise \u00e0 l\u2019\u00e9chelle pour la production des couleurs approuv\u00e9es.<\/p>\n<\/div><\/div><\/div><\/div><\/div><\/div><\/section><section class=\"l-section wpb_row height_huge\"><div class=\"l-section-h i-cf\"><div class=\"g-cols vc_row via_grid cols_2 laptops-cols_inherit tablets-cols_inherit mobiles-cols_1 valign_middle type_default stacking_default\"><div class=\"wpb_column vc_column_container us_custom_47474b22 us_animate_this\"><div class=\"vc_column-inner\"><div class=\"wpb_text_column us_custom_432d3f53 iconabox-titolo lista-custom\"><div class=\"wpb_wrapper\"><h2>Genius<\/h2>\n<p><span>Jusqu&rsquo;\u00e0 20 vannes<\/span><\/p>\n<div class=\"wpb_text_column us_custom_20a04241\">\n<div class=\"wpb_wrapper\">\n<div class=\"wpb_text_column us_custom_e31f13a8\">\n<div class=\"wpb_wrapper\">\n<p>Caract\u00e9ristiques<\/p>\n<\/div>\n<\/div>\n<div class=\"wpb_text_column us_custom_9dab6fab\">\n<div class=\"wpb_wrapper\">\n<ul>\n<li class=\"mb20\">Extensibilit\u00e9 jusqu\u2019\u00e0 20 vannes<\/li>\n<li class=\"mb20\">Pr\u00e9cision : +\/- 1 g (selon la viscosit\u00e9 du produit)<\/li>\n<li class=\"mb20\">D\u00e9bit 500 litres\/h (selon la viscosit\u00e9 du produit)<\/li>\n<li class=\"mb20\">Gamme de contenants de dosage de 20 kg \u00e0 200 kg. <\/li>\n<\/ul>\n<\/div>\n<\/div>\n<\/div>\n<\/div>\n<\/div><\/div><div class=\"w-separator size_small\"><\/div><div class=\"wpb_text_column us_custom_432d3f53\"><div class=\"wpb_wrapper\"><p>Genius est le syst\u00e8me de dosage intelligent et compact de Dromont pour les productions de petite \u00e0 moyenne taille n\u00e9cessitant une bonne pr\u00e9cision.<\/p>\n<p>Machine fiable pour les installations en zone s\u00fbre et dangereuse, Genius a \u00e9t\u00e9 largement install\u00e9e l\u00e0 o\u00f9 la production ne n\u00e9cessite que des seaux de 20 litres.<\/p>\n<p>Avec jusqu\u2019\u00e0 20 vannes, Genius garantit une qualit\u00e9 de dosage avec une pr\u00e9cision allant jusqu\u2019\u00e0 1 g et un d\u00e9bit maximal de 500 l\/h. Gr\u00e2ce \u00e0 une gestion du dosage proportionnel en trois \u00e9tapes, d\u00e9finie individuellement pour chaque composant, le dosage devient un processus s\u00fbr et tra\u00e7able contr\u00f4l\u00e9 par pes\u00e9e. <\/p>\n<p>Les vannes sp\u00e9ciales sans joint torique de conception brevet\u00e9e permettent une fiabilit\u00e9 durable et le dispositif de levage rapproche le contenant de la vanne de dosage, \u00e9vitant ainsi les \u00e9claboussures et r\u00e9duisant les vapeurs de solvants.<\/p>\n<p>Genius offre une solution de manutention compl\u00e8te incluant des lignes de convoyage, du d\u00e9pilage des bidons vides \u00e0 l\u2019\u00e9tiquetage, au dosage, au couverclage, au m\u00e9lange et \u00e0 la palettisation.<\/p>\n<\/div><\/div><\/div><\/div><div class=\"wpb_column vc_column_container\"><div class=\"vc_column-inner\"><div class=\"w-image align_none\"><div class=\"w-image-h\"><img decoding=\"async\" width=\"1024\" height=\"683\" src=\"https:\/\/www.dromont.com\/wp-content\/uploads\/2026\/02\/GENIUS-1024x683.jpg\" class=\"attachment-large size-large\" alt=\"\" loading=\"lazy\" srcset=\"https:\/\/www.dromont.com\/wp-content\/uploads\/2026\/02\/GENIUS-1024x683.jpg 1024w, https:\/\/www.dromont.com\/wp-content\/uploads\/2026\/02\/GENIUS-300x200.jpg 300w\" sizes=\"auto, (max-width: 1024px) 100vw, 1024px\" \/><\/div><\/div><\/div><\/div><\/div><\/div><\/section><section class=\"l-section wpb_row height_huge color_alternate\"><div class=\"l-section-h i-cf\"><div class=\"g-cols vc_row via_grid cols_2 laptops-cols_inherit tablets-cols_inherit mobiles-cols_1 valign_middle type_default stacking_default\"><div class=\"wpb_column vc_column_container\"><div class=\"vc_column-inner\"><div class=\"wpb_text_column us_custom_432d3f53 iconabox-titolo lista-custom\"><div class=\"wpb_wrapper\"><h2>Selecta Offset \/ UV<\/h2>\n<p><span>Jusqu\u2019\u00e0 64 vannes<\/span><\/p>\n<div class=\"wpb_text_column us_custom_20a04241\">\n<div class=\"wpb_wrapper\">\n<div class=\"wpb_text_column us_custom_20a04241\">\n<div class=\"wpb_wrapper\">\n<p>Caract\u00e9ristiques<\/p>\n<\/div>\n<\/div>\n<div class=\"wpb_text_column us_custom_9dab6fab\">\n<div class=\"wpb_wrapper\">\n<ul>\n<li>Deux mod\u00e8les avec 48 ou 64 vannes<\/li>\n<li>Viscosit\u00e9 de dosage jusqu\u2019\u00e0 1 million de cPs ou mPa<\/li>\n<li>Tailles de vannes : 1\u2033 et 2\u2033<\/li>\n<li>Test de pression des vannes jusqu\u2019\u00e0 400 bar<\/li>\n<li>Pr\u00e9cision : +\/- 0,1 g (selon la viscosit\u00e9 du produit et le type de balance)<\/li>\n<li>D\u00e9bit de 1\u202f000 litres\/h avec vannes de 1\u2033 (selon la viscosit\u00e9 du produit et le type de balance) <\/li>\n<li>D\u00e9bit de 3\u202f000 litres\/h avec vannes de 2\u2033 (selon la viscosit\u00e9 du produit et le type de balance) <\/li>\n<li>Gamme de contenants de dosage de 1 kg \u00e0 3\u202f000 kg. <\/li>\n<\/ul>\n<\/div>\n<\/div>\n<\/div>\n<\/div>\n<\/div><\/div><div class=\"w-separator size_small\"><\/div><div class=\"wpb_text_column us_custom_432d3f53\"><div class=\"wpb_wrapper\"><p>Sa conception sp\u00e9ciale brevet\u00e9e permet un dosage central de tous les composants, garantissant une flexibilit\u00e9 unique pour le dosage dans de petits bidons jusqu\u2019aux f\u00fbts et aux grands contenants mobiles. Disponible en deux mod\u00e8les, jusqu\u2019\u00e0 48 et jusqu\u2019\u00e0 64 vannes, Selecta Offset est normalement le syst\u00e8me haut de gamme pour les processus de fabrication de p\u00e2tes et de produits \u00e0 haute viscosit\u00e9 jusqu\u2019\u00e0 1 million de cPs ou mPas. <\/p>\n<p>Sa haute pr\u00e9cision atteint 0,1 gramme pour les petits bidons et un d\u00e9bit variable selon la viscosit\u00e9 du produit et la taille de la pompe. Gr\u00e2ce \u00e0 une gestion du dosage proportionnel en sept \u00e9tapes contr\u00f4l\u00e9e par le poids et d\u00e9finie individuellement pour chaque composant, le dosage devient un processus s\u00fbr et tra\u00e7able. <\/p>\n<p>Les vannes sp\u00e9ciales sans joint torique de conception brevet\u00e9e permettent une fiabilit\u00e9 durable, incluant une technologie sp\u00e9ciale pour une r\u00e9sistance \u00e0 la haute pression de 400 bar (pression d\u2019essai).<\/p>\n<\/div><\/div><\/div><\/div><div class=\"wpb_column vc_column_container us_custom_47474b22 us_animate_this\"><div class=\"vc_column-inner\"><div class=\"w-image align_none\"><div class=\"w-image-h\"><img decoding=\"async\" width=\"1024\" height=\"1019\" src=\"https:\/\/www.dromont.com\/wp-content\/uploads\/2026\/02\/altra-foto-1024x1019.jpg\" class=\"attachment-large size-large\" alt=\"\" loading=\"lazy\" srcset=\"https:\/\/www.dromont.com\/wp-content\/uploads\/2026\/02\/altra-foto-1024x1019.jpg 1024w, https:\/\/www.dromont.com\/wp-content\/uploads\/2026\/02\/altra-foto-300x298.jpg 300w, https:\/\/www.dromont.com\/wp-content\/uploads\/2026\/02\/altra-foto-150x150.jpg 150w\" sizes=\"auto, (max-width: 1024px) 100vw, 1024px\" \/><\/div><\/div><div class=\"w-separator size_small\"><\/div><div class=\"wpb_text_column us_custom_432d3f53\"><div class=\"wpb_wrapper\"><p>La gamme de contenants de dosage est tr\u00e8s large : de 1 \u00e0 3\u202f000 kg, et le syst\u00e8me offre une grande flexibilit\u00e9 pour leur manipulation.<\/p>\n<p>Selecta Offset offre une solution de manutention compl\u00e8te incluant des lignes de convoyage pour les pots\/seaux vides jusqu\u2019\u00e0 l\u2019\u00e9tiquetage par code-barres, le dosage et le stockage tampon des contenants finis.<\/p>\n<p>La Selecta UV est sp\u00e9cifiquement d\u00e9di\u00e9e au dosage des encres d\u2019impression UV en optimisant les niveaux de stock et en \u00e9vitant le gaspillage d\u2019encre. Les vannes UV sp\u00e9ciales de Dromont assurent une op\u00e9ration de dosage fluide en r\u00e9duisant la friction et en contr\u00f4lant la temp\u00e9rature des encres.<\/p>\n<\/div><\/div><\/div><\/div><\/div><\/div><\/section><section class=\"l-section wpb_row height_huge\"><div class=\"l-section-h i-cf\"><div class=\"g-cols vc_row via_grid cols_2 laptops-cols_inherit tablets-cols_inherit mobiles-cols_1 valign_middle type_default stacking_default\"><div class=\"wpb_column vc_column_container us_custom_47474b22 us_animate_this\"><div class=\"vc_column-inner\"><div class=\"wpb_text_column us_custom_432d3f53 iconabox-titolo lista-custom\"><div class=\"wpb_wrapper\"><h2>Junior Offset \/ UV<\/h2>\n<p><span>Jusqu\u2019\u00e0 32 vannes<\/span><\/p>\n<div class=\"wpb_text_column us_custom_20a04241\">\n<div class=\"wpb_wrapper\">\n<div class=\"wpb_text_column us_custom_e31f13a8\">\n<div class=\"wpb_wrapper\">\n<div class=\"wpb_text_column us_custom_20a04241\">\n<div class=\"wpb_wrapper\">\n<p>Caract\u00e9ristiques<\/p>\n<\/div>\n<\/div>\n<div class=\"wpb_text_column us_custom_9dab6fab\">\n<div class=\"wpb_wrapper\">\n<ul>\n<li class=\"mb20\">Un mod\u00e8le dispose de jusqu\u2019\u00e0 32 vannes<\/li>\n<li class=\"mb20\">Viscosit\u00e9 de dosage jusqu\u2019\u00e0 1 million de cPs ou mPa<\/li>\n<li class=\"mb20\">Test de pression des vannes jusqu\u2019\u00e0 400 bar<\/li>\n<li class=\"mb20\">Pr\u00e9cision : +\/- 0,1 g (selon la viscosit\u00e9 du produit et le type de balance)<\/li>\n<li class=\"mb20\">D\u00e9bit de 1\u202f000 litres\/h avec vannes de 1\u2033 (selon la viscosit\u00e9 du produit et le type de balance) <\/li>\n<li class=\"mb20\">Gamme de contenants de dosage de 1 kg \u00e0 50 kg. <\/li>\n<\/ul>\n<\/div>\n<\/div>\n<\/div>\n<\/div>\n<\/div>\n<\/div>\n<\/div><\/div><div class=\"w-separator size_small\"><\/div><div class=\"wpb_text_column us_custom_432d3f53\"><div class=\"wpb_wrapper\"><p>Junior Offset est le syst\u00e8me de dosage id\u00e9al pour les niveaux de productivit\u00e9 moyens et les exigences de haute pr\u00e9cision dans l\u2019industrie manufacturi\u00e8re.<\/p>\n<p>Machine fiable, Junior Offset a \u00e9t\u00e9 largement install\u00e9e l\u00e0 o\u00f9 la production n\u00e9cessite un dosage dans des contenants de 50 litres maximum.<\/p>\n<p>Gr\u00e2ce \u00e0 son brevet exclusif avec des doubles circonf\u00e9rences allant jusqu\u2019\u00e0 20 vannes, Junior Offset garantit une qualit\u00e9 de dosage avec une pr\u00e9cision allant jusqu\u2019\u00e0 0,1 gramme et un d\u00e9bit variable selon la viscosit\u00e9 du produit. Gr\u00e2ce \u00e0 une gestion du dosage proportionnel en sept \u00e9tapes contr\u00f4l\u00e9e par le poids et d\u00e9finie individuellement pour chaque composant, le dosage devient un processus s\u00fbr et tra\u00e7able.<\/p>\n<\/div><\/div><\/div><\/div><div class=\"wpb_column vc_column_container\"><div class=\"vc_column-inner\"><div class=\"w-image align_none\"><div class=\"w-image-h\"><img decoding=\"async\" width=\"1024\" height=\"684\" src=\"https:\/\/www.dromont.com\/wp-content\/uploads\/2026\/02\/Junior_Valspar_Misura-1024x684.jpg\" class=\"attachment-large size-large\" alt=\"\" loading=\"lazy\" srcset=\"https:\/\/www.dromont.com\/wp-content\/uploads\/2026\/02\/Junior_Valspar_Misura-1024x684.jpg 1024w, https:\/\/www.dromont.com\/wp-content\/uploads\/2026\/02\/Junior_Valspar_Misura-300x200.jpg 300w\" sizes=\"auto, (max-width: 1024px) 100vw, 1024px\" \/><\/div><\/div><div class=\"w-separator size_small\"><\/div><div class=\"wpb_text_column us_custom_432d3f53\"><div class=\"wpb_wrapper\"><p>Les vannes sp\u00e9ciales sans joint torique de conception brevet\u00e9e permettent une fiabilit\u00e9 durable, incluant une technologie sp\u00e9ciale pour une r\u00e9sistance \u00e0 la haute pression de 400 bar (pression d\u2019essai).<\/p>\n<p>Junior Offset offre une solution de manutention compl\u00e8te incluant des lignes de convoyage pour les pots\/seaux vides jusqu\u2019\u00e0 l\u2019\u00e9tiquetage par code-barres, le dosage et le stockage tampon des contenants finis.<\/p>\n<p>La Junior UV est sp\u00e9cifiquement d\u00e9di\u00e9e au dosage des encres d\u2019impression UV en optimisant les niveaux de stock et en \u00e9vitant le gaspillage d\u2019encre. Les vannes UV sp\u00e9ciales de Dromont assurent une op\u00e9ration de dosage fluide en r\u00e9duisant la friction et en contr\u00f4lant la temp\u00e9rature des encres.<\/p>\n<\/div><\/div><\/div><\/div><\/div><\/div><\/section>\n","protected":false},"excerpt":{"rendered":"Lignes en lot et en f\u00fbt Dosage de formules compl\u00e8tes dans des r\u00e9servoirs portables ou des f\u00fbts Syst\u00e8mes \u00e0 haute productivit\u00e9 pour le dosage de bases\/convertisseurs et de colorants directement dans des f\u00fbts de 200 l ou des r\u00e9servoirs de 500 l et 1\u202f000 l. La solution inclut le m\u00e9lange des produits finis et permet...","protected":false},"author":1,"featured_media":0,"parent":14045,"menu_order":0,"comment_status":"closed","ping_status":"closed","template":"","meta":{"_acf_changed":false,"footnotes":""},"class_list":["post-14024","page","type-page","status-publish","hentry"],"acf":[],"_links":{"self":[{"href":"https:\/\/www.dromont.com\/fr\/wp-json\/wp\/v2\/pages\/14024","targetHints":{"allow":["GET"]}}],"collection":[{"href":"https:\/\/www.dromont.com\/fr\/wp-json\/wp\/v2\/pages"}],"about":[{"href":"https:\/\/www.dromont.com\/fr\/wp-json\/wp\/v2\/types\/page"}],"author":[{"embeddable":true,"href":"https:\/\/www.dromont.com\/fr\/wp-json\/wp\/v2\/users\/1"}],"replies":[{"embeddable":true,"href":"https:\/\/www.dromont.com\/fr\/wp-json\/wp\/v2\/comments?post=14024"}],"version-history":[{"count":13,"href":"https:\/\/www.dromont.com\/fr\/wp-json\/wp\/v2\/pages\/14024\/revisions"}],"predecessor-version":[{"id":14294,"href":"https:\/\/www.dromont.com\/fr\/wp-json\/wp\/v2\/pages\/14024\/revisions\/14294"}],"up":[{"embeddable":true,"href":"https:\/\/www.dromont.com\/fr\/wp-json\/wp\/v2\/pages\/14045"}],"wp:attachment":[{"href":"https:\/\/www.dromont.com\/fr\/wp-json\/wp\/v2\/media?parent=14024"}],"curies":[{"name":"wp","href":"https:\/\/api.w.org\/{rel}","templated":true}]}}