{"id":14038,"date":"2026-02-09T14:07:10","date_gmt":"2026-02-09T14:07:10","guid":{"rendered":"https:\/\/www.dromont.com\/solutions\/machines-a-teinter-pour-la-vente-au-detail\/perfecta\/"},"modified":"2026-02-25T16:08:18","modified_gmt":"2026-02-25T16:08:18","slug":"perfecta","status":"publish","type":"page","link":"https:\/\/www.dromont.com\/fr\/solutions\/machines-a-teinter-pour-la-vente-au-detail\/perfecta\/","title":{"rendered":"Perfecta"},"content":{"rendered":"<section class=\"l-section wpb_row us_custom_fafedc86 has_text_color height_medium full_height valign_bottom\"><div class=\"l-section-overlay\" style=\"background:linear-gradient(180deg, rgba(0,0,0,0.20) 20%,rgba(0,0,0,0.40) 40%,rgba(0,0,0,0.60) 60%)\"><\/div><div class=\"l-section-h i-cf\"><div class=\"g-cols vc_row via_grid cols_5-1 laptops-cols_inherit tablets-cols_inherit mobiles-cols_1 valign_top type_default stacking_default\"><div class=\"wpb_column vc_column_container us_custom_4a593b65 us_animate_this\"><div class=\"vc_column-inner\"><div class=\"wpb_text_column\"><div class=\"wpb_wrapper\"><p><span>DISPENSING KNOWLEDGE<\/span><\/p>\n<\/div><\/div><div class=\"w-separator size_small\"><\/div><div class=\"wpb_text_column us_custom_cc2618e7 font-light\"><div class=\"wpb_wrapper\"><h1>Perfecta &#8211; La machine de mise \u00e0 la teinte ultime pour les magasins de peinture professionnels<\/h1>\n<\/div><\/div><div class=\"w-separator size_small\"><\/div><div class=\"wpb_text_column us_custom_a88c28f6\"><div class=\"wpb_wrapper\"><p>Perfecta r\u00e9pond aux besoins de nos clients pour <strong>\u00e9viter les erreurs de teinte et la contamination des couleurs<\/strong>, faciliter le nettoyage et r\u00e9soudre les probl\u00e8mes li\u00e9s aux colorants sans COV.<\/p>\n<p>Nous avons appliqu\u00e9 notre exp\u00e9rience de dosage en usine au march\u00e9 de la distribution. Perfecta repr\u00e9sente une avanc\u00e9e majeure suppl\u00e9mentaire, garantissant le <strong>co\u00fbt total de possession le plus bas<\/strong> et la durabilit\u00e9 environnementale.<\/p>\n<\/div><\/div><div class=\"w-separator size_small\"><\/div><div class=\"w-btn-wrapper align_none\"><a class=\"w-btn us-btn-style_3\" href=\"https:\/\/www.dromont.com\/wp-content\/uploads\/2026\/02\/BROCHURE-Perfecta.pdf\"><span class=\"w-btn-label\">T\u00e9l\u00e9charger la brochure<\/span><\/a><\/div><\/div><\/div><div class=\"wpb_column vc_column_container\"><div class=\"vc_column-inner\"><\/div><\/div><\/div><\/div><\/section><section class=\"l-section wpb_row us_custom_68ec3198 height_huge\"><div class=\"l-section-overlay\" style=\"background:rgba(0,0,0,0.7)\"><\/div><div class=\"l-section-h i-cf\"><div class=\"g-cols vc_row via_grid cols_1 laptops-cols_inherit tablets-cols_inherit mobiles-cols_1 valign_top type_default stacking_default\"><div class=\"wpb_column vc_column_container\"><div class=\"vc_column-inner\"><div class=\"wpb_text_column us_custom_3d61c2e1 has_text_color us_animate_this\"><div class=\"wpb_wrapper\"><h2 class=\"text-4xl md:text-5xl font-light text-white mb-20 text-center\" style=\"text-align: center;\">La machine de teinte ultime<\/h2>\n<\/div><\/div><div class=\"w-separator size_large\"><\/div><div class=\"g-cols wpb_row via_grid cols_3 laptops-cols_inherit tablets-cols_inherit mobiles-cols_1 valign_top type_default stacking_default\" style=\"--columns-gap:3rem;\"><div class=\"wpb_column vc_column_container us_custom_6dc21a97 us_animate_this\"><div class=\"vc_column-inner\"><div class=\"wpb_text_column us_custom_4a68967b has_text_color\"><div class=\"wpb_wrapper\"><p><span>+300 %<\/span><\/p>\n<\/div><\/div><div class=\"w-separator size_medium\"><\/div><div class=\"wpb_text_column us_custom_6df4bc3a has_text_color\"><div class=\"wpb_wrapper\"><p><strong>Vitesse de dosage<\/strong><\/p>\n<\/div><\/div><div class=\"w-separator size_small\"><\/div><div class=\"wpb_text_column us_custom_6df4bc3a has_text_color\"><div class=\"wpb_wrapper\"><p>Service plus rapide au comptoir<br \/>\nD\u00e9bit jusqu&rsquo;\u00e0 1,5 L\/min (\u2264100 ml) garantissant un dosage rapide et pr\u00e9cis, r\u00e9duisant consid\u00e9rablement le temps d&rsquo;attente des clients<\/p>\n<\/div><\/div><\/div><\/div><div class=\"wpb_column vc_column_container us_custom_a8824a50 us_animate_this\"><div class=\"vc_column-inner\"><div class=\"wpb_text_column us_custom_4a68967b has_text_color\"><div class=\"wpb_wrapper\"><p><span>100 %<\/span><\/p>\n<\/div><\/div><div class=\"w-separator size_medium\"><\/div><div class=\"wpb_text_column us_custom_6df4bc3a has_text_color\"><div class=\"wpb_wrapper\"><p><strong>Surveillance en temps r\u00e9el<\/strong><\/p>\n<\/div><\/div><div class=\"w-separator size_small\"><\/div><div class=\"wpb_text_column us_custom_6df4bc3a has_text_color\"><div class=\"wpb_wrapper\"><p>Gestion intelligente des stocks et contr\u00f4le \u00e0 distance<br \/>\nLa connexion en direct du distributeur permet le suivi automatique des niveaux, une gestion optimis\u00e9e des stocks et des diagnostics \u00e0 distance<\/p>\n<\/div><\/div><\/div><\/div><div class=\"wpb_column vc_column_container us_custom_02b69cd1 us_animate_this\"><div class=\"vc_column-inner\"><div class=\"wpb_text_column us_custom_4a68967b has_text_color\"><div class=\"wpb_wrapper\"><p>0 %<\/p>\n<\/div><\/div><div class=\"w-separator size_medium\"><\/div><div class=\"wpb_text_column us_custom_6df4bc3a has_text_color\"><div class=\"wpb_wrapper\"><p><strong>Gaspillage de colorant et risque de d\u00e9bordement<\/strong><\/p>\n<\/div><\/div><div class=\"w-separator size_small\"><\/div><div class=\"wpb_text_column us_custom_6df4bc3a has_text_color\"><div class=\"wpb_wrapper\"><p>Fonctionnement plus propre et dur\u00e9e de vie prolong\u00e9e des colorants<br \/>\nAgitation programmable et capteurs de niveau emp\u00eachent l&rsquo;aspiration d&rsquo;air et la d\u00e9t\u00e9rioration du produit<\/p>\n<\/div><\/div><\/div><\/div><\/div><\/div><\/div><\/div><\/div><\/section><section class=\"l-section wpb_row height_huge\"><div class=\"l-section-h i-cf\"><div class=\"g-cols vc_row via_grid cols_2 laptops-cols_inherit tablets-cols_inherit mobiles-cols_1 valign_middle type_default stacking_default\"><div class=\"wpb_column vc_column_container us_custom_7e20fa79 us_animate_this\"><div class=\"vc_column-inner\"><div class=\"w-image align_none\"><div class=\"w-image-h\"><img decoding=\"async\" width=\"978\" height=\"1024\" src=\"https:\/\/www.dromont.com\/wp-content\/uploads\/2026\/02\/Perfecta-1-scaled-e1771495650915-978x1024.jpg\" class=\"attachment-large size-large\" alt=\"\" loading=\"lazy\" srcset=\"https:\/\/www.dromont.com\/wp-content\/uploads\/2026\/02\/Perfecta-1-scaled-e1771495650915-978x1024.jpg 978w, https:\/\/www.dromont.com\/wp-content\/uploads\/2026\/02\/Perfecta-1-scaled-e1771495650915-286x300.jpg 286w, https:\/\/www.dromont.com\/wp-content\/uploads\/2026\/02\/Perfecta-1-scaled-e1771495650915.jpg 1707w\" sizes=\"auto, (max-width: 978px) 100vw, 978px\" \/><\/div><\/div><\/div><\/div><div class=\"wpb_column vc_column_container us_custom_47474b22 us_animate_this\"><div class=\"vc_column-inner\"><div class=\"wpb_text_column\"><div class=\"wpb_wrapper\"><h2 class=\"text-4xl md:text-5xl font-light mb-8 leading-tight\">Teinte rapide simultan\u00e9e<\/h2>\n<\/div><\/div><div class=\"w-separator size_small\"><\/div><div class=\"wpb_text_column us_custom_432d3f53\"><div class=\"wpb_wrapper\"><p>Les machines de mise \u00e0 la teinte pour la vente au d\u00e9tail sont des syst\u00e8mes sp\u00e9cialis\u00e9s con\u00e7us pour m\u00e9langer et distribuer des colorants directement au point de vente, permettant aux clients d\u2019acheter des peintures, des rev\u00eatements ou d\u2019autres produits liquides dans pratiquement n\u2019importe quelle nuance ou formulation. Ces machines combinent dosage de pr\u00e9cision, automatisation et interfaces conviviales pour garantir une correspondance des couleurs pr\u00e9cise et constante \u00e0 chaque fois. <\/p>\n<ul>\n<li>Aucun probl\u00e8me pour les colorants sans COV gr\u00e2ce au bouchon automatique herm\u00e9tique et au syst\u00e8me d&rsquo;auto-humidification<\/li>\n<li>Aucun gaspillage \u00e9lev\u00e9 de colorant gr\u00e2ce \u00e0 la fonction de micro-nettoyage<\/li>\n<li>Aucune contamination des couleurs<\/li>\n<li>Aucune erreur de teinte due \u00e0 un niveau de bidon incorrect<\/li>\n<li>Aucune op\u00e9ration de nettoyage quotidien<\/li>\n<\/ul>\n<\/div><\/div><\/div><\/div><\/div><\/div><\/section><section class=\"l-section wpb_row us_custom_b03640aa height_huge\"><div class=\"l-section-h i-cf\"><div class=\"g-cols vc_row via_grid cols_2 laptops-cols_inherit tablets-cols_inherit mobiles-cols_1 valign_middle type_default reversed stacking_default\"><div class=\"wpb_column vc_column_container us_custom_7e20fa79 us_animate_this\"><div class=\"vc_column-inner\"><div class=\"wpb_text_column\"><div class=\"wpb_wrapper\"><h2 class=\"text-4xl md:text-5xl font-light mb-8 leading-tight\">Champion des co\u00fbts<\/h2>\n<\/div><\/div><div class=\"w-separator size_small\"><\/div><div class=\"wpb_text_column\"><div class=\"wpb_wrapper\"><ul>\n<li>Temps op\u00e9rateur r\u00e9duit<\/li>\n<li>Utilisation r\u00e9duite de colorants, \u00e9conomies consid\u00e9rables sur le gaspillage<\/li>\n<li>Erreurs de teinte \u00e9limin\u00e9es<\/li>\n<li>Temps d&rsquo;arr\u00eat \u00e9limin\u00e9s<\/li>\n<li>Co\u00fbt de maintenance le plus bas<\/li>\n<li>Vitesse et pr\u00e9cision<\/li>\n<li>\u00c9talonnage global unique de la machine<\/li>\n<\/ul>\n<\/div><\/div><\/div><\/div><div class=\"wpb_column vc_column_container us_custom_47474b22 us_animate_this\"><div class=\"vc_column-inner\"><div class=\"w-image align_none\"><div class=\"w-image-h\"><img decoding=\"async\" width=\"1024\" height=\"849\" src=\"https:\/\/www.dromont.com\/wp-content\/uploads\/2026\/02\/PERFECTA-1024x849.jpg\" class=\"attachment-large size-large\" alt=\"\" loading=\"lazy\" srcset=\"https:\/\/www.dromont.com\/wp-content\/uploads\/2026\/02\/PERFECTA-1024x849.jpg 1024w, https:\/\/www.dromont.com\/wp-content\/uploads\/2026\/02\/PERFECTA-300x249.jpg 300w\" sizes=\"auto, (max-width: 1024px) 100vw, 1024px\" \/><\/div><\/div><\/div><\/div><\/div><\/div><\/section><section class=\"l-section wpb_row us_custom_4a593b65 us_animate_this height_medium\"><div class=\"l-section-h i-cf\"><div class=\"g-cols vc_row via_grid cols_1 laptops-cols_inherit tablets-cols_inherit mobiles-cols_1 valign_top type_default stacking_default\"><div class=\"wpb_column vc_column_container\"><div class=\"vc_column-inner\"><div class=\"wpb_text_column\"><div class=\"wpb_wrapper\"><h2 style=\"text-align: center;\"><span>Donn\u00e9es techniques<\/span><\/h2>\n<\/div><\/div><div class=\"w-separator size_small\"><\/div><div class=\"w-image align_center\"><a ref=\"magnificPopup\" href=\"https:\/\/www.dromont.com\/wp-content\/uploads\/2026\/02\/Logo-Perfecta.png\" aria-label=\"Logo Perfecta\" class=\"w-image-h\"><img decoding=\"async\" width=\"1024\" height=\"103\" src=\"https:\/\/www.dromont.com\/wp-content\/uploads\/2026\/02\/Logo-Perfecta-1024x103.png\" class=\"attachment-large size-large\" alt=\"\" loading=\"lazy\" srcset=\"https:\/\/www.dromont.com\/wp-content\/uploads\/2026\/02\/Logo-Perfecta-1024x103.png 1024w, https:\/\/www.dromont.com\/wp-content\/uploads\/2026\/02\/Logo-Perfecta-300x30.png 300w, https:\/\/www.dromont.com\/wp-content\/uploads\/2026\/02\/Logo-Perfecta.png 1213w\" sizes=\"auto, (max-width: 1024px) 100vw, 1024px\" \/><\/a><\/div><div class=\"w-separator size_small\"><\/div><div class=\"g-cols wpb_row lista-custom via_grid cols_2 laptops-cols_inherit tablets-cols_inherit mobiles-cols_1 valign_top type_default stacking_default\" style=\"--columns-gap:3rem;\"><div class=\"wpb_column vc_column_container\"><div class=\"vc_column-inner\"><div class=\"wpb_text_column\"><div class=\"wpb_wrapper\"><ul>\n<li>D\u00e9bit (par circuit) : 0,6 L\/min (*) \u2013 21 oz\/min<\/li>\n<li>Pr\u00e9cision : 1\/768e fl.oz. (0,038 cc) variable selon la rh\u00e9ologie des produits <\/li>\n<li>Armoire \u00e9lectrique avant sup\u00e9rieure pour un acc\u00e8s imm\u00e9diat et une maintenance facile<\/li>\n<li>Bouchon automatique herm\u00e9tique \u00ab brevet\u00e9 \u00bb garantissant une fermeture herm\u00e9tique de la t\u00eate de dosage et emp\u00eachant le s\u00e9chage des colorants \u2013 plus de purge quotidienne mais une fois par semaine<\/li>\n<li>Syst\u00e8me d&rsquo;auto-humidification \u00ab brevet\u00e9 \u00bb (en option) \u00e9liminant les op\u00e9rations de maintenance quotidiennes et garantissant une humidification ind\u00e9pendante du bouchon m\u00eame en environnement sec<\/li>\n<li>Capteurs de niveau de colorant automatiques \u00ab brevet\u00e9s \u00bb (en option) permettant de visualiser le niveau r\u00e9el de chaque colorant, d&rsquo;\u00e9viter les bidons vides et d&rsquo;\u00e9liminer la possibilit\u00e9 de d\u00e9clarer des quantit\u00e9s incorrectes<\/li>\n<li>Diam\u00e8tre maximal de la t\u00eate de dosage : 40 mm<\/li>\n<li>Dosage volum\u00e9trique et gravim\u00e9trique<\/li>\n<\/ul>\n<\/div><\/div><\/div><\/div><div class=\"wpb_column vc_column_container\"><div class=\"vc_column-inner\"><div class=\"wpb_text_column\"><div class=\"wpb_wrapper\"><ul>\n<li>Configuration standard : 16-24-32 bidons disponibles en capacit\u00e9 de 6 et 10 litres (quarts). Capacit\u00e9s des bidons : 3-5-15-25 litres (quarts), disponibles en option <\/li>\n<li>Pompes \u00e0 piston en acier inoxydable (faciles \u00e0 remplacer par un op\u00e9rateur non expert)<\/li>\n<li>Dosage simultan\u00e9 : tous les colorants dos\u00e9s en m\u00eame temps<\/li>\n<li>Bidons en polym\u00e8re POM (**) \u2013 Acier inoxydable disponible en option<\/li>\n<li>Chaque bidon dispose d&rsquo;un agitateur motoris\u00e9 ind\u00e9pendant pour l&rsquo;homog\u00e9n\u00e9isation du produit<\/li>\n<li>La recirculation des colorants \u00e9vite la s\u00e9dimentation et le pi\u00e9geage d&rsquo;air<\/li>\n<li>Plateau central automatique, avec cellule photo\u00e9lectrique de s\u00e9curit\u00e9 pour la d\u00e9tection automatique des pots<\/li>\n<li>Plateaux lat\u00e9raux rabattables trait\u00e9s en ertalyte pour manipuler facilement les pots d&rsquo;\u00e9chantillons et les seaux<\/li>\n<li>Panneaux externes m\u00e9talliques peints couleur gris anthracite (couleurs sp\u00e9ciales en option)<\/li>\n<\/ul>\n<\/div><\/div><\/div><\/div><\/div><\/div><\/div><\/div><\/div><\/section><section class=\"l-section wpb_row us_custom_4a593b65 us_animate_this height_medium\"><div class=\"l-section-h i-cf\"><div class=\"g-cols vc_row via_grid cols_1 laptops-cols_inherit tablets-cols_inherit mobiles-cols_1 valign_top type_default stacking_default\"><div class=\"wpb_column vc_column_container\"><div class=\"vc_column-inner\"><\/div><\/div><\/div><\/div><\/section><section class=\"l-section wpb_row height_medium\"><div class=\"l-section-h i-cf\"><div class=\"g-cols vc_row via_grid cols_1 laptops-cols_inherit tablets-cols_inherit mobiles-cols_1 valign_top type_default stacking_default\"><div class=\"wpb_column vc_column_container\"><div class=\"vc_column-inner\"><div class=\"wpb_text_column us_custom_4a593b65 us_animate_this\"><div class=\"wpb_wrapper\"><h2 style=\"text-align: center;\">Principaux avantages<\/h2>\n<\/div><\/div><div class=\"w-separator size_medium\"><\/div><div class=\"g-cols wpb_row via_grid cols_3 laptops-cols_inherit tablets-cols_inherit mobiles-cols_1 valign_top type_default stacking_default\" style=\"--columns-gap:3rem;\"><div class=\"wpb_column vc_column_container\"><div class=\"vc_column-inner\"><div class=\"w-iconbox us_custom_7e20fa79 icona-ingranaggio us_animate_this iconpos_top style_circle color_custom align_left icontype_img\"><div class=\"w-iconbox-icon\" style=\"font-size:50px;--icon-bg-color:rgba(0,141,168,0.2);\"><img loading=\"lazy\" decoding=\"async\" width=\"902\" height=\"1016\" src=\"https:\/\/www.dromont.com\/wp-content\/uploads\/2026\/02\/Ruota-logo-no-sfondo.png\" class=\"attachment-full size-full\" alt=\"\" srcset=\"https:\/\/www.dromont.com\/wp-content\/uploads\/2026\/02\/Ruota-logo-no-sfondo.png 902w, https:\/\/www.dromont.com\/wp-content\/uploads\/2026\/02\/Ruota-logo-no-sfondo-266x300.png 266w\" sizes=\"auto, (max-width: 902px) 100vw, 902px\" \/><\/div><div class=\"w-iconbox-meta\"><h5 class=\"w-iconbox-title\">Plus de purge et de maintenance quotidiennes<\/h5><div class=\"w-iconbox-text\"><p><span>Gr\u00e2ce au bouchon automatique herm\u00e9tique brevet\u00e9 et au syst\u00e8me d&rsquo;auto-humidification, la maintenance quotidienne devient hebdomadaire, g\u00e9n\u00e9rant des \u00e9conomies de colorant et de main-d&rsquo;\u0153uvre de plus de 3 000 \u20ac\/$ par an<\/span><\/p>\n<\/div><\/div><\/div><\/div><\/div><div class=\"wpb_column vc_column_container\"><div class=\"vc_column-inner\"><div class=\"w-iconbox us_custom_4a593b65 icona-ingranaggio us_animate_this iconpos_top style_circle color_custom align_left icontype_img\"><div class=\"w-iconbox-icon\" style=\"font-size:50px;--icon-bg-color:rgba(0,141,168,0.2);\"><img loading=\"lazy\" decoding=\"async\" width=\"902\" height=\"1016\" src=\"https:\/\/www.dromont.com\/wp-content\/uploads\/2026\/02\/Ruota-logo-no-sfondo.png\" class=\"attachment-full size-full\" alt=\"\" srcset=\"https:\/\/www.dromont.com\/wp-content\/uploads\/2026\/02\/Ruota-logo-no-sfondo.png 902w, https:\/\/www.dromont.com\/wp-content\/uploads\/2026\/02\/Ruota-logo-no-sfondo-266x300.png 266w\" sizes=\"auto, (max-width: 902px) 100vw, 902px\" \/><\/div><div class=\"w-iconbox-meta\"><h5 class=\"w-iconbox-title\">Syst\u00e8me d&#039;auto-humidification (en option)<\/h5><div class=\"w-iconbox-text\"><p><span>Gr\u00e2ce au syst\u00e8me d&rsquo;auto-humidification brevet\u00e9, la machine maintient automatiquement un niveau d&rsquo;humidification optimal du bouchon. Aucun besoin de maintenance ordinaire (nettoyage de la t\u00eate de dosage, humidification ou remplacement de l&rsquo;\u00e9ponge) <\/span><\/p>\n<\/div><\/div><\/div><\/div><\/div><div class=\"wpb_column vc_column_container\"><div class=\"vc_column-inner\"><div class=\"w-iconbox us_custom_47474b22 icona-ingranaggio us_animate_this iconpos_top style_circle color_custom align_left icontype_img\"><div class=\"w-iconbox-icon\" style=\"font-size:50px;--icon-bg-color:rgba(0,141,168,0.2);\"><img loading=\"lazy\" decoding=\"async\" width=\"902\" height=\"1016\" src=\"https:\/\/www.dromont.com\/wp-content\/uploads\/2026\/02\/Ruota-logo-no-sfondo.png\" class=\"attachment-full size-full\" alt=\"\" srcset=\"https:\/\/www.dromont.com\/wp-content\/uploads\/2026\/02\/Ruota-logo-no-sfondo.png 902w, https:\/\/www.dromont.com\/wp-content\/uploads\/2026\/02\/Ruota-logo-no-sfondo-266x300.png 266w\" sizes=\"auto, (max-width: 902px) 100vw, 902px\" \/><\/div><div class=\"w-iconbox-meta\"><h5 class=\"w-iconbox-title\">Files d&#039;attente r\u00e9duites au comptoir<\/h5><div class=\"w-iconbox-text\"><p><span>Dosage rapide gr\u00e2ce \u00e0 des vitesses de pompe augment\u00e9es de 300 % pour des doses jusqu&rsquo;\u00e0 100 ml tout en maintenant une excellente pr\u00e9cision<\/span><\/p>\n<\/div><\/div><\/div><\/div><\/div><\/div><div class=\"w-separator size_medium\"><\/div><div class=\"g-cols wpb_row via_grid cols_3 laptops-cols_inherit tablets-cols_inherit mobiles-cols_1 valign_top type_default stacking_default\" style=\"--columns-gap:3rem;\"><div class=\"wpb_column vc_column_container\"><div class=\"vc_column-inner\"><div class=\"w-iconbox us_custom_7e20fa79 icona-ingranaggio us_animate_this iconpos_top style_circle color_custom align_left icontype_img\"><div class=\"w-iconbox-icon\" style=\"font-size:50px;--icon-bg-color:rgba(0,141,168,0.2);\"><img loading=\"lazy\" decoding=\"async\" width=\"902\" height=\"1016\" src=\"https:\/\/www.dromont.com\/wp-content\/uploads\/2026\/02\/Ruota-logo-no-sfondo.png\" class=\"attachment-full size-full\" alt=\"\" srcset=\"https:\/\/www.dromont.com\/wp-content\/uploads\/2026\/02\/Ruota-logo-no-sfondo.png 902w, https:\/\/www.dromont.com\/wp-content\/uploads\/2026\/02\/Ruota-logo-no-sfondo-266x300.png 266w\" sizes=\"auto, (max-width: 902px) 100vw, 902px\" \/><\/div><div class=\"w-iconbox-meta\"><h5 class=\"w-iconbox-title\">Prolonger la dur\u00e9e de vie et la qualit\u00e9 des colorants<\/h5><div class=\"w-iconbox-text\"><p><span> Vous pouvez programmer la meilleure fr\u00e9quence d&rsquo;agitation pour chaque bidon et visualiser que chaque agitateur fonctionne correctement. L&rsquo;agitation s\u00e9lective est possible dans chaque bidon (si l&rsquo;option capteurs de niveau est s\u00e9lectionn\u00e9e) <\/span><\/p>\n<\/div><\/div><\/div><\/div><\/div><div class=\"wpb_column vc_column_container\"><div class=\"vc_column-inner\"><div class=\"w-iconbox us_custom_60e9caca icona-ingranaggio us_animate_this iconpos_top style_circle color_custom align_left icontype_img\"><div class=\"w-iconbox-icon\" style=\"font-size:50px;--icon-bg-color:rgba(0,141,168,0.2);\"><img loading=\"lazy\" decoding=\"async\" width=\"902\" height=\"1016\" src=\"https:\/\/www.dromont.com\/wp-content\/uploads\/2026\/02\/Ruota-logo-no-sfondo.png\" class=\"attachment-full size-full\" alt=\"\" srcset=\"https:\/\/www.dromont.com\/wp-content\/uploads\/2026\/02\/Ruota-logo-no-sfondo.png 902w, https:\/\/www.dromont.com\/wp-content\/uploads\/2026\/02\/Ruota-logo-no-sfondo-266x300.png 266w\" sizes=\"auto, (max-width: 902px) 100vw, 902px\" \/><\/div><div class=\"w-iconbox-meta\"><h5 class=\"w-iconbox-title\">Enregistrement automatique des niveaux de colorant et des alarmes<\/h5><div class=\"w-iconbox-text\"><p><span>Avec les capteurs de niveau de bidons uniques de Dromont (en option), vous pouvez visualiser le niveau r\u00e9el de chaque colorant, \u00e9viter les bidons vides entra\u00eenant l&rsquo;aspiration d&rsquo;air dans le circuit et vous n&rsquo;aurez plus besoin d&rsquo;enregistrer les ajouts de colorant car le logiciel Dromont enregistrera automatiquement les nouveaux volumes de colorant<\/span><\/p>\n<\/div><\/div><\/div><\/div><\/div><div class=\"wpb_column vc_column_container\"><div class=\"vc_column-inner\"><div class=\"w-iconbox us_custom_47474b22 icona-ingranaggio us_animate_this iconpos_top style_circle color_custom align_left icontype_img\"><div class=\"w-iconbox-icon\" style=\"font-size:50px;--icon-bg-color:rgba(0,141,168,0.2);\"><img loading=\"lazy\" decoding=\"async\" width=\"902\" height=\"1016\" src=\"https:\/\/www.dromont.com\/wp-content\/uploads\/2026\/02\/Ruota-logo-no-sfondo.png\" class=\"attachment-full size-full\" alt=\"\" srcset=\"https:\/\/www.dromont.com\/wp-content\/uploads\/2026\/02\/Ruota-logo-no-sfondo.png 902w, https:\/\/www.dromont.com\/wp-content\/uploads\/2026\/02\/Ruota-logo-no-sfondo-266x300.png 266w\" sizes=\"auto, (max-width: 902px) 100vw, 902px\" \/><\/div><div class=\"w-iconbox-meta\"><h5 class=\"w-iconbox-title\">Mini-PC int\u00e9gr\u00e9 dans la machine (en option)<\/h5><div class=\"w-iconbox-text\"><p><span>Plug&amp;Play, aucun tracas en magasin, moins d&rsquo;argent et de temps et s&rsquo;int\u00e8gre dans l&rsquo;armoire du distributeur. Le mini-PC est livr\u00e9 pr\u00e9configur\u00e9 <\/span><\/p>\n<\/div><\/div><\/div><\/div><\/div><\/div><\/div><\/div><\/div><\/div><\/section><section class=\"l-section wpb_row height_auto width_full\"><div class=\"l-section-h i-cf\"><div class=\"g-cols vc_row via_grid cols_1 laptops-cols_inherit tablets-cols_inherit mobiles-cols_1 valign_top type_default stacking_default\"><div class=\"wpb_column vc_column_container\"><div class=\"vc_column-inner\"><\/div><\/div><\/div><\/div><\/section>\n","protected":false},"excerpt":{"rendered":"DISPENSING KNOWLEDGE Perfecta &#8211; La machine de mise \u00e0 la teinte ultime pour les magasins de peinture professionnels Perfecta r\u00e9pond aux besoins de nos clients pour \u00e9viter les erreurs de teinte et la contamination des couleurs, faciliter le nettoyage et r\u00e9soudre les probl\u00e8mes li\u00e9s aux colorants sans COV. Nous avons appliqu\u00e9 notre exp\u00e9rience de dosage...","protected":false},"author":1,"featured_media":13997,"parent":13995,"menu_order":0,"comment_status":"closed","ping_status":"closed","template":"","meta":{"_acf_changed":false,"footnotes":""},"class_list":["post-14038","page","type-page","status-publish","has-post-thumbnail","hentry"],"acf":[],"_links":{"self":[{"href":"https:\/\/www.dromont.com\/fr\/wp-json\/wp\/v2\/pages\/14038","targetHints":{"allow":["GET"]}}],"collection":[{"href":"https:\/\/www.dromont.com\/fr\/wp-json\/wp\/v2\/pages"}],"about":[{"href":"https:\/\/www.dromont.com\/fr\/wp-json\/wp\/v2\/types\/page"}],"author":[{"embeddable":true,"href":"https:\/\/www.dromont.com\/fr\/wp-json\/wp\/v2\/users\/1"}],"replies":[{"embeddable":true,"href":"https:\/\/www.dromont.com\/fr\/wp-json\/wp\/v2\/comments?post=14038"}],"version-history":[{"count":11,"href":"https:\/\/www.dromont.com\/fr\/wp-json\/wp\/v2\/pages\/14038\/revisions"}],"predecessor-version":[{"id":14494,"href":"https:\/\/www.dromont.com\/fr\/wp-json\/wp\/v2\/pages\/14038\/revisions\/14494"}],"up":[{"embeddable":true,"href":"https:\/\/www.dromont.com\/fr\/wp-json\/wp\/v2\/pages\/13995"}],"wp:featuredmedia":[{"embeddable":true,"href":"https:\/\/www.dromont.com\/fr\/wp-json\/wp\/v2\/media\/13997"}],"wp:attachment":[{"href":"https:\/\/www.dromont.com\/fr\/wp-json\/wp\/v2\/media?parent=14038"}],"curies":[{"name":"wp","href":"https:\/\/api.w.org\/{rel}","templated":true}]}}