{"id":14058,"date":"2026-01-13T08:50:36","date_gmt":"2026-01-13T08:50:36","guid":{"rendered":"https:\/\/www.dromont.com\/service\/des-personnes-qui-se-soucient-de-vous\/"},"modified":"2026-02-19T09:32:04","modified_gmt":"2026-02-19T09:32:04","slug":"des-personnes-qui-se-soucient-de-vous","status":"publish","type":"page","link":"https:\/\/www.dromont.com\/fr\/service\/des-personnes-qui-se-soucient-de-vous\/","title":{"rendered":"Des personnes qui se soucient de vous"},"content":{"rendered":"<section class=\"l-section wpb_row us_custom_9bdfbc08 has_text_color height_medium\"><div class=\"l-section-overlay\" style=\"background:rgba(26,26,26,0.5)\"><\/div><div class=\"l-section-h i-cf\"><div class=\"g-cols vc_row via_grid cols_1 laptops-cols_inherit tablets-cols_inherit mobiles-cols_1 valign_middle type_default stacking_default\"><div class=\"wpb_column vc_column_container us_custom_7e20fa79 us_animate_this\"><div class=\"vc_column-inner\"><div class=\"wpb_text_column\"><div class=\"wpb_wrapper\"><h1 style=\"text-align: center; font-weight: normal;\"><span>Des personnes qui se soucient de vous<\/span><\/h1>\n<\/div><\/div><div class=\"w-separator size_medium\"><\/div><div class=\"wpb_text_column\"><div class=\"wpb_wrapper\"><p style=\"text-align: center;\"><span>Derri\u00e8re chaque machine, une \u00e9quipe est d\u00e9di\u00e9e \u00e0 votre r\u00e9ussite<\/span><\/p>\n<\/div><\/div><\/div><\/div><\/div><\/div><\/section><section class=\"l-section wpb_row us_custom_7dcda505 has_text_color height_medium\"><div class=\"l-section-h i-cf\"><div class=\"g-cols vc_row via_grid cols_4 laptops-cols_inherit tablets-cols_inherit mobiles-cols_1 valign_top type_default stacking_default\"><div class=\"wpb_column vc_column_container us_custom_7e20fa79 us_animate_this\"><div class=\"vc_column-inner\"><div class=\"wpb_text_column us_custom_c7864ef3\"><div class=\"wpb_wrapper\"><p><span>97%<\/span><\/p>\n<\/div><\/div><div class=\"w-separator size_medium\"><\/div><div class=\"wpb_text_column\"><div class=\"wpb_wrapper\"><p><span>Satisfaction client<\/span><\/p>\n<\/div><\/div><\/div><\/div><div class=\"wpb_column vc_column_container us_custom_7e20fa79 us_animate_this\"><div class=\"vc_column-inner\"><div class=\"wpb_text_column us_custom_c7864ef3\"><div class=\"wpb_wrapper\"><p><span>2 h<\/span><\/p>\n<\/div><\/div><div class=\"w-separator size_medium\"><\/div><div class=\"wpb_text_column\"><div class=\"wpb_wrapper\"><p><span>Temps de r\u00e9ponse moyen<\/span><\/p>\n<\/div><\/div><\/div><\/div><div class=\"wpb_column vc_column_container us_custom_47474b22 us_animate_this\"><div class=\"vc_column-inner\"><div class=\"wpb_text_column us_custom_c7864ef3\"><div class=\"wpb_wrapper\"><p><span>50+<\/span><\/p>\n<\/div><\/div><div class=\"w-separator size_medium\"><\/div><div class=\"wpb_text_column\"><div class=\"wpb_wrapper\"><p><span>Pays desservis<\/span><\/p>\n<\/div><\/div><\/div><\/div><div class=\"wpb_column vc_column_container us_custom_47474b22 us_animate_this\"><div class=\"vc_column-inner\"><div class=\"wpb_text_column us_custom_c7864ef3\"><div class=\"wpb_wrapper\"><p><span>24\/7<\/span><\/p>\n<\/div><\/div><div class=\"w-separator size_medium\"><\/div><div class=\"wpb_text_column\"><div class=\"wpb_wrapper\"><p><span>Disponibilit\u00e9 du support<\/span><\/p>\n<\/div><\/div><\/div><\/div><\/div><\/div><\/section><section class=\"l-section wpb_row height_huge\"><div class=\"l-section-h i-cf\"><div class=\"g-cols vc_row via_grid cols_2 laptops-cols_inherit tablets-cols_inherit mobiles-cols_1 valign_middle type_default reversed stacking_default\"><div class=\"wpb_column vc_column_container us_custom_7e20fa79 us_animate_this\"><div class=\"vc_column-inner\"><div class=\"wpb_text_column\"><div class=\"wpb_wrapper\"><h2>Notre philosophie<\/h2>\n<\/div><\/div><div class=\"w-separator size_small\"><\/div><div class=\"wpb_text_column us_custom_432d3f53\"><div class=\"wpb_wrapper\"><p>Chez Dromont, nous pensons que<span> <\/span><strong class=\"text-foreground\">un service client exceptionnel<\/strong><span> <\/span>n\u2019est pas seulement un service : c\u2019est un \u00e9tat d\u2019esprit qui impr\u00e8gne tout ce que nous faisons.<\/p>\n<p>Notre approche \u00ab People Who Cares \u00bb signifie que chaque membre de l\u2019\u00e9quipe, des ing\u00e9nieurs au personnel de support, s\u2019engage \u00e0 comprendre vos besoins et \u00e0 d\u00e9passer vos attentes.<\/p>\n<p>Nous ne vendons pas seulement des machines ; nous construisons des<span> <\/span><strong class=\"text-foreground\">partenariats<\/strong>. En choisissant Dromont, vous choisissez une \u00e9quipe qui vous accompagnera tout au long du cycle de vie de votre \u00e9quipement.<\/p>\n<\/div><\/div><\/div><\/div><div class=\"wpb_column vc_column_container us_custom_47474b22 us_animate_this\"><div class=\"vc_column-inner\"><div class=\"w-image align_none\"><div class=\"w-image-h\"><img decoding=\"async\" width=\"1024\" height=\"683\" src=\"https:\/\/www.dromont.com\/wp-content\/uploads\/2026\/02\/F19E9148-E4BF-47A2-904B-A763EB916E39-1024x683.jpg\" class=\"attachment-large size-large\" alt=\"\" loading=\"lazy\" srcset=\"https:\/\/www.dromont.com\/wp-content\/uploads\/2026\/02\/F19E9148-E4BF-47A2-904B-A763EB916E39-1024x683.jpg 1024w, https:\/\/www.dromont.com\/wp-content\/uploads\/2026\/02\/F19E9148-E4BF-47A2-904B-A763EB916E39-300x200.jpg 300w\" sizes=\"auto, (max-width: 1024px) 100vw, 1024px\" \/><\/div><\/div><\/div><\/div><\/div><\/div><\/section><section class=\"l-section wpb_row us_custom_60e9caca us_animate_this height_medium color_alternate\"><div class=\"l-section-h i-cf\"><div class=\"g-cols vc_row via_grid cols_1 laptops-cols_inherit tablets-cols_inherit mobiles-cols_1 valign_top type_default stacking_default\"><div class=\"wpb_column vc_column_container\"><div class=\"vc_column-inner\"><div class=\"wpb_text_column\"><div class=\"wpb_wrapper\"><h2 style=\"text-align: center;\">Nos <span style=\"color: #008da8;\">valeurs <\/span> <\/h2>\n<\/div><\/div><div class=\"w-separator size_medium\"><\/div><div class=\"wpb_text_column\"><div class=\"wpb_wrapper\"><p style=\"text-align: center;\"><span>Les principes qui guident l\u2019excellence de notre service client<\/span><\/p>\n<\/div><\/div><div class=\"w-separator size_medium\"><\/div><div class=\"g-cols wpb_row via_grid cols_4 laptops-cols_inherit tablets-cols_inherit mobiles-cols_1 valign_top type_default stacking_default\" style=\"--columns-gap:3rem;\"><div class=\"wpb_column vc_column_container us_custom_8f7b07a9 us_animate_this\"><div class=\"vc_column-inner\"><div class=\"w-iconbox iconabox-custom iconpos_top style_circle color_custom align_left\"><div class=\"w-iconbox-icon\" style=\"font-size:2rem;--icon-color:#008DA8;--icon-bg-color:rgba(0,141,168,0.2);\"><i class=\"fal fa-heart\"><\/i><\/div><div class=\"w-iconbox-meta\"><h4 class=\"w-iconbox-title\">Passion<\/h4><div class=\"w-iconbox-text\"><p><span>Nous sommes passionn\u00e9s par notre m\u00e9tier et engag\u00e9s \u00e0 offrir l\u2019excellence \u00e0 chaque interaction.<\/span><\/p>\n<\/div><\/div><\/div><\/div><\/div><div class=\"wpb_column vc_column_container us_custom_de366d1c us_animate_this\"><div class=\"vc_column-inner\"><div class=\"w-iconbox iconabox-custom iconpos_top style_circle color_custom align_left\"><div class=\"w-iconbox-icon\" style=\"font-size:2rem;--icon-color:#008DA8;--icon-bg-color:rgba(0,141,168,0.2);\"><i class=\"fal fa-users\"><\/i><\/div><div class=\"w-iconbox-meta\"><h4 class=\"w-iconbox-title\">Partenariat<\/h4><div class=\"w-iconbox-text\"><p><span>Nous construisons des relations durables avec nos clients, en devenant de v\u00e9ritables partenaires de leur r\u00e9ussite.<\/span><\/p>\n<\/div><\/div><\/div><\/div><\/div><div class=\"wpb_column vc_column_container us_custom_de366d1c us_animate_this\"><div class=\"vc_column-inner\"><div class=\"w-iconbox iconabox-custom iconpos_top style_circle color_custom align_left\"><div class=\"w-iconbox-icon\" style=\"font-size:2rem;--icon-color:#008DA8;--icon-bg-color:rgba(0,141,168,0.2);\"><i class=\"fal fa-clock\"><\/i><\/div><div class=\"w-iconbox-meta\"><h4 class=\"w-iconbox-title\">R\u00e9activit\u00e9<\/h4><div class=\"w-iconbox-text\"><p><span>Nous savons que le temps est essentiel. Notre \u00e9quipe r\u00e9pond rapidement et efficacement \u00e0 chaque demande. <\/span><\/p>\n<\/div><\/div><\/div><\/div><\/div><div class=\"wpb_column vc_column_container us_custom_ff13c409 us_animate_this\"><div class=\"vc_column-inner\"><div class=\"w-iconbox iconabox-custom iconpos_top style_circle color_custom align_left\"><div class=\"w-iconbox-icon\" style=\"font-size:2rem;--icon-color:#008DA8;--icon-bg-color:rgba(0,141,168,0.2);\"><i class=\"fal fa-award\"><\/i><\/div><div class=\"w-iconbox-meta\"><h4 class=\"w-iconbox-title\">Expertise<\/h4><div class=\"w-iconbox-text\"><p><span>Notre \u00e9quipe est compos\u00e9e de professionnels hautement qualifi\u00e9s, dot\u00e9s d\u2019une connaissance approfondie de nos technologies.<\/span><\/p>\n<\/div><\/div><\/div><\/div><\/div><\/div><\/div><\/div><\/div><\/div><\/section><section class=\"l-section wpb_row us_custom_60e9caca us_animate_this height_medium\"><div class=\"l-section-h i-cf\"><div class=\"g-cols vc_row via_grid cols_1 laptops-cols_inherit tablets-cols_inherit mobiles-cols_1 valign_top type_default stacking_default\"><div class=\"wpb_column vc_column_container\"><div class=\"vc_column-inner\"><div class=\"wpb_text_column\"><div class=\"wpb_wrapper\"><h2 style=\"text-align: center;\">Comment nous vous <span style=\"color: #008da8;\">accompagnons<\/span><\/h2>\n<\/div><\/div><div class=\"w-separator size_medium\"><\/div><div class=\"wpb_text_column\"><div class=\"wpb_wrapper\"><p style=\"text-align: center;\"><span>Des services de support complets, con\u00e7us autour de vos besoins<\/span><\/p>\n<\/div><\/div><div class=\"w-separator size_medium\"><\/div><div class=\"g-cols wpb_row via_grid cols_4 laptops-cols_inherit tablets-cols_inherit mobiles-cols_1 valign_top type_default stacking_default\" style=\"--columns-gap:3rem;\"><div class=\"wpb_column vc_column_container us_custom_8f7b07a9 us_animate_this\"><div class=\"vc_column-inner\"><div class=\"w-iconbox iconabox-custom iconpos_top style_circle color_custom align_left\"><div class=\"w-iconbox-icon\" style=\"font-size:2rem;--icon-color:#008DA8;--icon-bg-color:rgba(0,141,168,0.2);\"><i class=\"fal fa-headset\"><\/i><\/div><div class=\"w-iconbox-meta\"><h4 class=\"w-iconbox-title\">Support 24\/7<\/h4><div class=\"w-iconbox-text\"><p><span>Assistance 24 h\/24 et 7 j\/7 pour les probl\u00e8mes critiques<\/span><\/p>\n<\/div><\/div><\/div><\/div><\/div><div class=\"wpb_column vc_column_container us_custom_de366d1c us_animate_this\"><div class=\"vc_column-inner\"><div class=\"w-iconbox iconabox-custom iconpos_top style_circle color_custom align_left\"><div class=\"w-iconbox-icon\" style=\"font-size:2rem;--icon-color:#008DA8;--icon-bg-color:rgba(0,141,168,0.2);\"><i class=\"fal fa-globe\"><\/i><\/div><div class=\"w-iconbox-meta\"><h4 class=\"w-iconbox-title\">Couverture mondiale<\/h4><div class=\"w-iconbox-text\"><p><span>Des \u00e9quipes de service dans plus de 50 pays \u00e0 travers le monde<\/span><\/p>\n<\/div><\/div><\/div><\/div><\/div><div class=\"wpb_column vc_column_container us_custom_de366d1c us_animate_this\"><div class=\"vc_column-inner\"><div class=\"w-iconbox iconabox-custom iconpos_top style_circle color_custom align_left\"><div class=\"w-iconbox-icon\" style=\"font-size:2rem;--icon-color:#008DA8;--icon-bg-color:rgba(0,141,168,0.2);\"><i class=\"fal fa-shield\"><\/i><\/div><div class=\"w-iconbox-meta\"><h4 class=\"w-iconbox-title\">Maintenance pr\u00e9ventive<\/h4><div class=\"w-iconbox-text\"><p><span>Maintenance proactive pour \u00e9viter les arr\u00eats de production<\/span><\/p>\n<\/div><\/div><\/div><\/div><\/div><div class=\"wpb_column vc_column_container us_custom_ff13c409 us_animate_this\"><div class=\"vc_column-inner\"><div class=\"w-iconbox iconabox-custom iconpos_top style_circle color_custom align_left\"><div class=\"w-iconbox-icon\" style=\"font-size:2rem;--icon-color:#008DA8;--icon-bg-color:rgba(0,141,168,0.2);\"><i class=\"fal fa-tachometer-alt-fast\"><\/i><\/div><div class=\"w-iconbox-meta\"><h4 class=\"w-iconbox-title\">R\u00e9ponse rapide<\/h4><div class=\"w-iconbox-text\"><p><span>Temps de r\u00e9ponse moyen inf\u00e9rieur \u00e0 2 heures<\/span><\/p>\n<\/div><\/div><\/div><\/div><\/div><\/div><\/div><\/div><\/div><\/div><\/section><section class=\"l-section wpb_row us_custom_cead63f3 has_text_color height_medium\"><div class=\"l-section-h i-cf\"><div class=\"g-cols vc_row via_grid cols_2 laptops-cols_inherit tablets-cols_inherit mobiles-cols_1 valign_middle type_default stacking_default\"><div class=\"wpb_column vc_column_container us_custom_7e20fa79 us_animate_this\"><div class=\"vc_column-inner\"><div class=\"w-image align_none\"><div class=\"w-image-h\"><img decoding=\"async\" width=\"1024\" height=\"690\" src=\"https:\/\/www.dromont.com\/wp-content\/uploads\/2026\/02\/Foto-news-e-Ticketing-1024x690.png\" class=\"attachment-large size-large\" alt=\"\" loading=\"lazy\" srcset=\"https:\/\/www.dromont.com\/wp-content\/uploads\/2026\/02\/Foto-news-e-Ticketing-1024x690.png 1024w, https:\/\/www.dromont.com\/wp-content\/uploads\/2026\/02\/Foto-news-e-Ticketing-300x202.png 300w, https:\/\/www.dromont.com\/wp-content\/uploads\/2026\/02\/Foto-news-e-Ticketing.png 1262w\" sizes=\"auto, (max-width: 1024px) 100vw, 1024px\" \/><\/div><\/div><\/div><\/div><div class=\"wpb_column vc_column_container us_custom_47474b22 us_animate_this\"><div class=\"vc_column-inner\"><div class=\"wpb_text_column\"><div class=\"wpb_wrapper\"><h2>Rencontrez notre \u00e9quipe<\/h2>\n<\/div><\/div><div class=\"w-separator size_small\"><\/div><div class=\"wpb_text_column us_custom_432d3f53\"><div class=\"wpb_wrapper\"><p>Notre \u00e9quipe de service client est compos\u00e9e de<span> <\/span><strong class=\"text-white\">professionnels hautement qualifi\u00e9s<\/strong><span> <\/span>aux parcours vari\u00e9s en ing\u00e9nierie, support technique et relation client.<\/p>\n<p>Chaque membre de l\u2019\u00e9quipe suit une formation rigoureuse afin de garantir une assistance experte pour l\u2019ensemble des produits et solutions Dromont.<\/p>\n<p>Avec des membres de l\u2019\u00e9quipe r\u00e9partis dans le monde entier, nous pouvons fournir<span> <\/span><strong class=\"text-white\">un support localis\u00e9<\/strong><span> <\/span>dans votre langue et votre fuseau horaire.<\/p>\n<\/div><\/div><div class=\"w-separator size_small\"><\/div><div class=\"w-btn-wrapper align_none\"><a class=\"w-btn us-btn-style_3\" href=\"https:\/\/service.dromont.com\/hc\/en-us\/requests\/new\"><span class=\"w-btn-label\">Contactez notre \u00e9quipe<\/span><\/a><\/div><\/div><\/div><\/div><\/div><\/section><section class=\"l-section wpb_row us_custom_c40575bf has_text_color us_animate_this height_medium\"><div class=\"l-section-h i-cf\"><div class=\"g-cols vc_row via_grid cols_1 laptops-cols_inherit tablets-cols_inherit mobiles-cols_1 valign_top type_default stacking_default\"><div class=\"wpb_column vc_column_container\"><div class=\"vc_column-inner\"><div class=\"wpb_text_column\"><div class=\"wpb_wrapper\"><h2 style=\"text-align: center;\">D\u00e9couvrez la diff\u00e9rence<\/h2>\n<\/div><\/div><div class=\"w-separator size_medium\"><\/div><div class=\"wpb_text_column\"><div class=\"wpb_wrapper\"><p style=\"text-align: center;\">D\u00e9couvrez pourquoi des clients du monde entier font confiance \u00e0 Dromont pour leurs besoins industriels en teinte et en dosage.<\/p>\n<\/div><\/div><div class=\"w-separator size_medium\"><\/div><div class=\"w-btn-wrapper align_center\"><a class=\"w-btn us-btn-style_3\" href=\"https:\/\/service.dromont.com\/hc\/en-us\/requests\/new\"><span class=\"w-btn-label\">Demander de l\u2019assistance<\/span><\/a><\/div><\/div><\/div><\/div><\/div><\/section>\n","protected":false},"excerpt":{"rendered":"Des personnes qui se soucient de vous Derri\u00e8re chaque machine, une \u00e9quipe est d\u00e9di\u00e9e \u00e0 votre r\u00e9ussite 97% Satisfaction client 2 h Temps de r\u00e9ponse moyen 50+ Pays desservis 24\/7 Disponibilit\u00e9 du support Notre philosophie Chez Dromont, nous pensons que un service client exceptionnel n\u2019est pas seulement un service : c\u2019est un \u00e9tat d\u2019esprit qui...","protected":false},"author":1,"featured_media":0,"parent":13882,"menu_order":0,"comment_status":"closed","ping_status":"closed","template":"","meta":{"_acf_changed":false,"footnotes":""},"class_list":["post-14058","page","type-page","status-publish","hentry"],"acf":[],"_links":{"self":[{"href":"https:\/\/www.dromont.com\/fr\/wp-json\/wp\/v2\/pages\/14058","targetHints":{"allow":["GET"]}}],"collection":[{"href":"https:\/\/www.dromont.com\/fr\/wp-json\/wp\/v2\/pages"}],"about":[{"href":"https:\/\/www.dromont.com\/fr\/wp-json\/wp\/v2\/types\/page"}],"author":[{"embeddable":true,"href":"https:\/\/www.dromont.com\/fr\/wp-json\/wp\/v2\/users\/1"}],"replies":[{"embeddable":true,"href":"https:\/\/www.dromont.com\/fr\/wp-json\/wp\/v2\/comments?post=14058"}],"version-history":[{"count":15,"href":"https:\/\/www.dromont.com\/fr\/wp-json\/wp\/v2\/pages\/14058\/revisions"}],"predecessor-version":[{"id":14232,"href":"https:\/\/www.dromont.com\/fr\/wp-json\/wp\/v2\/pages\/14058\/revisions\/14232"}],"up":[{"embeddable":true,"href":"https:\/\/www.dromont.com\/fr\/wp-json\/wp\/v2\/pages\/13882"}],"wp:attachment":[{"href":"https:\/\/www.dromont.com\/fr\/wp-json\/wp\/v2\/media?parent=14058"}],"curies":[{"name":"wp","href":"https:\/\/api.w.org\/{rel}","templated":true}]}}