{"id":14068,"date":"2026-01-12T16:46:31","date_gmt":"2026-01-12T16:46:31","guid":{"rendered":"https:\/\/www.dromont.com\/entreprise\/les-langhe\/"},"modified":"2026-02-19T09:29:01","modified_gmt":"2026-02-19T09:29:01","slug":"les-langhe","status":"publish","type":"page","link":"https:\/\/www.dromont.com\/fr\/entreprise\/les-langhe\/","title":{"rendered":"Les Langhe"},"content":{"rendered":"<section class=\"l-section wpb_row us_custom_0ec39924 has_text_color height_medium\"><div class=\"l-section-overlay\" style=\"background:rgba(26,26,26,0.5)\"><\/div><div class=\"l-section-h i-cf\"><div class=\"g-cols vc_row via_grid cols_1 laptops-cols_inherit tablets-cols_inherit mobiles-cols_1 valign_middle type_default stacking_default\"><div class=\"wpb_column vc_column_container\"><div class=\"vc_column-inner\"><div class=\"wpb_text_column\"><div class=\"wpb_wrapper\"><h1 style=\"text-align: center; font-weight: normal;\"><span>Les Langhe<\/span><\/h1>\n<\/div><\/div><div class=\"w-separator size_medium\"><\/div><div class=\"wpb_text_column\"><div class=\"wpb_wrapper\"><p style=\"text-align: center;\"><span>Site class\u00e9 au patrimoine mondial de l\u2019UNESCO, o\u00f9 la tradition rencontre l\u2019innovation<\/span><\/p>\n<\/div><\/div><\/div><\/div><\/div><\/div><\/section><section class=\"l-section wpb_row height_huge\"><div class=\"l-section-h i-cf\"><div class=\"g-cols vc_row via_grid cols_2 laptops-cols_inherit tablets-cols_inherit mobiles-cols_1 valign_middle type_default reversed stacking_default\"><div class=\"wpb_column vc_column_container us_custom_7e20fa79 us_animate_this\"><div class=\"vc_column-inner\"><div class=\"w-iconbox iconpos_left style_default color_primary align_left no_text\"><div class=\"w-iconbox-icon\" style=\"font-size:2rem;\"><i class=\"fal fa-map-marker\"><\/i><\/div><div class=\"w-iconbox-meta\"><p class=\"w-iconbox-title\">Pi\u00e9mont, Italie<\/p><\/div><\/div><div class=\"w-separator size_small\"><\/div><div class=\"wpb_text_column\"><div class=\"wpb_wrapper\"><h2>L\u00e0 o\u00f9 se trouve notre maison<\/h2>\n<\/div><\/div><div class=\"w-separator size_small\"><\/div><div class=\"wpb_text_column us_custom_432d3f53\"><div class=\"wpb_wrapper\"><p>Dromont est fi\u00e8rement implant\u00e9e au c\u0153ur de<span> <\/span><strong class=\"text-foreground\">Les Langhe<\/strong>, un site class\u00e9 au patrimoine mondial de l\u2019UNESCO, r\u00e9put\u00e9 pour ses paysages \u00e0 couper le souffle, ses vins d\u2019exception et son riche patrimoine culturel.<\/p>\n<p>Ce territoire unique a fa\u00e7onn\u00e9 notre identit\u00e9. La m\u00eame <span> <\/span><strong class=\"text-foreground\">attention aux d\u00e9tails<\/strong><span> <\/span>qui pr\u00e9side \u00e0 l\u2019\u00e9laboration de vins Barolo et Barbaresco de renomm\u00e9e mondiale se retrouve dans chaque machine que nous concevons.<\/p>\n<p>La r\u00e9gion des Langhe est un lieu o\u00f9 tradition et innovation coexistent harmonieusement, une philosophie qui d\u00e9crit parfaitement l\u2019approche de Dromont en mati\u00e8re de solutions industrielles.<\/p>\n<\/div><\/div><\/div><\/div><div class=\"wpb_column vc_column_container us_custom_47474b22 us_animate_this\"><div class=\"vc_column-inner\"><div class=\"w-image align_none\"><div class=\"w-image-h\"><img decoding=\"async\" width=\"1024\" height=\"1024\" src=\"https:\/\/www.dromont.com\/wp-content\/uploads\/2026\/01\/langhe-vineyards-rolling-hills-piedmont-italy-autu-e1771493232755.jpg\" class=\"attachment-large size-large\" alt=\"\" loading=\"lazy\" \/><\/div><\/div><\/div><\/div><\/div><\/div><\/section><section class=\"l-section wpb_row height_medium color_alternate\"><div class=\"l-section-h i-cf\"><div class=\"g-cols vc_row via_grid cols_1 laptops-cols_inherit tablets-cols_inherit mobiles-cols_1 valign_top type_default stacking_default\"><div class=\"wpb_column vc_column_container\"><div class=\"vc_column-inner\"><div class=\"wpb_text_column\"><div class=\"wpb_wrapper\"><h2 style=\"text-align: center;\">Une terre d\u2019<span style=\"color: #008da8;\">excellence<\/span><\/h2>\n<\/div><\/div><div class=\"w-separator size_medium\"><\/div><div class=\"wpb_text_column\"><div class=\"wpb_wrapper\"><p style=\"text-align: center;\"><span>Les vins l\u00e9gendaires qui rendent notre territoire mondialement c\u00e9l\u00e8bre<\/span><\/p>\n<\/div><\/div><div class=\"w-separator size_medium\"><\/div><div class=\"g-cols wpb_row via_grid cols_5 laptops-cols_inherit tablets-cols_inherit mobiles-cols_1 valign_top type_default stacking_default\" style=\"--columns-gap:3rem;\"><div class=\"wpb_column vc_column_container us_custom_4fb9e5a3 hover-effect has_bg_color\"><div class=\"vc_column-inner\"><div class=\"w-iconbox iconpos_top style_default color_custom align_center no_text no_title\"><div class=\"w-iconbox-icon\" style=\"font-size:4rem;--icon-color:#008DA8;\"><i class=\"fal fa-wine-glass-alt\"><\/i><\/div><div class=\"w-iconbox-meta\"><\/div><\/div><div class=\"w-separator size_small\"><\/div><div class=\"wpb_text_column\"><div class=\"wpb_wrapper\"><p style=\"text-align: center;\"><strong>Barolo<\/strong><br \/>Rouge DOCG<\/p>\n<\/div><\/div><\/div><\/div><div class=\"wpb_column vc_column_container us_custom_4fb9e5a3 hover-effect has_bg_color\"><div class=\"vc_column-inner\"><div class=\"w-iconbox iconpos_top style_default color_custom align_center no_text no_title\"><div class=\"w-iconbox-icon\" style=\"font-size:4rem;--icon-color:#008DA8;\"><i class=\"fal fa-wine-glass-alt\"><\/i><\/div><div class=\"w-iconbox-meta\"><\/div><\/div><div class=\"w-separator size_small\"><\/div><div class=\"wpb_text_column\"><div class=\"wpb_wrapper\"><p style=\"text-align: center;\"><strong>Barbaresco<\/strong><br \/>Rouge DOCG<\/p>\n<\/div><\/div><\/div><\/div><div class=\"wpb_column vc_column_container us_custom_4fb9e5a3 hover-effect has_bg_color\"><div class=\"vc_column-inner\"><div class=\"w-iconbox iconpos_top style_default color_custom align_center no_text no_title\"><div class=\"w-iconbox-icon\" style=\"font-size:4rem;--icon-color:#008DA8;\"><i class=\"fal fa-wine-glass-alt\"><\/i><\/div><div class=\"w-iconbox-meta\"><\/div><\/div><div class=\"w-separator size_small\"><\/div><div class=\"wpb_text_column\"><div class=\"wpb_wrapper\"><p style=\"text-align: center;\"><strong>Barbera d\u2019Alba<\/strong><br \/>Rouge DOC<\/p>\n<\/div><\/div><\/div><\/div><div class=\"wpb_column vc_column_container us_custom_4fb9e5a3 hover-effect has_bg_color\"><div class=\"vc_column-inner\"><div class=\"w-iconbox iconpos_top style_default color_custom align_center no_text no_title\"><div class=\"w-iconbox-icon\" style=\"font-size:4rem;--icon-color:#008DA8;\"><i class=\"fal fa-wine-glass-alt\"><\/i><\/div><div class=\"w-iconbox-meta\"><\/div><\/div><div class=\"w-separator size_small\"><\/div><div class=\"wpb_text_column\"><div class=\"wpb_wrapper\"><p style=\"text-align: center;\"><strong>Nebbiolo<\/strong><br \/>Rouge DOC<\/p>\n<\/div><\/div><\/div><\/div><div class=\"wpb_column vc_column_container us_custom_4fb9e5a3 hover-effect has_bg_color\"><div class=\"vc_column-inner\"><div class=\"w-iconbox iconpos_top style_default color_custom align_center no_text no_title\"><div class=\"w-iconbox-icon\" style=\"font-size:4rem;--icon-color:#008DA8;\"><i class=\"fal fa-wine-glass-alt\"><\/i><\/div><div class=\"w-iconbox-meta\"><\/div><\/div><div class=\"w-separator size_small\"><\/div><div class=\"wpb_text_column\"><div class=\"wpb_wrapper\"><p style=\"text-align: center;\"><strong>Dolcetto<\/strong><br \/>Rouge DOC<\/p>\n<\/div><\/div><\/div><\/div><\/div><\/div><\/div><\/div><\/div><\/section><section class=\"l-section wpb_row us_custom_0a2ffbe9 has_text_color height_huge\"><div class=\"l-section-h i-cf\"><div class=\"g-cols vc_row via_grid cols_2 laptops-cols_inherit tablets-cols_inherit mobiles-cols_1 valign_middle type_default reversed stacking_default\"><div class=\"wpb_column vc_column_container us_custom_47474b22 us_animate_this\"><div class=\"vc_column-inner\"><div class=\"w-image align_none\"><div class=\"w-image-h\"><img decoding=\"async\" width=\"1024\" height=\"1024\" src=\"https:\/\/www.dromont.com\/wp-content\/uploads\/2026\/01\/traditional-piedmont-winery-cellar-barrels-vintage-e1771493260786.jpg\" class=\"attachment-large size-large\" alt=\"\" loading=\"lazy\" \/><\/div><\/div><\/div><\/div><div class=\"wpb_column vc_column_container us_custom_7e20fa79 us_animate_this\"><div class=\"vc_column-inner\"><div class=\"wpb_text_column\"><div class=\"wpb_wrapper\"><h2 class=\"text-5xl font-light mb-8\">Le savoir-faire dans notre ADN<\/h2>\n<\/div><\/div><div class=\"w-separator size_small\"><\/div><div class=\"wpb_text_column us_custom_432d3f53\"><div class=\"wpb_wrapper\"><p>La r\u00e9gion des Langhe produit des vins d\u2019exception depuis des si\u00e8cles. Cette profonde <span> <\/span><strong class=\"text-white\">culture du savoir-faire<\/strong><span> <\/span>a fortement influenc\u00e9 l\u2019approche de Dromont en mati\u00e8re de fabrication.<\/p>\n<p>\u00c0 l\u2019image des vignerons qui soignent leurs vignes avec attention et \u00e9l\u00e8vent patiemment leurs vins, nous abordons chaque projet avec d\u00e9vouement, patience et un engagement ind\u00e9fectible envers la qualit\u00e9.<\/p>\n<p>Nos machines sont con\u00e7ues et fabriqu\u00e9es avec le m\u00eame<span> <\/span><strong class=\"text-white\">soin artisanal<\/strong><span> <\/span>qui a rendu les vins des Langhe c\u00e9l\u00e8bres dans le monde entier, en associant des techniques \u00e9prouv\u00e9es \u00e0 une technologie innovante.<\/p>\n<\/div><\/div><\/div><\/div><\/div><\/div><\/section><section class=\"l-section wpb_row height_medium\"><div class=\"l-section-h i-cf\"><div class=\"g-cols vc_row via_grid cols_1 laptops-cols_inherit tablets-cols_inherit mobiles-cols_1 valign_top type_default stacking_default\"><div class=\"wpb_column vc_column_container\"><div class=\"vc_column-inner\"><div class=\"wpb_text_column\"><div class=\"wpb_wrapper\"><h2 style=\"text-align: center;\">L\u2019<span style=\"color: #008da8;\">esprit<\/span> des Langhe<\/h2>\n<\/div><\/div><div class=\"w-separator size_medium\"><\/div><div class=\"wpb_text_column\"><div class=\"wpb_wrapper\"><p style=\"text-align: center;\"><span>Les valeurs que nous h\u00e9ritons de notre territoire d\u2019exception<\/span><\/p>\n<\/div><\/div><div class=\"w-separator size_medium\"><\/div><div class=\"g-cols wpb_row via_grid cols_4 laptops-cols_inherit tablets-cols_inherit mobiles-cols_1 valign_top type_default stacking_default\" style=\"--columns-gap:3rem;\"><div class=\"wpb_column vc_column_container\"><div class=\"vc_column-inner\"><div class=\"w-iconbox iconabox-custom iconpos_top style_circle color_custom align_left\"><div class=\"w-iconbox-icon\" style=\"font-size:2rem;--icon-color:#008DA8;--icon-bg-color:rgba(0,141,168,0.2);\"><i class=\"fal fa-award\"><\/i><\/div><div class=\"w-iconbox-meta\"><h4 class=\"w-iconbox-title\">Excellence<\/h4><div class=\"w-iconbox-text\"><p><span>Un engagement envers la qualit\u00e9 qui refl\u00e8te les traditions viticoles de notre r\u00e9gion.<\/span><\/p>\n<\/div><\/div><\/div><\/div><\/div><div class=\"wpb_column vc_column_container\"><div class=\"vc_column-inner\"><div class=\"w-iconbox iconabox-custom iconpos_top style_circle color_custom align_left\"><div class=\"w-iconbox-icon\" style=\"font-size:2rem;--icon-color:#008DA8;--icon-bg-color:rgba(0,141,168,0.2);\"><i class=\"fal fa-leaf\"><\/i><\/div><div class=\"w-iconbox-meta\"><h4 class=\"w-iconbox-title\">Durabilit\u00e9<\/h4><div class=\"w-iconbox-text\"><p><span>Le respect de l\u2019environnement et des pratiques durables dans tout ce que nous entreprenons.<\/span><\/p>\n<\/div><\/div><\/div><\/div><\/div><div class=\"wpb_column vc_column_container\"><div class=\"vc_column-inner\"><div class=\"w-iconbox iconabox-custom iconpos_top style_circle color_custom align_left\"><div class=\"w-iconbox-icon\" style=\"font-size:2rem;--icon-color:#008DA8;--icon-bg-color:rgba(0,141,168,0.2);\"><i class=\"fal fa-history\"><\/i><\/div><div class=\"w-iconbox-meta\"><h4 class=\"w-iconbox-title\">Tradition<\/h4><div class=\"w-iconbox-text\"><p><span>Un ancrage profond dans le savoir-faire pi\u00e9montais, alli\u00e9 \u00e0 l\u2019innovation moderne.<\/span><\/p>\n<\/div><\/div><\/div><\/div><\/div><div class=\"wpb_column vc_column_container\"><div class=\"vc_column-inner\"><div class=\"w-iconbox iconabox-custom iconpos_top style_circle color_custom align_left\"><div class=\"w-iconbox-icon\" style=\"font-size:2rem;--icon-color:#008DA8;--icon-bg-color:rgba(0,141,168,0.2);\"><i class=\"fal fa-mountains\"><\/i><\/div><div class=\"w-iconbox-meta\"><h4 class=\"w-iconbox-title\">R\u00e9silience<\/h4><div class=\"w-iconbox-text\"><p><span>La force et la d\u00e9termination qui caract\u00e9risent notre territoire et notre entreprise.<\/span><\/p>\n<\/div><\/div><\/div><\/div><\/div><\/div><\/div><\/div><\/div><\/div><\/section><section class=\"l-section wpb_row height_huge\"><div class=\"l-section-h i-cf\"><div class=\"g-cols vc_row via_grid cols_2 laptops-cols_inherit tablets-cols_inherit mobiles-cols_1 valign_middle type_default reversed stacking_default\"><div class=\"wpb_column vc_column_container us_custom_7e20fa79 us_animate_this\"><div class=\"vc_column-inner\"><div class=\"w-iconbox iconpos_left style_default color_primary align_left no_text\"><div class=\"w-iconbox-icon\" style=\"font-size:2rem;\"><i class=\"fal fa-certificate\"><\/i><\/div><div class=\"w-iconbox-meta\"><p class=\"w-iconbox-title\">Site class\u00e9 au patrimoine mondial de l\u2019UNESCO<\/p><\/div><\/div><div class=\"w-separator size_small\"><\/div><div class=\"wpb_text_column\"><div class=\"wpb_wrapper\"><h2 class=\"text-5xl font-light mb-8\">Un tr\u00e9sor prot\u00e9g\u00e9<\/h2>\n<\/div><\/div><div class=\"w-separator size_small\"><\/div><div class=\"wpb_text_column us_custom_432d3f53\"><div class=\"wpb_wrapper\"><p>En 2014, les paysages viticoles des Langhe-Roero et du Monferrato ont \u00e9t\u00e9 inscrits sur la Liste du patrimoine mondial de l\u2019UNESCO, reconnaissant leur<span> <\/span><strong class=\"text-foreground\">valeur universelle exceptionnelle<\/strong>.<\/p>\n<p>Cette prestigieuse distinction refl\u00e8te le paysage culturel exceptionnel fa\u00e7onn\u00e9 par des si\u00e8cles de tradition viticole, un paysage que Dromont est fier de consid\u00e9rer comme son foyer.<\/p>\n<p>Faire partie de ce territoire prot\u00e9g\u00e9 renforce notre engagement en faveur de<span> <\/span><strong class=\"text-foreground\">pratiques durables<\/strong><span> <\/span>et de la responsabilit\u00e9 environnementale dans l\u2019ensemble de nos activit\u00e9s.<\/p>\n<\/div><\/div><\/div><\/div><div class=\"wpb_column vc_column_container us_custom_47474b22 us_animate_this\"><div class=\"vc_column-inner\"><div class=\"w-image align_none\"><div class=\"w-image-h\"><img decoding=\"async\" width=\"1024\" height=\"1024\" src=\"https:\/\/www.dromont.com\/wp-content\/uploads\/2026\/01\/langhe-hills-unesco-world-heritage-site-panoramic--e1771493279644.jpg\" class=\"attachment-large size-large\" alt=\"\" loading=\"lazy\" \/><\/div><\/div><\/div><\/div><\/div><\/div><\/section><section class=\"l-section wpb_row us_custom_cead63f3 has_text_color height_medium\"><div class=\"l-section-h i-cf\"><div class=\"g-cols vc_row via_grid cols_2 laptops-cols_inherit tablets-cols_inherit mobiles-cols_1 valign_middle type_default stacking_default\"><div class=\"wpb_column vc_column_container\"><div class=\"vc_column-inner\"><div class=\"wpb_text_column\"><div class=\"wpb_wrapper\"><h2 class=\"text-5xl font-light mb-8\">Visiter les Langhe<\/h2>\n<\/div><\/div><div class=\"w-separator size_small\"><\/div><div class=\"wpb_text_column us_custom_432d3f53\"><div class=\"wpb_wrapper\"><p>D\u00e9couvrez la beaut\u00e9 des Langhe de vos propres yeux. Venez visiter Dromont et comprenez pourquoi cette r\u00e9gion class\u00e9e au patrimoine mondial de l\u2019UNESCO inspire tout ce que nous faisons. <\/p>\n<p>Notre si\u00e8ge est entour\u00e9 de certains des plus beaux paysages d\u2019Italie et de domaines viticoles l\u00e9gendaires. Associez votre visite d\u2019affaires \u00e0 une exp\u00e9rience culturelle inoubliable.<\/p>\n<\/div><\/div><div class=\"w-separator size_small\"><\/div><div class=\"w-btn-wrapper align_none\"><a class=\"w-btn us-btn-style_3\" target=\"_blank\" href=\"https:\/\/dromont-dev.com\/#contact-us\"><span class=\"w-btn-label\">Nous contacter<\/span><\/a><\/div><\/div><\/div><div class=\"wpb_column vc_column_container\"><div class=\"vc_column-inner\"><div class=\"w-image align_none\"><div class=\"w-image-h\"><img decoding=\"async\" width=\"1024\" height=\"768\" src=\"https:\/\/www.dromont.com\/wp-content\/uploads\/2026\/02\/Dromont-HQ-1024x768.jpeg\" class=\"attachment-large size-large\" alt=\"\" loading=\"lazy\" srcset=\"https:\/\/www.dromont.com\/wp-content\/uploads\/2026\/02\/Dromont-HQ-1024x768.jpeg 1024w, https:\/\/www.dromont.com\/wp-content\/uploads\/2026\/02\/Dromont-HQ-300x225.jpeg 300w, https:\/\/www.dromont.com\/wp-content\/uploads\/2026\/02\/Dromont-HQ.jpeg 2048w\" sizes=\"auto, (max-width: 1024px) 100vw, 1024px\" \/><\/div><\/div><\/div><\/div><\/div><\/div><\/section><section class=\"l-section wpb_row us_custom_548a4992 has_text_color height_medium width_full\"><div class=\"l-section-h i-cf\"><div class=\"g-cols vc_row via_grid cols_1-4-1 laptops-cols_inherit tablets-cols_inherit mobiles-cols_1 valign_top type_default stacking_default\"><div class=\"wpb_column vc_column_container\"><div class=\"vc_column-inner\"><\/div><\/div><div class=\"wpb_column vc_column_container\"><div class=\"vc_column-inner\"><div class=\"wpb_text_column\"><div class=\"wpb_wrapper\"><h4 style=\"text-align: center;\">Logiciels et automatisation d&rsquo;usine<br \/>\nArchitecture de pointe pour g\u00e9rer l&rsquo;ensemble de l&rsquo;usine<\/h4>\n<\/div><\/div><div class=\"w-separator size_medium\"><\/div><div class=\"wpb_text_column\"><div class=\"wpb_wrapper\"><p>Ce d\u00e9partement est en mesure de personnaliser le logiciel d&rsquo;interface selon les besoins exacts du client, de tester le logiciel avant l&rsquo;installation et de le programmer pour qu&rsquo;il communique avec les syst\u00e8mes du client. En utilisant la plateforme de base tr\u00e8s stable du logiciel Dromont, les ing\u00e9nieurs de Dromont sont ensuite en mesure de cr\u00e9er de nombreuses options diff\u00e9rentes qui permettront au client de g\u00e9rer l&rsquo;ensemble de l&rsquo;usine. <\/p>\n<p style=\"text-align: center;\">Logiciels et automatisation d&rsquo;usine offre \u00e0 l&rsquo;utilisateur une exp\u00e9rience enti\u00e8rement nouvelle, en fusionnant IHM, SCADA et MES en une solution unique. L&rsquo;architecture innovante permet une organisation centr\u00e9e sur le serveur remarquable, capable de coordonner et de connecter plusieurs clients, m\u00eame sur le web et avec des appareils mobiles. <\/p>\n<\/div><\/div><div class=\"w-separator size_medium\"><\/div><div class=\"w-btn-wrapper align_center\"><a class=\"w-btn us-btn-style_3\" href=\"https:\/\/dromont-dev.com\/fr\/?page_id=13915\"><span class=\"w-btn-label\">En savoir plus<\/span><\/a><\/div><\/div><\/div><div class=\"wpb_column vc_column_container\"><div class=\"vc_column-inner\"><\/div><\/div><\/div><\/div><\/section>\n\n","protected":false},"excerpt":{"rendered":"Les Langhe Site class\u00e9 au patrimoine mondial de l\u2019UNESCO, o\u00f9 la tradition rencontre l\u2019innovation Pi\u00e9mont, Italie L\u00e0 o\u00f9 se trouve notre maison Dromont est fi\u00e8rement implant\u00e9e au c\u0153ur de Les Langhe, un site class\u00e9 au patrimoine mondial de l\u2019UNESCO, r\u00e9put\u00e9 pour ses paysages \u00e0 couper le souffle, ses vins d\u2019exception et son riche patrimoine culturel....","protected":false},"author":1,"featured_media":0,"parent":13981,"menu_order":0,"comment_status":"closed","ping_status":"closed","template":"","meta":{"_acf_changed":false,"footnotes":""},"class_list":["post-14068","page","type-page","status-publish","hentry"],"acf":[],"_links":{"self":[{"href":"https:\/\/www.dromont.com\/fr\/wp-json\/wp\/v2\/pages\/14068","targetHints":{"allow":["GET"]}}],"collection":[{"href":"https:\/\/www.dromont.com\/fr\/wp-json\/wp\/v2\/pages"}],"about":[{"href":"https:\/\/www.dromont.com\/fr\/wp-json\/wp\/v2\/types\/page"}],"author":[{"embeddable":true,"href":"https:\/\/www.dromont.com\/fr\/wp-json\/wp\/v2\/users\/1"}],"replies":[{"embeddable":true,"href":"https:\/\/www.dromont.com\/fr\/wp-json\/wp\/v2\/comments?post=14068"}],"version-history":[{"count":5,"href":"https:\/\/www.dromont.com\/fr\/wp-json\/wp\/v2\/pages\/14068\/revisions"}],"predecessor-version":[{"id":14224,"href":"https:\/\/www.dromont.com\/fr\/wp-json\/wp\/v2\/pages\/14068\/revisions\/14224"}],"up":[{"embeddable":true,"href":"https:\/\/www.dromont.com\/fr\/wp-json\/wp\/v2\/pages\/13981"}],"wp:attachment":[{"href":"https:\/\/www.dromont.com\/fr\/wp-json\/wp\/v2\/media?parent=14068"}],"curies":[{"name":"wp","href":"https:\/\/api.w.org\/{rel}","templated":true}]}}