{"id":14521,"date":"2026-02-26T14:07:54","date_gmt":"2026-02-26T14:07:54","guid":{"rendered":"https:\/\/www.dromont.com\/donnees-de-lentreprise\/"},"modified":"2026-02-26T14:08:58","modified_gmt":"2026-02-26T14:08:58","slug":"donnees-de-lentreprise","status":"publish","type":"page","link":"https:\/\/www.dromont.com\/fr\/donnees-de-lentreprise\/","title":{"rendered":"Donn\u00e9es de l&rsquo;entreprise"},"content":{"rendered":"<section class=\"l-section wpb_row height_medium\"><div class=\"l-section-h i-cf\"><div class=\"g-cols vc_row via_grid cols_1 laptops-cols_inherit tablets-cols_inherit mobiles-cols_1 valign_top type_default stacking_default\"><div class=\"wpb_column vc_column_container\"><div class=\"vc_column-inner\"><div class=\"wpb_text_column\"><div class=\"wpb_wrapper\"><h1>Donn\u00e9es de l&rsquo;entreprise<\/h1>\n<\/div><\/div><div class=\"w-separator size_medium\"><\/div><div class=\"wpb_text_column\"><div class=\"wpb_wrapper\"><p><span data-olk-copy-source=\"MessageBody\">Dromont S.p.a.<\/span><\/p>\n<p><span data-olk-copy-source=\"MessageBody\">Loc. Piana Gallo, Via Borzone, 42 &#8211; Grinzane Cavour (CN) &#8211; 12060 &#8211; Italie<\/span><\/p>\n<p><span data-olk-copy-source=\"MessageBody\">C.F.\/P.Iva 02023900042<\/span><\/p>\n<p>Registre des soci\u00e9t\u00e9s Bureau d&rsquo;enregistrement : 02023900042<\/p>\n<p>Num\u00e9ro REA : CN &#8211; 149986<\/p>\n<p>Capital social et capital lib\u00e9r\u00e9 : 1 000 000,00 \u20ac enti\u00e8rement lib\u00e9r\u00e9<\/p>\n<p>&nbsp;<\/p>\n<\/div><\/div><\/div><\/div><\/div><\/div><\/section>\n","protected":false},"excerpt":{"rendered":"Donn\u00e9es de l&rsquo;entreprise Dromont S.p.a. Loc. Piana Gallo, Via Borzone, 42 &#8211; Grinzane Cavour (CN) &#8211; 12060 &#8211; Italie C.F.\/P.Iva 02023900042 Registre des soci\u00e9t\u00e9s Bureau d&rsquo;enregistrement : 02023900042 Num\u00e9ro REA : CN &#8211; 149986 Capital social et capital lib\u00e9r\u00e9 : 1 000 000,00 \u20ac enti\u00e8rement lib\u00e9r\u00e9 &nbsp;","protected":false},"author":1,"featured_media":0,"parent":0,"menu_order":0,"comment_status":"closed","ping_status":"closed","template":"","meta":{"_acf_changed":false,"footnotes":""},"class_list":["post-14521","page","type-page","status-publish","hentry"],"acf":[],"_links":{"self":[{"href":"https:\/\/www.dromont.com\/fr\/wp-json\/wp\/v2\/pages\/14521","targetHints":{"allow":["GET"]}}],"collection":[{"href":"https:\/\/www.dromont.com\/fr\/wp-json\/wp\/v2\/pages"}],"about":[{"href":"https:\/\/www.dromont.com\/fr\/wp-json\/wp\/v2\/types\/page"}],"author":[{"embeddable":true,"href":"https:\/\/www.dromont.com\/fr\/wp-json\/wp\/v2\/users\/1"}],"replies":[{"embeddable":true,"href":"https:\/\/www.dromont.com\/fr\/wp-json\/wp\/v2\/comments?post=14521"}],"version-history":[{"count":4,"href":"https:\/\/www.dromont.com\/fr\/wp-json\/wp\/v2\/pages\/14521\/revisions"}],"predecessor-version":[{"id":14525,"href":"https:\/\/www.dromont.com\/fr\/wp-json\/wp\/v2\/pages\/14521\/revisions\/14525"}],"wp:attachment":[{"href":"https:\/\/www.dromont.com\/fr\/wp-json\/wp\/v2\/media?parent=14521"}],"curies":[{"name":"wp","href":"https:\/\/api.w.org\/{rel}","templated":true}]}}